{"id":355,"date":"2016-02-20T23:49:41","date_gmt":"2016-02-20T23:49:41","guid":{"rendered":"https:\/\/sustainhuts.eu\/home\/"},"modified":"2020-05-14T08:44:19","modified_gmt":"2020-05-14T08:44:19","slug":"inicio","status":"publish","type":"page","link":"https:\/\/sustainhuts.eu\/es\/","title":{"rendered":"Inicio"},"content":{"rendered":"[vc_row center_row=&#8221;yes&#8221; css=&#8221;.vc_custom_1456098257818{padding-top: 100px !important;padding-bottom: 60px !important;}&#8221;][vc_column width=&#8221;1\/3&#8243;]<div class=\"vcex-module vcex-icon-box vcex-icon-box-two wpex-relative wpex-text-center\"><div class=\"vcex-icon-box-symbol wpex-mb-20\"><div class=\"vcex-icon-box-icon wpex-inline-flex wpex-items-center wpex-justify-center wpex-child-inherit-color wpex-text-center wpex-leading-none wpex-text-black\" style=\"color:#ffffff;font-size:36px;border-radius:50%;background:#9cc900;width:80px;height:80px;\"><span class=\"typcn typcn-leaf\" aria-hidden=\"true\"><\/span><\/div><\/div><div class=\"vcex-icon-box-text\"><h2 class=\"vcex-icon-box-heading wpex-heading wpex-text-md wpex-mb-10\" style=\"font-size:21px;\">Proyecto Sostenible<\/h2><div class=\"vcex-icon-box-content wpex-last-mb-0 wpex-clr\"><p>Mejorar la <strong>sostenibilidad<\/strong> de los refugios de monta\u00f1a, por medio de la integraci\u00f3n de energ\u00edas renovables, mejoras de eficiencia, y aislamiento.<\/p>\n<\/div><\/div><\/div>[\/vc_column][vc_column width=&#8221;1\/3&#8243;]<div class=\"vcex-module vcex-icon-box vcex-icon-box-two wpex-relative wpex-text-center\"><div class=\"vcex-icon-box-symbol wpex-mb-20\"><div class=\"vcex-icon-box-icon wpex-inline-flex wpex-items-center wpex-justify-center wpex-child-inherit-color wpex-text-center wpex-leading-none wpex-text-black\" style=\"color:#ffffff;font-size:36px;border-radius:50%;background:#9cc900;width:80px;height:80px;\"><span class=\"typcn typcn-home\" aria-hidden=\"true\"><\/span><\/div><\/div><div class=\"vcex-icon-box-text\"><h2 class=\"vcex-icon-box-heading wpex-heading wpex-text-md wpex-mb-10\" style=\"font-size:21px;\">Doce refugios<\/h2><div class=\"vcex-icon-box-content wpex-last-mb-0 wpex-clr\"><p>Demostraci\u00f3n en <strong>12 refugios<\/strong> de 4 pa\u00edses europeos<strong> (ciclo de hidr\u00f3geno en uno de ellos)<\/strong><\/p>\n<\/div><\/div><\/div>[\/vc_column][vc_column width=&#8221;1\/3&#8243;]<div class=\"vcex-module vcex-icon-box vcex-icon-box-two wpex-relative wpex-text-center\"><div class=\"vcex-icon-box-symbol wpex-mb-20\"><div class=\"vcex-icon-box-icon wpex-inline-flex wpex-items-center wpex-justify-center wpex-child-inherit-color wpex-text-center wpex-leading-none wpex-text-black\" style=\"color:#ffffff;font-size:34px;border-radius:50%;background:#9cc900;width:80px;height:80px;\"><span class=\"ticon ticon-circle-o-notch\" aria-hidden=\"true\"><\/span><\/div><\/div><div class=\"vcex-icon-box-text\"><h2 class=\"vcex-icon-box-heading wpex-heading wpex-text-md wpex-mb-10\" style=\"font-size:21px;\">Proyecto Expandible<\/h2><div class=\"vcex-icon-box-content wpex-last-mb-0 wpex-clr\"><p><strong>Replicable<\/strong> a otras instalaciones aisladas<\/p>\n<\/div><\/div><\/div>[\/vc_column][\/vc_row][vc_row parallax=&#8221;content-moving-fade&#8221; center_row=&#8221;yes&#8221; css=&#8221;.vc_custom_1482687852600{padding-top: 140px !important;padding-bottom: 100px !important;background: #000000 url(https:\/\/sustainhuts.eu\/wp-content\/uploads\/2016\/02\/sustain-huts-project-.jpg?id=114);background-position: center;background-repeat: no-repeat !important;background-size: cover !important;}&#8221;][vc_column width=&#8221;1\/4&#8243;]<div class=\"vcex-module vcex-icon vcex-icon-normal wpex-float-none wpex-m-auto wpex-text-center\" style=\"font-size:52px;\"><div class=\"vcex-icon-wrap wpex-inline-flex wpex-items-center wpex-justify-center wpex-leading-none\" style=\"color:#ffffff;\"><span class=\"ticon ticon-arrow-down\"><\/span><\/div><\/div><div class=\"vcex-spacing wpex-w-100 wpex-clear\" style=\"height:30px;\"><\/div><div class=\"vcex-module vcex-milestone wpex-text-center wpex-clr\"><div class=\"vcex-milestone-inner wpex-inline-block\"><div class=\"vcex-milestone-desc\"><div class=\"vcex-milestone-number wpex-leading-none wpex-font-semibold\" style=\"color:#ffffff;\"><span class=\"vcex-milestone-time vcex-countup\" data-options=\"{&quot;startVal&quot;:0,&quot;endVal&quot;:10,&quot;duration&quot;:0.5,&quot;decimals&quot;:0,&quot;separator&quot;:&quot;,&quot;,&quot;decimal&quot;:&quot;.&quot;,&quot;animateOnScroll&quot;:false}\">0<\/span><span class=\"vcex-milestone-after\">t\/a<\/span><\/div><div class=\"vcex-milestone-caption wpex-mt-5 wpex-font-light wpex-text-lg\" style=\"color:#ffffff;\">CO2<\/div><\/div><\/div><\/div>[\/vc_column][vc_column width=&#8221;1\/4&#8243;]<div class=\"vcex-module vcex-icon vcex-icon-normal wpex-float-none wpex-m-auto wpex-text-center\" style=\"font-size:52px;\"><div class=\"vcex-icon-wrap wpex-inline-flex wpex-items-center wpex-justify-center wpex-leading-none\" style=\"color:#ffffff;\"><span class=\"ticon ticon-arrow-down\"><\/span><\/div><\/div><div class=\"vcex-spacing wpex-w-100 wpex-clear\" style=\"height:30px;\"><\/div><div class=\"vcex-module vcex-milestone wpex-text-center wpex-clr\"><div class=\"vcex-milestone-inner wpex-inline-block\"><div class=\"vcex-milestone-desc\"><div class=\"vcex-milestone-number wpex-leading-none wpex-font-semibold\" style=\"color:#ffffff;\"><span class=\"vcex-milestone-time vcex-countup\" data-options=\"{&quot;startVal&quot;:0,&quot;endVal&quot;:0.06,&quot;duration&quot;:2.5,&quot;decimals&quot;:1,&quot;separator&quot;:&quot;,&quot;,&quot;decimal&quot;:&quot;.&quot;,&quot;animateOnScroll&quot;:false}\">0<\/span><span class=\"vcex-milestone-after\">t\/a<\/span><\/div><div class=\"vcex-milestone-caption wpex-mt-5 wpex-font-light wpex-text-lg\" style=\"color:#ffffff;\">NOx<\/div><\/div><\/div><\/div>[\/vc_column][vc_column width=&#8221;1\/4&#8243;]<div class=\"vcex-module vcex-icon vcex-icon-normal wpex-float-none wpex-m-auto wpex-text-center\" style=\"font-size:52px;\"><div class=\"vcex-icon-wrap wpex-inline-flex wpex-items-center wpex-justify-center wpex-leading-none\" style=\"color:#ffffff;\"><span class=\"ticon ticon-arrow-down\"><\/span><\/div><\/div><div class=\"vcex-spacing wpex-w-100 wpex-clear\" style=\"height:30px;\"><\/div><div class=\"vcex-module vcex-milestone wpex-text-center wpex-clr\"><div class=\"vcex-milestone-inner wpex-inline-block\"><div class=\"vcex-milestone-desc\"><div class=\"vcex-milestone-number wpex-leading-none wpex-font-semibold\" style=\"color:#ffffff;\"><span class=\"vcex-milestone-time vcex-countup\" data-options=\"{&quot;startVal&quot;:0,&quot;endVal&quot;:20,&quot;duration&quot;:2.5,&quot;decimals&quot;:0,&quot;separator&quot;:&quot;,&quot;,&quot;decimal&quot;:&quot;.&quot;,&quot;animateOnScroll&quot;:false}\">0<\/span><span class=\"vcex-milestone-after\">%<\/span><\/div><div class=\"vcex-milestone-caption wpex-mt-5 wpex-font-light wpex-text-lg\" style=\"color:#ffffff;\">Energ\u00eda<\/div><\/div><\/div><\/div>[\/vc_column][vc_column width=&#8221;1\/4&#8243;]<div class=\"vcex-module vcex-icon vcex-icon-normal wpex-float-none wpex-m-auto wpex-text-center\" style=\"font-size:52px;\"><div class=\"vcex-icon-wrap wpex-inline-flex wpex-items-center wpex-justify-center wpex-leading-none\" style=\"color:#ffffff;\"><span class=\"ticon ticon-arrow-down\"><\/span><\/div><\/div><div class=\"vcex-spacing wpex-w-100 wpex-clear\" style=\"height:30px;\"><\/div><div class=\"vcex-module vcex-milestone wpex-text-center wpex-clr\"><div class=\"vcex-milestone-inner wpex-inline-block\"><div class=\"vcex-milestone-desc\"><div class=\"vcex-milestone-number wpex-leading-none wpex-font-semibold\" style=\"color:#ffffff;\"><span class=\"vcex-milestone-time vcex-countup\" data-options=\"{&quot;startVal&quot;:0,&quot;endVal&quot;:1.5,&quot;duration&quot;:2.5,&quot;decimals&quot;:0,&quot;separator&quot;:&quot;,&quot;,&quot;decimal&quot;:&quot;.&quot;,&quot;animateOnScroll&quot;:false}\">0<\/span><span class=\"vcex-milestone-after\">t\/a<\/span><\/div><div class=\"vcex-milestone-caption wpex-mt-5 wpex-font-light wpex-text-lg\" style=\"color:#ffffff;\">Queroseno<\/div><\/div><\/div><\/div>[\/vc_column][\/vc_row][vc_row center_row=&#8221;yes&#8221; css=&#8221;.vc_custom_1456097558482{padding-top: 60px !important;padding-bottom: 20px !important;}&#8221;][vc_column width=&#8221;1\/2&#8243;]<div class=\"vcex-heading vcex-module wpex-text-2xl wpex-font-normal wpex-m-auto wpex-max-w-100 vcex-heading-plain wpex-block\" style=\"font-size:42px;line-height:1.2em;\"><span class=\"vcex-heading-inner wpex-inline-block wpex-clr\">Life <span style=\"color:#9cc900\">Sustain<\/span>Huts<\/span><\/div><div class=\"vcex-spacing wpex-w-100 wpex-clear\" style=\"height:20px;\"><\/div>[vc_column_text]Es un proyecto demostrativo orientado a reducir las emisiones de CO2 en medioambientes naturales por medio de actuaciones de implementaci\u00f3n en refugios de monta\u00f1a de soluciones novedosas y originales basadas en energ\u00edas renovables. Este proyecto va a permitir a las autoridades locales disponer de varios lugares de demostraci\u00f3n que va a permitir empezar a idear un plan de acci\u00f3n para la reducci\u00f3n de emisiones en construcciones del mismo tipo que los refugios, como pueden ser hoteles en parques naturales o lugares donde la naturaleza es una componente importante, o en otras zonas tur\u00edsticas en lugares aislados (por ejemplo islas).<\/p>\n<p>Las diferentes tecnolog\u00edas a aplicar se basar\u00e1n en fotovoltaica, micro-hidr\u00e1ulica, micro-e\u00f3lica, pilas de combustible, electrolizadores, almacenamiento de hidr\u00f3geno as\u00ed como nuevos materiales de aislamiento. Todas estas tecnolog\u00edas se instalar\u00e1n en diferentes refugios de monta\u00f1a para demostrar, mostrar y educar en la adaptaci\u00f3n al cambio clim\u00e1tico.[\/vc_column_text]<div class=\"vcex-spacing wpex-w-100 wpex-clear\" style=\"height:20px;\"><\/div>[\/vc_column][vc_column width=&#8221;1\/2&#8243;]<div class=\"vcex-spacing wpex-w-100 wpex-clear\" style=\"height:20px;\"><\/div>[vc_single_image image=&#8221;373&#8243; img_size=&#8221;400&#215;400&#8243; css_animation=&#8221;appear&#8221; alignment=&#8221;center&#8221;][\/vc_column][\/vc_row][vc_row center_row=&#8221;yes&#8221; css=&#8221;.vc_custom_1482769468732{padding-top: 60px !important;padding-bottom: 20px !important;background-color: #f7f7f7 !important;border-radius: 1px !important;}&#8221;][vc_column width=&#8221;2\/3&#8243;]<div class=\"vcex-heading vcex-module wpex-text-2xl wpex-font-normal wpex-m-auto wpex-max-w-100 vcex-heading-plain wpex-block wpex-text-left\" style=\"font-size:42px;line-height:1.2em;\"><span class=\"vcex-heading-inner wpex-inline-block wpex-clr\">\u00daltimas <span style=\"color:#9cc900\">Noticias<\/span><\/span><\/div><div class=\"vcex-spacing wpex-w-100 wpex-clear\" style=\"height:30px;\"><\/div><div class=\"vcex-module vcex-blog-grid-wrap wpex-clr\"><div class=\"wpex-row vcex-blog-grid wpex-clr entries\"><div class=\"vcex-blog-entry vcex-grid-item entry-has-details span_1_of_2 col-1 col post-1444 entry type-post has-media cat-17\"><div class=\"vcex-blog-entry-inner entry-inner wpex-first-mt-0 wpex-last-mb-0 wpex-clr\"><div class=\"vcex-blog-entry-media entry-media\"><a href=\"https:\/\/sustainhuts.eu\/es\/descubre-las-guias-finales-del-proyecto\/\" title=\"Descubre las gu\u00edas finales del proyecto\"><img decoding=\"async\" width=\"240\" height=\"147\" src=\"https:\/\/sustainhuts.eu\/wp-content\/uploads\/2016\/12\/logo-sustain.png\" class=\"vcex-blog-entry-img wpex-align-middle\" alt=\"\" loading=\"lazy\" \/><\/a><\/div><div class=\"vcex-blog-entry-details entry-details wpex-bordered wpex-first-mt-0 wpex-last-mb-0 wpex-clr\"><h2 class=\"vcex-blog-entry-title entry-title wpex-mb-5\"><a href=\"https:\/\/sustainhuts.eu\/es\/descubre-las-guias-finales-del-proyecto\/\">Descubre las gu\u00edas finales del proyecto<\/a><\/h2><div class=\"vcex-blog-entry-date entry-date wpex-text-sm wpex-text-gray-600 wpex-mb-5\">February 15, 2022<\/div><div class=\"vcex-blog-entry-excerpt entry-excerpt wpex-my-15 wpex-last-mb-0 wpex-clr\"><p>Hemos elaborado las siguientes gu\u00edas sobre los diferentes resultados obtenidos en el proyecto con el&hellip;<\/p><\/div><div class=\"vcex-blog-entry-readmore-wrap entry-readmore-wrap wpex-my-15 wpex-clr\"><a href=\"https:\/\/sustainhuts.eu\/es\/descubre-las-guias-finales-del-proyecto\/\" class=\"theme-button\">Leer m\u00e1s<\/a><\/div><\/div><\/div><\/div><div class=\"vcex-blog-entry vcex-grid-item entry-has-details span_1_of_2 col-2 col post-1404 entry type-post has-media cat-17 post_format-130\"><div class=\"vcex-blog-entry-inner entry-inner wpex-first-mt-0 wpex-last-mb-0 wpex-clr\"><div class=\"vcex-blog-entry-media entry-media\"><a href=\"https:\/\/sustainhuts.eu\/es\/en-ruta-con-sustainhuts\/\" title=\"En ruta con SustainHuts. De viaje con SustainHuts. El proyecto re\u00fane a 3 conocidos divulgadores cient\u00edficos.\"><img decoding=\"async\" width=\"2560\" height=\"1440\" src=\"https:\/\/sustainhuts.eu\/wp-content\/uploads\/2022\/01\/11-scaled.jpg\" class=\"vcex-blog-entry-img wpex-align-middle\" alt=\"\" loading=\"lazy\" srcset=\"https:\/\/sustainhuts.eu\/wp-content\/uploads\/2022\/01\/11-scaled.jpg 2560w, https:\/\/sustainhuts.eu\/wp-content\/uploads\/2022\/01\/11-300x169.jpg 300w, https:\/\/sustainhuts.eu\/wp-content\/uploads\/2022\/01\/11-1024x576.jpg 1024w, https:\/\/sustainhuts.eu\/wp-content\/uploads\/2022\/01\/11-768x432.jpg 768w, https:\/\/sustainhuts.eu\/wp-content\/uploads\/2022\/01\/11-1536x864.jpg 1536w, https:\/\/sustainhuts.eu\/wp-content\/uploads\/2022\/01\/11-2048x1152.jpg 2048w, https:\/\/sustainhuts.eu\/wp-content\/uploads\/2022\/01\/11-24x14.jpg 24w, https:\/\/sustainhuts.eu\/wp-content\/uploads\/2022\/01\/11-36x20.jpg 36w, https:\/\/sustainhuts.eu\/wp-content\/uploads\/2022\/01\/11-48x27.jpg 48w\" sizes=\"auto, (max-width: 2560px) 100vw, 2560px\" \/><\/a><\/div><div class=\"vcex-blog-entry-details entry-details wpex-bordered wpex-first-mt-0 wpex-last-mb-0 wpex-clr\"><h2 class=\"vcex-blog-entry-title entry-title wpex-mb-5\"><a href=\"https:\/\/sustainhuts.eu\/es\/en-ruta-con-sustainhuts\/\">En ruta con SustainHuts. De viaje con SustainHuts. El proyecto re\u00fane a 3 conocidos divulgadores cient\u00edficos.<\/a><\/h2><div class=\"vcex-blog-entry-date entry-date wpex-text-sm wpex-text-gray-600 wpex-mb-5\">January 25, 2022<\/div><div class=\"vcex-blog-entry-excerpt entry-excerpt wpex-my-15 wpex-last-mb-0 wpex-clr\"><p>SustainHuts est\u00e1 orientado a reducir las emisiones de CO2 en medioambientes naturales por medio de&hellip;<\/p><\/div><div class=\"vcex-blog-entry-readmore-wrap entry-readmore-wrap wpex-my-15 wpex-clr\"><a href=\"https:\/\/sustainhuts.eu\/es\/en-ruta-con-sustainhuts\/\" class=\"theme-button\">Leer m\u00e1s<\/a><\/div><\/div><\/div><\/div><\/div><\/div>[\/vc_column][vc_column width=&#8221;1\/3&#8243;]<div class=\"vcex-heading vcex-module wpex-text-2xl wpex-font-normal wpex-m-auto wpex-max-w-100 vcex-heading-plain wpex-block wpex-text-left\" style=\"font-size:42px;line-height:1.2em;\"><span class=\"vcex-heading-inner wpex-inline-block wpex-clr\">Links<\/span><\/div><div class=\"vcex-spacing wpex-w-100 wpex-clear\" style=\"height:30px;\"><\/div><div class=\"textcenter theme-button-wrap wpex-clr\"><a href=\"http:\/\/ec.europa.eu\/environment\/life\/project\/Projects\/index.cfm\" class=\"vcex-button theme-button large align-center inline\" target=\"_blank\" style=\"background:#744a26;color:#ffffff;\" rel=\"noopener noreferrer\" data-wpex-hover='{&quot;background&quot;:&quot;#9cc900&quot;,&quot;color&quot;:&quot;#ffffff&quot;}'><span class=\"theme-button-inner\">Environment Life Programme<\/span><\/a><\/div> [\/vc_column][\/vc_row]\n","protected":false},"excerpt":{"rendered":"<p>[vc_row center_row=&#8221;yes&#8221; css=&#8221;.vc_custom_1456098257818{padding-top: 100px !important;padding-bottom: 60px !important;}&#8221;][vc_column width=&#8221;1\/3&#8243;][\/vc_column][vc_column width=&#8221;1\/3&#8243;][\/vc_column][vc_column width=&#8221;1\/3&#8243;][\/vc_column][\/vc_row][vc_row parallax=&#8221;content-moving-fade&#8221; center_row=&#8221;yes&#8221; css=&#8221;.vc_custom_1482687852600{padding-top: 140px !important;padding-bottom: 100px !important;background: #000000 url(https:\/\/sustainhuts.eu\/wp-content\/uploads\/2016\/02\/sustain-huts-project-.jpg?id=114);background-position: center;background-repeat: no-repeat !important;background-size: cover !important;}&#8221;][vc_column width=&#8221;1\/4&#8243;][\/vc_column][vc_column width=&#8221;1\/4&#8243;][\/vc_column][vc_column width=&#8221;1\/4&#8243;][\/vc_column][vc_column width=&#8221;1\/4&#8243;][\/vc_column][\/vc_row][vc_row center_row=&#8221;yes&#8221; css=&#8221;.vc_custom_1456097558482{padding-top: 60px !important;padding-bottom: 20px !important;}&#8221;][vc_column width=&#8221;1\/2&#8243;][vc_column_text]Es un proyecto demostrativo orientado a reducir las emisiones de CO2 en medioambientes naturales por medio de actuaciones de implementaci\u00f3n en&hellip;<\/p>\n","protected":false},"author":8,"featured_media":0,"parent":0,"menu_order":0,"comment_status":"closed","ping_status":"closed","template":"","meta":{"footnotes":""},"class_list":["post-355","page","type-page","status-publish","hentry","entry","has-media"],"yoast_head":"<!-- This site is optimized with the Yoast SEO plugin v27.3 - https:\/\/yoast.com\/product\/yoast-seo-wordpress\/ -->\n<title>SustainHuts - Proyecto demostrativo orientado a reducir las emisiones de CO2 en medioambientes naturales por medio de actuaciones en refugios de monta\u00f1a<\/title>\n<meta name=\"description\" content=\"Es un proyecto demostrativo orientado a reducir las emisiones de CO2 en medioambientes naturales por medio de actuaciones en refugios de monta\u00f1a\" \/>\n<meta name=\"robots\" content=\"index, follow, max-snippet:-1, max-image-preview:large, max-video-preview:-1\" \/>\n<link rel=\"canonical\" href=\"https:\/\/sustainhuts.eu\/es\/\" \/>\n<meta property=\"og:locale\" content=\"es_ES\" \/>\n<meta property=\"og:type\" content=\"article\" \/>\n<meta property=\"og:title\" content=\"SustainHuts - Proyecto demostrativo orientado a reducir las emisiones de CO2 en medioambientes naturales por medio de actuaciones en refugios de monta\u00f1a\" \/>\n<meta property=\"og:description\" content=\"Es un proyecto demostrativo orientado a reducir las emisiones de CO2 en medioambientes naturales por medio de actuaciones en refugios de monta\u00f1a\" \/>\n<meta property=\"og:url\" content=\"https:\/\/sustainhuts.eu\/es\/\" \/>\n<meta property=\"og:site_name\" content=\"SustainHuts\" \/>\n<meta property=\"article:modified_time\" content=\"2020-05-14T08:44:19+00:00\" \/>\n<meta name=\"twitter:card\" content=\"summary_large_image\" \/>\n<meta name=\"twitter:label1\" content=\"Tiempo de lectura\" \/>\n\t<meta name=\"twitter:data1\" content=\"4 minutes\" \/>\n<script type=\"application\/ld+json\" class=\"yoast-schema-graph\">{\"@context\":\"https:\\\/\\\/schema.org\",\"@graph\":[{\"@type\":\"WebPage\",\"@id\":\"https:\\\/\\\/sustainhuts.eu\\\/es\\\/\",\"url\":\"https:\\\/\\\/sustainhuts.eu\\\/es\\\/\",\"name\":\"SustainHuts - Proyecto demostrativo orientado a reducir las emisiones de CO2 en medioambientes naturales por medio de actuaciones en refugios de monta\u00f1a\",\"isPartOf\":{\"@id\":\"https:\\\/\\\/sustainhuts.eu\\\/#website\"},\"datePublished\":\"2016-02-20T23:49:41+00:00\",\"dateModified\":\"2020-05-14T08:44:19+00:00\",\"description\":\"Es un proyecto demostrativo orientado a reducir las emisiones de CO2 en medioambientes naturales por medio de actuaciones en refugios de monta\u00f1a\",\"breadcrumb\":{\"@id\":\"https:\\\/\\\/sustainhuts.eu\\\/es\\\/#breadcrumb\"},\"inLanguage\":\"es-ES\",\"potentialAction\":[{\"@type\":\"ReadAction\",\"target\":[\"https:\\\/\\\/sustainhuts.eu\\\/es\\\/\"]}]},{\"@type\":\"BreadcrumbList\",\"@id\":\"https:\\\/\\\/sustainhuts.eu\\\/es\\\/#breadcrumb\",\"itemListElement\":[{\"@type\":\"ListItem\",\"position\":1,\"name\":\"Home\",\"item\":\"https:\\\/\\\/sustainhuts.eu\\\/es\\\/\"},{\"@type\":\"ListItem\",\"position\":2,\"name\":\"Inicio\"}]},{\"@type\":\"WebSite\",\"@id\":\"https:\\\/\\\/sustainhuts.eu\\\/#website\",\"url\":\"https:\\\/\\\/sustainhuts.eu\\\/\",\"name\":\"SustainHuts\",\"description\":\"Sustainable Mountain Huts\",\"publisher\":{\"@id\":\"https:\\\/\\\/sustainhuts.eu\\\/#organization\"},\"potentialAction\":[{\"@type\":\"SearchAction\",\"target\":{\"@type\":\"EntryPoint\",\"urlTemplate\":\"https:\\\/\\\/sustainhuts.eu\\\/?s={search_term_string}\"},\"query-input\":{\"@type\":\"PropertyValueSpecification\",\"valueRequired\":true,\"valueName\":\"search_term_string\"}}],\"inLanguage\":\"es-ES\"},{\"@type\":\"Organization\",\"@id\":\"https:\\\/\\\/sustainhuts.eu\\\/#organization\",\"name\":\"SustainHuts\",\"url\":\"https:\\\/\\\/sustainhuts.eu\\\/\",\"logo\":{\"@type\":\"ImageObject\",\"inLanguage\":\"es-ES\",\"@id\":\"https:\\\/\\\/sustainhuts.eu\\\/#\\\/schema\\\/logo\\\/image\\\/\",\"url\":\"https:\\\/\\\/sustainhuts.eu\\\/wp-content\\\/uploads\\\/2016\\\/12\\\/logo-sustain.png\",\"contentUrl\":\"https:\\\/\\\/sustainhuts.eu\\\/wp-content\\\/uploads\\\/2016\\\/12\\\/logo-sustain.png\",\"width\":240,\"height\":147,\"caption\":\"SustainHuts\"},\"image\":{\"@id\":\"https:\\\/\\\/sustainhuts.eu\\\/#\\\/schema\\\/logo\\\/image\\\/\"}}]}<\/script>\n<!-- \/ Yoast SEO plugin. -->","yoast_head_json":{"title":"SustainHuts - Proyecto demostrativo orientado a reducir las emisiones de CO2 en medioambientes naturales por medio de actuaciones en refugios de monta\u00f1a","description":"Es un proyecto demostrativo orientado a reducir las emisiones de CO2 en medioambientes naturales por medio de actuaciones en refugios de monta\u00f1a","robots":{"index":"index","follow":"follow","max-snippet":"max-snippet:-1","max-image-preview":"max-image-preview:large","max-video-preview":"max-video-preview:-1"},"canonical":"https:\/\/sustainhuts.eu\/es\/","og_locale":"es_ES","og_type":"article","og_title":"SustainHuts - Proyecto demostrativo orientado a reducir las emisiones de CO2 en medioambientes naturales por medio de actuaciones en refugios de monta\u00f1a","og_description":"Es un proyecto demostrativo orientado a reducir las emisiones de CO2 en medioambientes naturales por medio de actuaciones en refugios de monta\u00f1a","og_url":"https:\/\/sustainhuts.eu\/es\/","og_site_name":"SustainHuts","article_modified_time":"2020-05-14T08:44:19+00:00","twitter_card":"summary_large_image","twitter_misc":{"Tiempo de lectura":"4 minutes"},"schema":{"@context":"https:\/\/schema.org","@graph":[{"@type":"WebPage","@id":"https:\/\/sustainhuts.eu\/es\/","url":"https:\/\/sustainhuts.eu\/es\/","name":"SustainHuts - Proyecto demostrativo orientado a reducir las emisiones de CO2 en medioambientes naturales por medio de actuaciones en refugios de monta\u00f1a","isPartOf":{"@id":"https:\/\/sustainhuts.eu\/#website"},"datePublished":"2016-02-20T23:49:41+00:00","dateModified":"2020-05-14T08:44:19+00:00","description":"Es un proyecto demostrativo orientado a reducir las emisiones de CO2 en medioambientes naturales por medio de actuaciones en refugios de monta\u00f1a","breadcrumb":{"@id":"https:\/\/sustainhuts.eu\/es\/#breadcrumb"},"inLanguage":"es-ES","potentialAction":[{"@type":"ReadAction","target":["https:\/\/sustainhuts.eu\/es\/"]}]},{"@type":"BreadcrumbList","@id":"https:\/\/sustainhuts.eu\/es\/#breadcrumb","itemListElement":[{"@type":"ListItem","position":1,"name":"Home","item":"https:\/\/sustainhuts.eu\/es\/"},{"@type":"ListItem","position":2,"name":"Inicio"}]},{"@type":"WebSite","@id":"https:\/\/sustainhuts.eu\/#website","url":"https:\/\/sustainhuts.eu\/","name":"SustainHuts","description":"Sustainable Mountain Huts","publisher":{"@id":"https:\/\/sustainhuts.eu\/#organization"},"potentialAction":[{"@type":"SearchAction","target":{"@type":"EntryPoint","urlTemplate":"https:\/\/sustainhuts.eu\/?s={search_term_string}"},"query-input":{"@type":"PropertyValueSpecification","valueRequired":true,"valueName":"search_term_string"}}],"inLanguage":"es-ES"},{"@type":"Organization","@id":"https:\/\/sustainhuts.eu\/#organization","name":"SustainHuts","url":"https:\/\/sustainhuts.eu\/","logo":{"@type":"ImageObject","inLanguage":"es-ES","@id":"https:\/\/sustainhuts.eu\/#\/schema\/logo\/image\/","url":"https:\/\/sustainhuts.eu\/wp-content\/uploads\/2016\/12\/logo-sustain.png","contentUrl":"https:\/\/sustainhuts.eu\/wp-content\/uploads\/2016\/12\/logo-sustain.png","width":240,"height":147,"caption":"SustainHuts"},"image":{"@id":"https:\/\/sustainhuts.eu\/#\/schema\/logo\/image\/"}}]}},"_links":{"self":[{"href":"https:\/\/sustainhuts.eu\/es\/wp-json\/wp\/v2\/pages\/355","targetHints":{"allow":["GET"]}}],"collection":[{"href":"https:\/\/sustainhuts.eu\/es\/wp-json\/wp\/v2\/pages"}],"about":[{"href":"https:\/\/sustainhuts.eu\/es\/wp-json\/wp\/v2\/types\/page"}],"author":[{"embeddable":true,"href":"https:\/\/sustainhuts.eu\/es\/wp-json\/wp\/v2\/users\/8"}],"replies":[{"embeddable":true,"href":"https:\/\/sustainhuts.eu\/es\/wp-json\/wp\/v2\/comments?post=355"}],"version-history":[{"count":15,"href":"https:\/\/sustainhuts.eu\/es\/wp-json\/wp\/v2\/pages\/355\/revisions"}],"predecessor-version":[{"id":997,"href":"https:\/\/sustainhuts.eu\/es\/wp-json\/wp\/v2\/pages\/355\/revisions\/997"}],"wp:attachment":[{"href":"https:\/\/sustainhuts.eu\/es\/wp-json\/wp\/v2\/media?parent=355"}],"curies":[{"name":"wp","href":"https:\/\/api.w.org\/{rel}","templated":true}]}}