{"id":362,"date":"2016-12-25T21:33:41","date_gmt":"2016-12-25T21:33:41","guid":{"rendered":"https:\/\/sustainhuts.eu\/project\/"},"modified":"2020-05-14T08:52:52","modified_gmt":"2020-05-14T08:52:52","slug":"proyecto","status":"publish","type":"page","link":"https:\/\/sustainhuts.eu\/es\/proyecto\/","title":{"rendered":"Proyecto"},"content":{"rendered":"[vc_row css=&#8221;.vc_custom_1456355408550{margin-top: 40px !important;}&#8221;][vc_column]<h2 class=\"vcex-heading vcex-module wpex-text-2xl wpex-font-normal wpex-m-auto wpex-max-w-100 vcex-heading-plain wpex-block wpex-text-center\" style=\"font-size:30px;\"><span class=\"vcex-heading-inner wpex-inline-block wpex-clr\">Life SustainHuts<\/span><\/h2><div class=\"vcex-spacing wpex-w-100 wpex-clear\" style=\"height:10px;\"><\/div>[vc_column_text]El proyecto LIFE SUSTAINHUTS, que puede traducirse como\u00a0<em>Refugios Sostenibles<\/em>, pretende modernizar y optimizar desde el punto de vista energ\u00e9tico doce refugios de monta\u00f1a de cuatro pa\u00edses europeos, con la finalidad de reducir sus emisiones contaminantes.[\/vc_column_text][\/vc_column][\/vc_row][vc_row css=&#8221;.vc_custom_1456355415446{margin-bottom: 60px !important;}&#8221;][vc_column width=&#8221;1\/3&#8243;][vc_single_image image=&#8221;186&#8243; img_size=&#8221;350&#215;440&#8243;][\/vc_column][vc_column width=&#8221;2\/3&#8243;][vc_column_text]La modernizaci\u00f3n energ\u00e9tica consistir\u00e1 en la optimizaci\u00f3n de la gesti\u00f3n de energ\u00eda en el refugio, la mejora de su aislamiento y la instalaci\u00f3n de tecnolog\u00edas basadas en energ\u00edas renovables, incluyendo la incorporaci\u00f3n de un sistema completo de producci\u00f3n, almacenamiento y utilizaci\u00f3n de hidr\u00f3geno renovable en uno de los refugios aragoneses, el de Bachima\u00f1a. Mediante la implementaci\u00f3n de estas mejoras se pretende conseguir una mejora de la eficiencia energ\u00e9tica en un 20%, una reducci\u00f3n de las emisiones contaminantes de CO\u2082\u00a0(di\u00f3xido de carbono) en 10 toneladas al a\u00f1o por refugio y las de NO<sub>X<\/sub>\u00a0(\u00f3xidos de nitr\u00f3geno) en 0,06 toneladas por a\u00f1o y refugio, as\u00ed como disminuir el n\u00famero de viajes en helic\u00f3ptero que se realizan hasta ellos para suministrar el combustible actual, con un ahorro estimado de una tonelada y media al a\u00f1o de queroseno.<\/p>\n<p>Como resultado del proyecto se confeccionar\u00e1n una serie de \u00a0gu\u00edas metodol\u00f3gicas que permitan replicar las soluciones desarrolladas en los refugios, de forma que las mejoras medioambientales conseguidas puedan ser reproducidas en un futuro a otras localizaciones, tanto europeas como de todo el mundo.<\/p>\n<p>El consorcio que desarrolla SustainHuts est\u00e1 formado por la <a href=\"http:\/\/hidrogenoaragon.org\/\" target=\"_blank\" rel=\"noopener noreferrer\">Fundaci\u00f3n para el desarrollo de las nuevas tecnolog\u00edas del hidr\u00f3geno en Arag\u00f3n<\/a> (coordinador), la <a href=\"https:\/\/www.fam.es\/\" target=\"_blank\" rel=\"noopener noreferrer\">Federaci\u00f3n Aragonesa de Monta\u00f1ismo<\/a> (Espa\u00f1a), el <a href=\"https:\/\/www.cai.it\/\" target=\"_blank\" rel=\"noopener noreferrer\">Club alpino italiano<\/a> secci\u00f3n Tur\u00edn (Italia), <a href=\"https:\/\/www.envipark.com\/en\/\" target=\"_blank\" rel=\"noopener noreferrer\">Environmental Park<\/a> (Italia), la <a href=\"https:\/\/en.pzs.si\/\" target=\"_blank\" rel=\"noopener noreferrer\">Asociaci\u00f3n Alpina de Eslovenia<\/a>, el Centro de tecnolog\u00edas del hidr\u00f3geno de Eslovenia, la <a href=\"https:\/\/www.fs.uni-lj.si\/en\/\" target=\"_blank\" rel=\"noopener noreferrer\">Universidad de Liubliana<\/a> (Eslovenia) y la <a href=\"https:\/\/www.ffcam.fr\/\" target=\"_blank\" rel=\"noopener noreferrer\">Federaci\u00f3n francesa de clubs alpinos y de monta\u00f1a<\/a> (Francia), incorporada tras el inicio del proyecto. Anteriormente, el proyecto cont\u00f3 con un socio rumano, la Universidad Transilvania de Bra\u0219ov, si bien este abandon\u00f3 el proyecto tras el primer a\u00f1o.[\/vc_column_text][\/vc_column][\/vc_row][vc_row full_width=&#8221;stretch_row&#8221; css=&#8221;.vc_custom_1482751232608{border-top-width: 1px !important;border-bottom-width: 1px !important;padding-top: 80px !important;padding-bottom: 10px !important;background-color: #f3f1eb !important;border-top-color: #e6e2d6 !important;border-top-style: solid !important;border-bottom-color: #e6e2d6 !important;border-bottom-style: solid !important;}&#8221;][vc_column][vc_row_inner][vc_column_inner]<h2 class=\"vcex-heading vcex-module wpex-text-2xl wpex-font-normal wpex-m-auto wpex-max-w-100 vcex-heading-plain wpex-block wpex-text-left\" style=\"font-size:30px;\"><span class=\"vcex-heading-inner wpex-inline-block wpex-clr\">Objetivos<\/span><\/h2><div class=\"vcex-spacing wpex-w-100 wpex-clear\" style=\"height:20px;\"><\/div>[vc_column_text]\n<ul>\n<li>Creaci\u00f3n de una campa\u00f1a de evaluaci\u00f3n de recursos adaptada a las condiciones extremas de la monta\u00f1a.<\/li>\n<li>Dise\u00f1o y simulaci\u00f3n de instalaciones renovables teniendo en cuenta diferentes entornos de monta\u00f1a.<\/li>\n<li>Dise\u00f1o de un ciclo completo de producci\u00f3n de hidr\u00f3geno mediante energ\u00edas renovables (producci\u00f3n v\u00eda electr\u00f3lisis, almacenamiento a presi\u00f3n y producci\u00f3n de electricidad por medio de pila de combustible).<\/li>\n<li>Reducci\u00f3n de la dependencia de combustibles f\u00f3siles (di\u00e9sel y gas propano).<\/li>\n<li>Selecci\u00f3n e instalaci\u00f3n de materiales aislantes de nueva generaci\u00f3n.<\/li>\n<li>Implementaci\u00f3n y demostraci\u00f3n en 12 refugios clasificados por altitud: 1 refugio demostrativo a baja altitud (&lt;1.000 m), 3 refugios demostrativos a altitud media (1.000 m\u20112.000 m), 7 refugios demostrativos a alta altitud (2.000 m\u20113.000 m) y 1 refugio demostrativo a altitud extremadamente alta (&gt;3.000 m).<\/li>\n<li>An\u00e1lisis de evaluaci\u00f3n de ciclo de vida con el objeto de determinar el impacto medioambiental de las nuevas tecnolog\u00edas implementadas frete a las utilizadas en la actualidad.<\/li>\n<li>Extrapolar los resultados a otras zonas de monta\u00f1a e instalaciones.<\/li>\n<li>Impacto del proyecto en el \u00e1mbito nacional e internacional.<\/li>\n<\/ul>\n[\/vc_column_text][\/vc_column_inner][\/vc_row_inner][\/vc_column][\/vc_row][vc_row css=&#8221;.vc_custom_1482750817081{margin-top: 80px !important;margin-bottom: 60px !important;}&#8221;][vc_column]<h2 class=\"vcex-heading vcex-module wpex-text-2xl wpex-font-normal wpex-m-auto wpex-max-w-100 vcex-heading-plain wpex-block wpex-text-center\" style=\"font-size:30px;\"><span class=\"vcex-heading-inner wpex-inline-block wpex-clr\">Resultados esperados<\/span><\/h2><div class=\"vcex-spacing wpex-w-100 wpex-clear\" style=\"height:10px;\"><\/div>[vc_column_text]\n<p style=\"text-align: center;\">Se pretende conseguir una mejora de la eficiencia energ\u00e9tica en un 20%, una reducci\u00f3n de las emisiones contaminantes de CO\u2082 (di\u00f3xido de carbono) en 10 toneladas al a\u00f1o por refugio y de NO<sub>X<\/sub> (\u00f3xidos de nitr\u00f3geno) en 0,06 toneladas por a\u00f1o y refugio. Adem\u00e1s, se busca reducir en 15 el n\u00famero de viajes en helic\u00f3ptero que se realizan hasta cada refugio para suministrar el combustible actual, con un ahorro estimado de una 1,5 toneladas al a\u00f1o de queroseno.<\/p>\n[\/vc_column_text][\/vc_column][\/vc_row][vc_row full_width=&#8221;stretch_row&#8221; css=&#8221;.vc_custom_1482751232608{border-top-width: 1px !important;border-bottom-width: 1px !important;padding-top: 80px !important;padding-bottom: 10px !important;background-color: #f3f1eb !important;border-top-color: #e6e2d6 !important;border-top-style: solid !important;border-bottom-color: #e6e2d6 !important;border-bottom-style: solid !important;}&#8221;][vc_column]<h2 class=\"vcex-heading vcex-module wpex-text-2xl wpex-font-normal wpex-m-auto wpex-max-w-100 vcex-heading-plain wpex-block wpex-text-left\" style=\"font-size:30px;\"><span class=\"vcex-heading-inner wpex-inline-block wpex-clr\">Acciones<\/span><\/h2><div class=\"vcex-spacing wpex-w-100 wpex-clear\" style=\"height:20px;\"><\/div>[vc_row_inner][vc_column_inner width=&#8221;1\/2&#8243;][vc_column_text]<strong>1.Acciones preparatorias<\/strong><\/p>\n<p style=\"padding-left: 30px;\">&#8211; Recursos renovables, permisos y autorizaciones<\/p>\n<p><strong>2.Compra \/ alquiler de terrenos (sin acciones en SUSTAINHUTS)<\/strong><\/p>\n<p><strong>3.Acciones de implementaci\u00f3n<\/strong><\/p>\n<p style=\"padding-left: 30px;\">&#8211; Producci\u00f3n de energ\u00eda renovable<br \/>\n&#8211; Producci\u00f3n de hidr\u00f3geno renovable<br \/>\n&#8211; Eficiencia energ\u00e9tica y nuevos materiales aislantes<br \/>\n&#8211;\u00a0Ejecuci\u00f3n de instalaciones de demostraci\u00f3n<br \/>\n&#8211; An\u00e1lisis de ciclo de vida<br \/>\n&#8211; Replicaci\u00f3n y transferencia de resultados<br \/>\n&#8211; Gu\u00edas y metodolog\u00edas<\/p>\n[\/vc_column_text][\/vc_column_inner][vc_column_inner width=&#8221;1\/2&#8243;][vc_column_text]<strong>4.Monitorizaci\u00f3n del impacto de las acciones<\/strong><\/p>\n<p style=\"padding-left: 30px;\">&#8211; Monitorizaci\u00f3n del impacto de las acciones<br \/>\n&#8211; Evaluaci\u00f3n del plan de divulagaci\u00f3n<\/p>\n<p><strong>5.Comunicaci\u00f3n y divulgaci\u00f3n de resultados<\/strong><\/p>\n<p style=\"padding-left: 30px;\">&#8211; Desarrollo y actualizaciones del plan de divulgaci\u00f3n<br \/>\n&#8211; Ejecuci\u00f3n del plan de divulgaci\u00f3n<\/p>\n<p><strong>6.Gesti\u00f3n del proyecto<\/strong><\/p>\n<p style=\"padding-left: 30px;\">&#8211; Gesti\u00f3n del proyecto por FHA<br \/>\n&#8211; Plan de comunicaci\u00f3n y conservaci\u00f3n (After LIFE)<\/p>\n[\/vc_column_text][\/vc_column_inner][\/vc_row_inner][\/vc_column][\/vc_row]\n","protected":false},"excerpt":{"rendered":"<p>[vc_row css=&#8221;.vc_custom_1456355408550{margin-top: 40px !important;}&#8221;][vc_column][vc_column_text]El proyecto LIFE SUSTAINHUTS, que puede traducirse como\u00a0Refugios Sostenibles, pretende modernizar y optimizar desde el punto de vista energ\u00e9tico doce refugios de monta\u00f1a de cuatro pa\u00edses europeos, con la finalidad de reducir sus emisiones contaminantes.[\/vc_column_text][\/vc_column][\/vc_row][vc_row css=&#8221;.vc_custom_1456355415446{margin-bottom: 60px !important;}&#8221;][vc_column width=&#8221;1\/3&#8243;][vc_single_image image=&#8221;186&#8243; img_size=&#8221;350&#215;440&#8243;][\/vc_column][vc_column width=&#8221;2\/3&#8243;][vc_column_text]La modernizaci\u00f3n energ\u00e9tica consistir\u00e1 en la optimizaci\u00f3n de la gesti\u00f3n de&hellip;<\/p>\n","protected":false},"author":8,"featured_media":0,"parent":0,"menu_order":2,"comment_status":"closed","ping_status":"closed","template":"","meta":{"footnotes":""},"class_list":["post-362","page","type-page","status-publish","hentry","entry","no-media"],"yoast_head":"<!-- This site is optimized with the Yoast SEO plugin v27.3 - https:\/\/yoast.com\/product\/yoast-seo-wordpress\/ -->\n<title>SustainHuts - El proyecto LIFE SUSTAINHUTS, pretende modernizar y optimizar desde el punto de vista energ\u00e9tico nueve refugios de monta\u00f1a de cuatro pa\u00edses europeos<\/title>\n<meta name=\"description\" content=\"El proyecto LIFE SUSTAINHUTS, pretende modernizar y optimizar desde el punto de vista energ\u00e9tico nueve refugios de monta\u00f1a de cuatro pa\u00edses europeos\" \/>\n<meta name=\"robots\" content=\"index, follow, max-snippet:-1, max-image-preview:large, max-video-preview:-1\" \/>\n<link rel=\"canonical\" href=\"https:\/\/sustainhuts.eu\/es\/proyecto\/\" \/>\n<meta property=\"og:locale\" content=\"es_ES\" \/>\n<meta property=\"og:type\" content=\"article\" \/>\n<meta property=\"og:title\" content=\"SustainHuts - El proyecto LIFE SUSTAINHUTS, pretende modernizar y optimizar desde el punto de vista energ\u00e9tico nueve refugios de monta\u00f1a de cuatro pa\u00edses europeos\" \/>\n<meta property=\"og:description\" content=\"El proyecto LIFE SUSTAINHUTS, pretende modernizar y optimizar desde el punto de vista energ\u00e9tico nueve refugios de monta\u00f1a de cuatro pa\u00edses europeos\" \/>\n<meta property=\"og:url\" content=\"https:\/\/sustainhuts.eu\/es\/proyecto\/\" \/>\n<meta property=\"og:site_name\" content=\"SustainHuts\" \/>\n<meta property=\"article:modified_time\" content=\"2020-05-14T08:52:52+00:00\" \/>\n<meta name=\"twitter:card\" content=\"summary_large_image\" \/>\n<meta name=\"twitter:label1\" content=\"Tiempo de lectura\" \/>\n\t<meta name=\"twitter:data1\" content=\"5 minutes\" \/>\n<script type=\"application\/ld+json\" class=\"yoast-schema-graph\">{\"@context\":\"https:\\\/\\\/schema.org\",\"@graph\":[{\"@type\":\"WebPage\",\"@id\":\"https:\\\/\\\/sustainhuts.eu\\\/es\\\/proyecto\\\/\",\"url\":\"https:\\\/\\\/sustainhuts.eu\\\/es\\\/proyecto\\\/\",\"name\":\"SustainHuts - El proyecto LIFE SUSTAINHUTS, pretende modernizar y optimizar desde el punto de vista energ\u00e9tico nueve refugios de monta\u00f1a de cuatro pa\u00edses europeos\",\"isPartOf\":{\"@id\":\"https:\\\/\\\/sustainhuts.eu\\\/#website\"},\"datePublished\":\"2016-12-25T21:33:41+00:00\",\"dateModified\":\"2020-05-14T08:52:52+00:00\",\"description\":\"El proyecto LIFE SUSTAINHUTS, pretende modernizar y optimizar desde el punto de vista energ\u00e9tico nueve refugios de monta\u00f1a de cuatro pa\u00edses europeos\",\"breadcrumb\":{\"@id\":\"https:\\\/\\\/sustainhuts.eu\\\/es\\\/proyecto\\\/#breadcrumb\"},\"inLanguage\":\"es-ES\",\"potentialAction\":[{\"@type\":\"ReadAction\",\"target\":[\"https:\\\/\\\/sustainhuts.eu\\\/es\\\/proyecto\\\/\"]}]},{\"@type\":\"BreadcrumbList\",\"@id\":\"https:\\\/\\\/sustainhuts.eu\\\/es\\\/proyecto\\\/#breadcrumb\",\"itemListElement\":[{\"@type\":\"ListItem\",\"position\":1,\"name\":\"Home\",\"item\":\"https:\\\/\\\/sustainhuts.eu\\\/es\\\/\"},{\"@type\":\"ListItem\",\"position\":2,\"name\":\"Proyecto\"}]},{\"@type\":\"WebSite\",\"@id\":\"https:\\\/\\\/sustainhuts.eu\\\/#website\",\"url\":\"https:\\\/\\\/sustainhuts.eu\\\/\",\"name\":\"SustainHuts\",\"description\":\"Sustainable Mountain Huts\",\"publisher\":{\"@id\":\"https:\\\/\\\/sustainhuts.eu\\\/#organization\"},\"potentialAction\":[{\"@type\":\"SearchAction\",\"target\":{\"@type\":\"EntryPoint\",\"urlTemplate\":\"https:\\\/\\\/sustainhuts.eu\\\/?s={search_term_string}\"},\"query-input\":{\"@type\":\"PropertyValueSpecification\",\"valueRequired\":true,\"valueName\":\"search_term_string\"}}],\"inLanguage\":\"es-ES\"},{\"@type\":\"Organization\",\"@id\":\"https:\\\/\\\/sustainhuts.eu\\\/#organization\",\"name\":\"SustainHuts\",\"url\":\"https:\\\/\\\/sustainhuts.eu\\\/\",\"logo\":{\"@type\":\"ImageObject\",\"inLanguage\":\"es-ES\",\"@id\":\"https:\\\/\\\/sustainhuts.eu\\\/#\\\/schema\\\/logo\\\/image\\\/\",\"url\":\"https:\\\/\\\/sustainhuts.eu\\\/wp-content\\\/uploads\\\/2016\\\/12\\\/logo-sustain.png\",\"contentUrl\":\"https:\\\/\\\/sustainhuts.eu\\\/wp-content\\\/uploads\\\/2016\\\/12\\\/logo-sustain.png\",\"width\":240,\"height\":147,\"caption\":\"SustainHuts\"},\"image\":{\"@id\":\"https:\\\/\\\/sustainhuts.eu\\\/#\\\/schema\\\/logo\\\/image\\\/\"}}]}<\/script>\n<!-- \/ Yoast SEO plugin. -->","yoast_head_json":{"title":"SustainHuts - El proyecto LIFE SUSTAINHUTS, pretende modernizar y optimizar desde el punto de vista energ\u00e9tico nueve refugios de monta\u00f1a de cuatro pa\u00edses europeos","description":"El proyecto LIFE SUSTAINHUTS, pretende modernizar y optimizar desde el punto de vista energ\u00e9tico nueve refugios de monta\u00f1a de cuatro pa\u00edses europeos","robots":{"index":"index","follow":"follow","max-snippet":"max-snippet:-1","max-image-preview":"max-image-preview:large","max-video-preview":"max-video-preview:-1"},"canonical":"https:\/\/sustainhuts.eu\/es\/proyecto\/","og_locale":"es_ES","og_type":"article","og_title":"SustainHuts - El proyecto LIFE SUSTAINHUTS, pretende modernizar y optimizar desde el punto de vista energ\u00e9tico nueve refugios de monta\u00f1a de cuatro pa\u00edses europeos","og_description":"El proyecto LIFE SUSTAINHUTS, pretende modernizar y optimizar desde el punto de vista energ\u00e9tico nueve refugios de monta\u00f1a de cuatro pa\u00edses europeos","og_url":"https:\/\/sustainhuts.eu\/es\/proyecto\/","og_site_name":"SustainHuts","article_modified_time":"2020-05-14T08:52:52+00:00","twitter_card":"summary_large_image","twitter_misc":{"Tiempo de lectura":"5 minutes"},"schema":{"@context":"https:\/\/schema.org","@graph":[{"@type":"WebPage","@id":"https:\/\/sustainhuts.eu\/es\/proyecto\/","url":"https:\/\/sustainhuts.eu\/es\/proyecto\/","name":"SustainHuts - El proyecto LIFE SUSTAINHUTS, pretende modernizar y optimizar desde el punto de vista energ\u00e9tico nueve refugios de monta\u00f1a de cuatro pa\u00edses europeos","isPartOf":{"@id":"https:\/\/sustainhuts.eu\/#website"},"datePublished":"2016-12-25T21:33:41+00:00","dateModified":"2020-05-14T08:52:52+00:00","description":"El proyecto LIFE SUSTAINHUTS, pretende modernizar y optimizar desde el punto de vista energ\u00e9tico nueve refugios de monta\u00f1a de cuatro pa\u00edses europeos","breadcrumb":{"@id":"https:\/\/sustainhuts.eu\/es\/proyecto\/#breadcrumb"},"inLanguage":"es-ES","potentialAction":[{"@type":"ReadAction","target":["https:\/\/sustainhuts.eu\/es\/proyecto\/"]}]},{"@type":"BreadcrumbList","@id":"https:\/\/sustainhuts.eu\/es\/proyecto\/#breadcrumb","itemListElement":[{"@type":"ListItem","position":1,"name":"Home","item":"https:\/\/sustainhuts.eu\/es\/"},{"@type":"ListItem","position":2,"name":"Proyecto"}]},{"@type":"WebSite","@id":"https:\/\/sustainhuts.eu\/#website","url":"https:\/\/sustainhuts.eu\/","name":"SustainHuts","description":"Sustainable Mountain Huts","publisher":{"@id":"https:\/\/sustainhuts.eu\/#organization"},"potentialAction":[{"@type":"SearchAction","target":{"@type":"EntryPoint","urlTemplate":"https:\/\/sustainhuts.eu\/?s={search_term_string}"},"query-input":{"@type":"PropertyValueSpecification","valueRequired":true,"valueName":"search_term_string"}}],"inLanguage":"es-ES"},{"@type":"Organization","@id":"https:\/\/sustainhuts.eu\/#organization","name":"SustainHuts","url":"https:\/\/sustainhuts.eu\/","logo":{"@type":"ImageObject","inLanguage":"es-ES","@id":"https:\/\/sustainhuts.eu\/#\/schema\/logo\/image\/","url":"https:\/\/sustainhuts.eu\/wp-content\/uploads\/2016\/12\/logo-sustain.png","contentUrl":"https:\/\/sustainhuts.eu\/wp-content\/uploads\/2016\/12\/logo-sustain.png","width":240,"height":147,"caption":"SustainHuts"},"image":{"@id":"https:\/\/sustainhuts.eu\/#\/schema\/logo\/image\/"}}]}},"_links":{"self":[{"href":"https:\/\/sustainhuts.eu\/es\/wp-json\/wp\/v2\/pages\/362","targetHints":{"allow":["GET"]}}],"collection":[{"href":"https:\/\/sustainhuts.eu\/es\/wp-json\/wp\/v2\/pages"}],"about":[{"href":"https:\/\/sustainhuts.eu\/es\/wp-json\/wp\/v2\/types\/page"}],"author":[{"embeddable":true,"href":"https:\/\/sustainhuts.eu\/es\/wp-json\/wp\/v2\/users\/8"}],"replies":[{"embeddable":true,"href":"https:\/\/sustainhuts.eu\/es\/wp-json\/wp\/v2\/comments?post=362"}],"version-history":[{"count":25,"href":"https:\/\/sustainhuts.eu\/es\/wp-json\/wp\/v2\/pages\/362\/revisions"}],"predecessor-version":[{"id":998,"href":"https:\/\/sustainhuts.eu\/es\/wp-json\/wp\/v2\/pages\/362\/revisions\/998"}],"wp:attachment":[{"href":"https:\/\/sustainhuts.eu\/es\/wp-json\/wp\/v2\/media?parent=362"}],"curies":[{"name":"wp","href":"https:\/\/api.w.org\/{rel}","templated":true}]}}