{"id":414,"date":"2022-03-05T16:11:56","date_gmt":"2022-03-05T16:11:56","guid":{"rendered":"https:\/\/sustainhuts.eu\/downloads\/"},"modified":"2022-06-28T08:56:58","modified_gmt":"2022-06-28T08:56:58","slug":"descargas","status":"publish","type":"page","link":"https:\/\/sustainhuts.eu\/es\/descargas\/","title":{"rendered":"Descargas"},"content":{"rendered":"[vc_row][vc_column]<h2 class=\"vcex-heading vcex-module wpex-text-2xl wpex-font-normal wpex-m-auto wpex-max-w-100 vcex-heading-plain wpex-block wpex-text-center\" style=\"font-size:30px;\"><span class=\"vcex-heading-inner wpex-inline-block wpex-clr\">Descargas<\/span><\/h2>[vc_separator color=&#8221;custom&#8221; border_width=&#8221;3&#8243; accent_color=&#8221;#744a26&#8243; css=&#8221;.vc_custom_1485786035137{background-color: #744a26 !important;}&#8221;][\/vc_column][\/vc_row][vc_row][vc_column][vc_tta_tour style=&#8221;modern&#8221; shape=&#8221;square&#8221; color=&#8221;white&#8221; active_section=&#8221;1&#8243; no_fill_content_area=&#8221;true&#8221;][vc_tta_section title=&#8221;INFORMES P\u00daBLICOS&#8221; tab_id=&#8221;1646746912624-54714645-49dd&#8221;][vc_row_inner][vc_column_inner]<a href=\"https:\/\/sustainhuts.eu\/wp-content\/uploads\/2022\/03\/c71-intro-to-res.pdf\" title=\"C3.3 Passive Actions Design Report\" class=\"vcex-button theme-button inline\" target=\"_blank\" rel=\"noopener noreferrer\"><span class=\"theme-button-inner\">GU\u00cdA DID\u00c1CTICA 1 &#8211; INTRODUCCI\u00d3N<\/span><\/a> <a href=\"https:\/\/sustainhuts.eu\/wp-content\/uploads\/2022\/03\/c72-implementation-of-res.pdf\" class=\"vcex-button theme-button inline\" target=\"_blank\" rel=\"noopener noreferrer\"><span class=\"theme-button-inner\">GU\u00cdA DID\u00c1CTICA 2 &#8211; IMPLEMENTACI\u00d3N DE RESULTADOS<\/span><\/a> <a href=\"https:\/\/sustainhuts.eu\/wp-content\/uploads\/2022\/03\/c73-energy-efficiency.pdf\" title=\"C3.3 Passive Actions Design Report\" class=\"vcex-button theme-button inline\" target=\"_blank\" rel=\"noopener noreferrer\"><span class=\"theme-button-inner\">GU\u00cdA DID\u00c1CTICA 3-EFICIENCIA ENERG\u00c9TICA<\/span><\/a> <a href=\"https:\/\/sustainhuts.eu\/wp-content\/uploads\/2022\/03\/c74-lessons-learnt.pdf\" title=\"C3.3 Passive Actions Design Report\" class=\"vcex-button theme-button inline\" target=\"_blank\" rel=\"noopener noreferrer\"><span class=\"theme-button-inner\">GU\u00cdA D\u00cdD\u00c1CTICA 4 &#8211; LECCIONES APRENDIDAS<\/span><\/a> <a href=\"https:\/\/sustainhuts.eu\/wp-content\/uploads\/2022\/03\/c75-final-results.pdf\" title=\"C3.3 Passive Actions Design Report\" class=\"vcex-button theme-button inline\" target=\"_blank\" rel=\"noopener noreferrer\"><span class=\"theme-button-inner\">RESULTADOS FINALES<\/span><\/a> [\/vc_column_inner][\/vc_row_inner][\/vc_tta_section][vc_tta_section title=&#8221;PRESENTACIONES&#8221; tab_id=&#8221;1646746912795-f693e6ee-7f51&#8243;][vc_row_inner][vc_column_inner width=&#8221;1\/2&#8243;]<a href=\"https:\/\/sustainhuts.eu\/wp-content\/uploads\/2017\/02\/20161004-KO_LIFE15-LIFE-15-SUSTAINHUTS.pdf\" title=\"Kick-off LIFE15 (4 Oct 16)\" class=\"vcex-button theme-button inline\" target=\"_blank\" rel=\"noopener noreferrer\"><span class=\"theme-button-inner\">Kick-off LIFE15 (4 Oct 16)<\/span><\/a> [\/vc_column_inner][vc_column_inner width=&#8221;1\/2&#8243;]<a href=\"https:\/\/sustainhuts.eu\/wp-content\/uploads\/2017\/02\/20161201-Hidrogeno-FHA.pdf\" title=\"Coloquio Pirenaico en Bagn\u00e8res de Luchon (1 Dic 16)\" class=\"vcex-button theme-button inline\" target=\"_blank\" rel=\"noopener noreferrer\"><span class=\"theme-button-inner\">Coloquio Pirenaico en Bagn\u00e8res de Luchon (1 Dic 16)<\/span><\/a> [\/vc_column_inner][\/vc_row_inner][vc_row_inner][vc_column_inner width=&#8221;1\/2&#8243;]<a href=\"https:\/\/sustainhuts.eu\/wp-content\/uploads\/2017\/02\/20161213-SUSTAINHUTS-Patronos.pdf\" title=\"Reuni\u00f3n Patronato FHA (13 Dic 16)\" class=\"vcex-button theme-button inline\" target=\"_blank\" rel=\"noopener noreferrer\"><span class=\"theme-button-inner\">Reuni\u00f3n Patronato FHA (13 Dic 16)<\/span><\/a> [\/vc_column_inner][vc_column_inner width=&#8221;1\/2&#8243;]<a href=\"https:\/\/sustainhuts.eu\/wp-content\/uploads\/2018\/10\/SUSTAINHUTS_MTR_Huesca.pdf\" title=\"Refugios de monta\u00f1a sostenibles en Europa (25 Sep 18)\" class=\"vcex-button theme-button inline\" target=\"_blank\" rel=\"noopener noreferrer\"><span class=\"theme-button-inner\">Refugios de monta\u00f1a sostenibles en Europa (25 Sep 18)<\/span><\/a> [\/vc_column_inner][\/vc_row_inner][\/vc_tta_section][vc_tta_section title=&#8221;PUBLICACIONES Y MEDIOS&#8221; tab_id=&#8221;1646746913028-cb4cc1b1-6829&#8243;]<a href=\"https:\/\/sustainhuts.eu\/wp-content\/uploads\/2022\/03\/layman-sustainhuts-def.pdf\" class=\"vcex-button theme-button inline\"><span class=\"theme-button-inner\">INFORME LAYMAN<\/span><\/a> [\/vc_tta_section][vc_tta_section title=&#8221;OTROS MATERIALES&#8221; tab_id=&#8221;1646746913073-b49633e3-4fcf&#8221;][vc_row_inner][vc_column_inner width=&#8221;1\/2&#8243;]<a href=\"https:\/\/sustainhuts.eu\/wp-content\/uploads\/2017\/01\/RETEMA195.pdf\" title=\"Revista RETEMA, edici\u00f3n 195, Noviembre - Diciembre 2016\" class=\"vcex-button theme-button inline\" target=\"_blank\" rel=\"noopener noreferrer\"><span class=\"theme-button-inner\">RETEMA, edici\u00f3n 195<\/span><\/a> [\/vc_column_inner][vc_column_inner width=&#8221;1\/2&#8243;]<a href=\"https:\/\/sustainhuts.eu\/wp-content\/uploads\/2019\/04\/analisis-y-optimizacion-energetica-del-refugio-de-montana-de-lizara-mediante-energias-renovables.pdf\" title=\"An\u00e1lisis y optimizaci\u00f3n energ\u00e9tica del refugio de monta\u00f1a de Lizara mediante energ\u00edas renovables\" class=\"vcex-button theme-button inline\" target=\"_blank\" rel=\"noopener noreferrer\"><span class=\"theme-button-inner\">An\u00e1lisis y optimizaci\u00f3n energ\u00e9tica del refugio de monta\u00f1a de Lizara mediante energ\u00edas renovables<\/span><\/a> [\/vc_column_inner][\/vc_row_inner][\/vc_tta_section][vc_tta_section title=&#8221;WORKSHOP FINAL&#8221; tab_id=&#8221;1646746913202-7086eb6c-0258&#8243;]<a href=\"https:\/\/sustainhuts.eu\/wp-content\/uploads\/2021\/11\/2021-10-05-workshop-french-huts-ffcam.pdf\" class=\"vcex-button theme-button inline\"><span class=\"theme-button-inner\">(French Huts) &#8211; FFCAM<\/span><\/a> <a href=\"https:\/\/sustainhuts.eu\/wp-content\/uploads\/2021\/11\/2021-10-05-workshop-hydrogen-fha.pdf\" class=\"vcex-button theme-button inline\"><span class=\"theme-button-inner\">(Hydrogen) &#8211; FHA<\/span><\/a> <a href=\"https:\/\/sustainhuts.eu\/wp-content\/uploads\/2021\/11\/2021-10-05-workshop-lca-ul.pdf\" class=\"vcex-button theme-button inline\"><span class=\"theme-button-inner\">Workshop (LCA) &#8211; UL<\/span><\/a> <a href=\"https:\/\/sustainhuts.eu\/wp-content\/uploads\/2021\/11\/2021-10-05-workshop-presentation-fha.pdf\" class=\"vcex-button theme-button inline\"><span class=\"theme-button-inner\"> (Presentation) &#8211; FHA<\/span><\/a> <a href=\"https:\/\/sustainhuts.eu\/wp-content\/uploads\/2021\/11\/2021-10-05-workshop-span-huts-fha.pdf\" class=\"vcex-button theme-button inline\"><span class=\"theme-button-inner\"> (Spain. huts) &#8211; FHA<\/span><\/a> <a href=\"https:\/\/sustainhuts.eu\/wp-content\/uploads\/2021\/11\/life-sustainhuts-cinea-presentation.pdf\" class=\"vcex-button theme-button inline\"><span class=\"theme-button-inner\">LIFE Sustainhuts CINEA Presentation<\/span><\/a> [\/vc_tta_section][vc_tta_section title=&#8221;GU\u00cdAS DID\u00c1CTICAS&#8221; tab_id=&#8221;1646746913377-9c1d971a-268f&#8221;]<a href=\"https:\/\/sustainhuts.eu\/wp-content\/uploads\/2022\/03\/c71-intro-to-res.pdf\" class=\"vcex-button theme-button inline\"><span class=\"theme-button-inner\">GU\u00cdA D\u00cdD\u00c1CTICA 1 &#8211; INTRODUCCI\u00d3N<\/span><\/a> <a href=\"https:\/\/sustainhuts.eu\/wp-content\/uploads\/2022\/03\/c72-implementation-of-res.pdf\" class=\"vcex-button theme-button inline\"><span class=\"theme-button-inner\">GU\u00cdA D\u00cdD\u00c1CTICA 2 &#8211; IMPLEMENTACI\u00d3N DE RESULTADOS<\/span><\/a> <a href=\"https:\/\/sustainhuts.eu\/wp-content\/uploads\/2022\/03\/c73-energy-efficiency.pdf\" class=\"vcex-button theme-button inline\"><span class=\"theme-button-inner\">GU\u00cdA D\u00cdD\u00c1CTICA 3 &#8211; EFICIENCIA ENERG\u00c9TICA<\/span><\/a> <a href=\"https:\/\/sustainhuts.eu\/wp-content\/uploads\/2022\/03\/c74-lessons-learnt.pdf\" class=\"vcex-button theme-button inline\"><span class=\"theme-button-inner\">GU\u00cdA D\u00cdD\u00c1CTICA 4 &#8211; LECCIONES APRENDIDAS<\/span><\/a> <a href=\"https:\/\/sustainhuts.eu\/wp-content\/uploads\/2022\/03\/c75-final-results.pdf\" class=\"vcex-button theme-button inline\"><span class=\"theme-button-inner\">GU\u00cdA D\u00cdD\u00c1CTICA 5 &#8211; RESULTADOS FINALES<\/span><\/a> [\/vc_tta_section][\/vc_tta_tour][\/vc_column][\/vc_row]\n","protected":false},"excerpt":{"rendered":"<p>[vc_row][vc_column][vc_separator color=&#8221;custom&#8221; border_width=&#8221;3&#8243; accent_color=&#8221;#744a26&#8243; css=&#8221;.vc_custom_1485786035137{background-color: #744a26 !important;}&#8221;][\/vc_column][\/vc_row][vc_row][vc_column][vc_tta_tour style=&#8221;modern&#8221; shape=&#8221;square&#8221; color=&#8221;white&#8221; active_section=&#8221;1&#8243; no_fill_content_area=&#8221;true&#8221;][vc_tta_section title=&#8221;INFORMES P\u00daBLICOS&#8221; tab_id=&#8221;1646746912624-54714645-49dd&#8221;][vc_row_inner][vc_column_inner][\/vc_column_inner][\/vc_row_inner][\/vc_tta_section][vc_tta_section title=&#8221;PRESENTACIONES&#8221; tab_id=&#8221;1646746912795-f693e6ee-7f51&#8243;][vc_row_inner][vc_column_inner width=&#8221;1\/2&#8243;][\/vc_column_inner][vc_column_inner width=&#8221;1\/2&#8243;][\/vc_column_inner][\/vc_row_inner][vc_row_inner][vc_column_inner width=&#8221;1\/2&#8243;][\/vc_column_inner][vc_column_inner width=&#8221;1\/2&#8243;][\/vc_column_inner][\/vc_row_inner][\/vc_tta_section][vc_tta_section title=&#8221;PUBLICACIONES Y MEDIOS&#8221; tab_id=&#8221;1646746913028-cb4cc1b1-6829&#8243;][\/vc_tta_section][vc_tta_section title=&#8221;OTROS MATERIALES&#8221; tab_id=&#8221;1646746913073-b49633e3-4fcf&#8221;][vc_row_inner][vc_column_inner width=&#8221;1\/2&#8243;][\/vc_column_inner][vc_column_inner width=&#8221;1\/2&#8243;][\/vc_column_inner][\/vc_row_inner][\/vc_tta_section][vc_tta_section title=&#8221;WORKSHOP FINAL&#8221; tab_id=&#8221;1646746913202-7086eb6c-0258&#8243;][\/vc_tta_section][vc_tta_section title=&#8221;GU\u00cdAS DID\u00c1CTICAS&#8221; tab_id=&#8221;1646746913377-9c1d971a-268f&#8221;][\/vc_tta_section][\/vc_tta_tour][\/vc_column][\/vc_row]<\/p>\n","protected":false},"author":8,"featured_media":0,"parent":0,"menu_order":6,"comment_status":"closed","ping_status":"closed","template":"","meta":{"footnotes":""},"class_list":["post-414","page","type-page","status-publish","hentry","entry","no-media"],"yoast_head":"<!-- This site is optimized with the Yoast SEO plugin v27.3 - https:\/\/yoast.com\/product\/yoast-seo-wordpress\/ -->\n<title>Descargas - SustainHuts<\/title>\n<meta name=\"robots\" content=\"index, follow, max-snippet:-1, max-image-preview:large, max-video-preview:-1\" \/>\n<link rel=\"canonical\" href=\"https:\/\/sustainhuts.eu\/es\/descargas\/\" \/>\n<meta property=\"og:locale\" content=\"es_ES\" \/>\n<meta property=\"og:type\" content=\"article\" \/>\n<meta property=\"og:title\" content=\"Descargas - SustainHuts\" \/>\n<meta property=\"og:description\" content=\"[vc_row][vc_column][vc_separator color=&#8221;custom&#8221; border_width=&#8221;3&#8243; accent_color=&#8221;#744a26&#8243; css=&#8221;.vc_custom_1485786035137{background-color: #744a26 !important;}&#8221;][\/vc_column][\/vc_row][vc_row][vc_column][vc_tta_tour style=&#8221;modern&#8221; shape=&#8221;square&#8221; color=&#8221;white&#8221; active_section=&#8221;1&#8243; no_fill_content_area=&#8221;true&#8221;][vc_tta_section title=&#8221;INFORMES P\u00daBLICOS&#8221; tab_id=&#8221;1646746912624-54714645-49dd&#8221;][vc_row_inner][vc_column_inner][\/vc_column_inner][\/vc_row_inner][\/vc_tta_section][vc_tta_section title=&#8221;PRESENTACIONES&#8221; tab_id=&#8221;1646746912795-f693e6ee-7f51&#8243;][vc_row_inner][vc_column_inner width=&#8221;1\/2&#8243;][\/vc_column_inner][vc_column_inner width=&#8221;1\/2&#8243;][\/vc_column_inner][\/vc_row_inner][vc_row_inner][vc_column_inner width=&#8221;1\/2&#8243;][\/vc_column_inner][vc_column_inner width=&#8221;1\/2&#8243;][\/vc_column_inner][\/vc_row_inner][\/vc_tta_section][vc_tta_section title=&#8221;PUBLICACIONES Y MEDIOS&#8221; tab_id=&#8221;1646746913028-cb4cc1b1-6829&#8243;][\/vc_tta_section][vc_tta_section title=&#8221;OTROS MATERIALES&#8221; tab_id=&#8221;1646746913073-b49633e3-4fcf&#8221;][vc_row_inner][vc_column_inner width=&#8221;1\/2&#8243;][\/vc_column_inner][vc_column_inner width=&#8221;1\/2&#8243;][\/vc_column_inner][\/vc_row_inner][\/vc_tta_section][vc_tta_section title=&#8221;WORKSHOP FINAL&#8221; tab_id=&#8221;1646746913202-7086eb6c-0258&#8243;][\/vc_tta_section][vc_tta_section title=&#8221;GU\u00cdAS DID\u00c1CTICAS&#8221; tab_id=&#8221;1646746913377-9c1d971a-268f&#8221;][\/vc_tta_section][\/vc_tta_tour][\/vc_column][\/vc_row]\" \/>\n<meta property=\"og:url\" content=\"https:\/\/sustainhuts.eu\/es\/descargas\/\" \/>\n<meta property=\"og:site_name\" content=\"SustainHuts\" \/>\n<meta property=\"article:modified_time\" content=\"2022-06-28T08:56:58+00:00\" \/>\n<meta name=\"twitter:card\" content=\"summary_large_image\" \/>\n<meta name=\"twitter:label1\" content=\"Tiempo de lectura\" \/>\n\t<meta name=\"twitter:data1\" content=\"2 minutes\" \/>\n<script type=\"application\/ld+json\" class=\"yoast-schema-graph\">{\"@context\":\"https:\\\/\\\/schema.org\",\"@graph\":[{\"@type\":\"WebPage\",\"@id\":\"https:\\\/\\\/sustainhuts.eu\\\/es\\\/descargas\\\/\",\"url\":\"https:\\\/\\\/sustainhuts.eu\\\/es\\\/descargas\\\/\",\"name\":\"Descargas - SustainHuts\",\"isPartOf\":{\"@id\":\"https:\\\/\\\/sustainhuts.eu\\\/sl\\\/#website\"},\"datePublished\":\"2022-03-05T16:11:56+00:00\",\"dateModified\":\"2022-06-28T08:56:58+00:00\",\"breadcrumb\":{\"@id\":\"https:\\\/\\\/sustainhuts.eu\\\/es\\\/descargas\\\/#breadcrumb\"},\"inLanguage\":\"es-ES\",\"potentialAction\":[{\"@type\":\"ReadAction\",\"target\":[\"https:\\\/\\\/sustainhuts.eu\\\/es\\\/descargas\\\/\"]}]},{\"@type\":\"BreadcrumbList\",\"@id\":\"https:\\\/\\\/sustainhuts.eu\\\/es\\\/descargas\\\/#breadcrumb\",\"itemListElement\":[{\"@type\":\"ListItem\",\"position\":1,\"name\":\"Home\",\"item\":\"https:\\\/\\\/sustainhuts.eu\\\/es\\\/\"},{\"@type\":\"ListItem\",\"position\":2,\"name\":\"Descargas\"}]},{\"@type\":\"WebSite\",\"@id\":\"https:\\\/\\\/sustainhuts.eu\\\/sl\\\/#website\",\"url\":\"https:\\\/\\\/sustainhuts.eu\\\/sl\\\/\",\"name\":\"SustainHuts\",\"description\":\"Sustainable Mountain Huts\",\"publisher\":{\"@id\":\"https:\\\/\\\/sustainhuts.eu\\\/sl\\\/#organization\"},\"potentialAction\":[{\"@type\":\"SearchAction\",\"target\":{\"@type\":\"EntryPoint\",\"urlTemplate\":\"https:\\\/\\\/sustainhuts.eu\\\/sl\\\/?s={search_term_string}\"},\"query-input\":{\"@type\":\"PropertyValueSpecification\",\"valueRequired\":true,\"valueName\":\"search_term_string\"}}],\"inLanguage\":\"es-ES\"},{\"@type\":\"Organization\",\"@id\":\"https:\\\/\\\/sustainhuts.eu\\\/sl\\\/#organization\",\"name\":\"SustainHuts\",\"url\":\"https:\\\/\\\/sustainhuts.eu\\\/sl\\\/\",\"logo\":{\"@type\":\"ImageObject\",\"inLanguage\":\"es-ES\",\"@id\":\"https:\\\/\\\/sustainhuts.eu\\\/sl\\\/#\\\/schema\\\/logo\\\/image\\\/\",\"url\":\"https:\\\/\\\/sustainhuts.eu\\\/wp-content\\\/uploads\\\/2016\\\/12\\\/logo-sustain.png\",\"contentUrl\":\"https:\\\/\\\/sustainhuts.eu\\\/wp-content\\\/uploads\\\/2016\\\/12\\\/logo-sustain.png\",\"width\":240,\"height\":147,\"caption\":\"SustainHuts\"},\"image\":{\"@id\":\"https:\\\/\\\/sustainhuts.eu\\\/sl\\\/#\\\/schema\\\/logo\\\/image\\\/\"}}]}<\/script>\n<!-- \/ Yoast SEO plugin. -->","yoast_head_json":{"title":"Descargas - SustainHuts","robots":{"index":"index","follow":"follow","max-snippet":"max-snippet:-1","max-image-preview":"max-image-preview:large","max-video-preview":"max-video-preview:-1"},"canonical":"https:\/\/sustainhuts.eu\/es\/descargas\/","og_locale":"es_ES","og_type":"article","og_title":"Descargas - SustainHuts","og_description":"[vc_row][vc_column][vc_separator color=&#8221;custom&#8221; border_width=&#8221;3&#8243; accent_color=&#8221;#744a26&#8243; css=&#8221;.vc_custom_1485786035137{background-color: #744a26 !important;}&#8221;][\/vc_column][\/vc_row][vc_row][vc_column][vc_tta_tour style=&#8221;modern&#8221; shape=&#8221;square&#8221; color=&#8221;white&#8221; active_section=&#8221;1&#8243; no_fill_content_area=&#8221;true&#8221;][vc_tta_section title=&#8221;INFORMES P\u00daBLICOS&#8221; tab_id=&#8221;1646746912624-54714645-49dd&#8221;][vc_row_inner][vc_column_inner][\/vc_column_inner][\/vc_row_inner][\/vc_tta_section][vc_tta_section title=&#8221;PRESENTACIONES&#8221; tab_id=&#8221;1646746912795-f693e6ee-7f51&#8243;][vc_row_inner][vc_column_inner width=&#8221;1\/2&#8243;][\/vc_column_inner][vc_column_inner width=&#8221;1\/2&#8243;][\/vc_column_inner][\/vc_row_inner][vc_row_inner][vc_column_inner width=&#8221;1\/2&#8243;][\/vc_column_inner][vc_column_inner width=&#8221;1\/2&#8243;][\/vc_column_inner][\/vc_row_inner][\/vc_tta_section][vc_tta_section title=&#8221;PUBLICACIONES Y MEDIOS&#8221; tab_id=&#8221;1646746913028-cb4cc1b1-6829&#8243;][\/vc_tta_section][vc_tta_section title=&#8221;OTROS MATERIALES&#8221; tab_id=&#8221;1646746913073-b49633e3-4fcf&#8221;][vc_row_inner][vc_column_inner width=&#8221;1\/2&#8243;][\/vc_column_inner][vc_column_inner width=&#8221;1\/2&#8243;][\/vc_column_inner][\/vc_row_inner][\/vc_tta_section][vc_tta_section title=&#8221;WORKSHOP FINAL&#8221; tab_id=&#8221;1646746913202-7086eb6c-0258&#8243;][\/vc_tta_section][vc_tta_section title=&#8221;GU\u00cdAS DID\u00c1CTICAS&#8221; tab_id=&#8221;1646746913377-9c1d971a-268f&#8221;][\/vc_tta_section][\/vc_tta_tour][\/vc_column][\/vc_row]","og_url":"https:\/\/sustainhuts.eu\/es\/descargas\/","og_site_name":"SustainHuts","article_modified_time":"2022-06-28T08:56:58+00:00","twitter_card":"summary_large_image","twitter_misc":{"Tiempo de lectura":"2 minutes"},"schema":{"@context":"https:\/\/schema.org","@graph":[{"@type":"WebPage","@id":"https:\/\/sustainhuts.eu\/es\/descargas\/","url":"https:\/\/sustainhuts.eu\/es\/descargas\/","name":"Descargas - SustainHuts","isPartOf":{"@id":"https:\/\/sustainhuts.eu\/sl\/#website"},"datePublished":"2022-03-05T16:11:56+00:00","dateModified":"2022-06-28T08:56:58+00:00","breadcrumb":{"@id":"https:\/\/sustainhuts.eu\/es\/descargas\/#breadcrumb"},"inLanguage":"es-ES","potentialAction":[{"@type":"ReadAction","target":["https:\/\/sustainhuts.eu\/es\/descargas\/"]}]},{"@type":"BreadcrumbList","@id":"https:\/\/sustainhuts.eu\/es\/descargas\/#breadcrumb","itemListElement":[{"@type":"ListItem","position":1,"name":"Home","item":"https:\/\/sustainhuts.eu\/es\/"},{"@type":"ListItem","position":2,"name":"Descargas"}]},{"@type":"WebSite","@id":"https:\/\/sustainhuts.eu\/sl\/#website","url":"https:\/\/sustainhuts.eu\/sl\/","name":"SustainHuts","description":"Sustainable Mountain Huts","publisher":{"@id":"https:\/\/sustainhuts.eu\/sl\/#organization"},"potentialAction":[{"@type":"SearchAction","target":{"@type":"EntryPoint","urlTemplate":"https:\/\/sustainhuts.eu\/sl\/?s={search_term_string}"},"query-input":{"@type":"PropertyValueSpecification","valueRequired":true,"valueName":"search_term_string"}}],"inLanguage":"es-ES"},{"@type":"Organization","@id":"https:\/\/sustainhuts.eu\/sl\/#organization","name":"SustainHuts","url":"https:\/\/sustainhuts.eu\/sl\/","logo":{"@type":"ImageObject","inLanguage":"es-ES","@id":"https:\/\/sustainhuts.eu\/sl\/#\/schema\/logo\/image\/","url":"https:\/\/sustainhuts.eu\/wp-content\/uploads\/2016\/12\/logo-sustain.png","contentUrl":"https:\/\/sustainhuts.eu\/wp-content\/uploads\/2016\/12\/logo-sustain.png","width":240,"height":147,"caption":"SustainHuts"},"image":{"@id":"https:\/\/sustainhuts.eu\/sl\/#\/schema\/logo\/image\/"}}]}},"_links":{"self":[{"href":"https:\/\/sustainhuts.eu\/es\/wp-json\/wp\/v2\/pages\/414","targetHints":{"allow":["GET"]}}],"collection":[{"href":"https:\/\/sustainhuts.eu\/es\/wp-json\/wp\/v2\/pages"}],"about":[{"href":"https:\/\/sustainhuts.eu\/es\/wp-json\/wp\/v2\/types\/page"}],"author":[{"embeddable":true,"href":"https:\/\/sustainhuts.eu\/es\/wp-json\/wp\/v2\/users\/8"}],"replies":[{"embeddable":true,"href":"https:\/\/sustainhuts.eu\/es\/wp-json\/wp\/v2\/comments?post=414"}],"version-history":[{"count":39,"href":"https:\/\/sustainhuts.eu\/es\/wp-json\/wp\/v2\/pages\/414\/revisions"}],"predecessor-version":[{"id":1487,"href":"https:\/\/sustainhuts.eu\/es\/wp-json\/wp\/v2\/pages\/414\/revisions\/1487"}],"wp:attachment":[{"href":"https:\/\/sustainhuts.eu\/es\/wp-json\/wp\/v2\/media?parent=414"}],"curies":[{"name":"wp","href":"https:\/\/api.w.org\/{rel}","templated":true}]}}