{"id":421,"date":"2016-12-26T16:53:26","date_gmt":"2016-12-26T16:53:26","guid":{"rendered":"https:\/\/sustainhuts.eu\/about-life-programme\/"},"modified":"2017-01-19T15:14:16","modified_gmt":"2017-01-19T15:14:16","slug":"acerca-de-life","status":"publish","type":"page","link":"https:\/\/sustainhuts.eu\/es\/acerca-de-life\/","title":{"rendered":"Acerca de LIFE"},"content":{"rendered":"[vc_row css=&#8221;.vc_custom_1456355408550{margin-top: 40px !important;}&#8221;][vc_column]<h2 class=\"vcex-heading vcex-module wpex-text-2xl wpex-font-normal wpex-m-auto wpex-max-w-100 vcex-heading-plain wpex-block wpex-text-center\" style=\"font-size:30px;\"><span class=\"vcex-heading-inner wpex-inline-block wpex-clr\">Acerca del programa LIFE<\/span><\/h2><div class=\"vcex-spacing wpex-w-100 wpex-clear\" style=\"height:10px;\"><\/div>[vc_column_text]\n<p style=\"text-align: center;\"><strong>El programa LIFE es el instrumento de financiaci\u00f3n de la UE para el medio ambiente y la acci\u00f3n clim\u00e1tica. El objetivo general de LIFE es contribuir a la aplicaci\u00f3n, actualizaci\u00f3n y desarrollo de la pol\u00edtica y la legislaci\u00f3n medioambiental y clim\u00e1tica de la UE mediante la cofinanciaci\u00f3n de proyectos con valor a\u00f1adido europeo.<\/strong><\/p>\n[\/vc_column_text][\/vc_column][\/vc_row][vc_row css=&#8221;.vc_custom_1456355415446{margin-bottom: 60px !important;}&#8221;][vc_column width=&#8221;1\/3&#8243;][vc_single_image image=&#8221;278&#8243; alignment=&#8221;center&#8221; css_animation=&#8221;bottom-to-top&#8221;][\/vc_column][vc_column width=&#8221;2\/3&#8243;][vc_column_text]LIFE comenz\u00f3 en 1992 y hasta la fecha se han llevado a cabo cuatro fases completas del programa (LIFE I: 1992-1995, LIFE II: 1996-1999, LIFE III: 2000-2006 y LIFE +: 2007-2013). Durante este per\u00edodo, LIFE ha cofinanciado unos 3954 proyectos en toda la UE, contribuyendo con aproximadamente 3.1 billones de euros a la protecci\u00f3n del medio ambiente.<\/p>\n<p>La Comisi\u00f3n Europea (Direcci\u00f3n General del Medio Ambiente y Direcci\u00f3n General de Acci\u00f3n Clim\u00e1tica) gestiona el programa LIFE. La Comisi\u00f3n ha delegado la ejecuci\u00f3n de numerosos componentes del programa LIFE en la Agencia Ejecutiva para las Peque\u00f1as y Medianas Empresas (EASME). Los equipos externos de selecci\u00f3n, supervisi\u00f3n y comunicaci\u00f3n prestan asistencia a la Comisi\u00f3n y a la EASME. El Banco Europeo de Inversiones gestionar\u00e1 los dos nuevos instrumentos financieros (NCFF y PF4EE).[\/vc_column_text][\/vc_column][\/vc_row]\n","protected":false},"excerpt":{"rendered":"<p>[vc_row css=&#8221;.vc_custom_1456355408550{margin-top: 40px !important;}&#8221;][vc_column][vc_column_text] El programa LIFE es el instrumento de financiaci\u00f3n de la UE para el medio ambiente y la acci\u00f3n clim\u00e1tica. El objetivo general de LIFE es contribuir a la aplicaci\u00f3n, actualizaci\u00f3n y desarrollo de la pol\u00edtica y la legislaci\u00f3n medioambiental y clim\u00e1tica de la UE mediante la cofinanciaci\u00f3n de proyectos con valor&hellip;<\/p>\n","protected":false},"author":8,"featured_media":0,"parent":0,"menu_order":7,"comment_status":"closed","ping_status":"closed","template":"","meta":{"footnotes":""},"class_list":["post-421","page","type-page","status-publish","hentry","entry","no-media"],"yoast_head":"<!-- This site is optimized with the Yoast SEO plugin v27.3 - https:\/\/yoast.com\/product\/yoast-seo-wordpress\/ -->\n<title>Acerca de LIFE - SustainHuts<\/title>\n<meta name=\"robots\" content=\"index, follow, max-snippet:-1, max-image-preview:large, max-video-preview:-1\" \/>\n<link rel=\"canonical\" href=\"https:\/\/sustainhuts.eu\/es\/acerca-de-life\/\" \/>\n<meta property=\"og:locale\" content=\"es_ES\" \/>\n<meta property=\"og:type\" content=\"article\" \/>\n<meta property=\"og:title\" content=\"Acerca de LIFE - SustainHuts\" \/>\n<meta property=\"og:description\" content=\"[vc_row css=&#8221;.vc_custom_1456355408550{margin-top: 40px !important;}&#8221;][vc_column][vc_column_text] El programa LIFE es el instrumento de financiaci\u00f3n de la UE para el medio ambiente y la acci\u00f3n clim\u00e1tica. El objetivo general de LIFE es contribuir a la aplicaci\u00f3n, actualizaci\u00f3n y desarrollo de la pol\u00edtica y la legislaci\u00f3n medioambiental y clim\u00e1tica de la UE mediante la cofinanciaci\u00f3n de proyectos con valor&hellip;\" \/>\n<meta property=\"og:url\" content=\"https:\/\/sustainhuts.eu\/es\/acerca-de-life\/\" \/>\n<meta property=\"og:site_name\" content=\"SustainHuts\" \/>\n<meta property=\"article:modified_time\" content=\"2017-01-19T15:14:16+00:00\" \/>\n<meta name=\"twitter:card\" content=\"summary_large_image\" \/>\n<meta name=\"twitter:label1\" content=\"Tiempo de lectura\" \/>\n\t<meta name=\"twitter:data1\" content=\"1 minute\" \/>\n<script type=\"application\/ld+json\" class=\"yoast-schema-graph\">{\"@context\":\"https:\\\/\\\/schema.org\",\"@graph\":[{\"@type\":\"WebPage\",\"@id\":\"https:\\\/\\\/sustainhuts.eu\\\/es\\\/acerca-de-life\\\/\",\"url\":\"https:\\\/\\\/sustainhuts.eu\\\/es\\\/acerca-de-life\\\/\",\"name\":\"Acerca de LIFE - SustainHuts\",\"isPartOf\":{\"@id\":\"https:\\\/\\\/sustainhuts.eu\\\/#website\"},\"datePublished\":\"2016-12-26T16:53:26+00:00\",\"dateModified\":\"2017-01-19T15:14:16+00:00\",\"breadcrumb\":{\"@id\":\"https:\\\/\\\/sustainhuts.eu\\\/es\\\/acerca-de-life\\\/#breadcrumb\"},\"inLanguage\":\"es-ES\",\"potentialAction\":[{\"@type\":\"ReadAction\",\"target\":[\"https:\\\/\\\/sustainhuts.eu\\\/es\\\/acerca-de-life\\\/\"]}]},{\"@type\":\"BreadcrumbList\",\"@id\":\"https:\\\/\\\/sustainhuts.eu\\\/es\\\/acerca-de-life\\\/#breadcrumb\",\"itemListElement\":[{\"@type\":\"ListItem\",\"position\":1,\"name\":\"Home\",\"item\":\"https:\\\/\\\/sustainhuts.eu\\\/es\\\/\"},{\"@type\":\"ListItem\",\"position\":2,\"name\":\"Acerca de LIFE\"}]},{\"@type\":\"WebSite\",\"@id\":\"https:\\\/\\\/sustainhuts.eu\\\/#website\",\"url\":\"https:\\\/\\\/sustainhuts.eu\\\/\",\"name\":\"SustainHuts\",\"description\":\"Sustainable Mountain Huts\",\"publisher\":{\"@id\":\"https:\\\/\\\/sustainhuts.eu\\\/#organization\"},\"potentialAction\":[{\"@type\":\"SearchAction\",\"target\":{\"@type\":\"EntryPoint\",\"urlTemplate\":\"https:\\\/\\\/sustainhuts.eu\\\/?s={search_term_string}\"},\"query-input\":{\"@type\":\"PropertyValueSpecification\",\"valueRequired\":true,\"valueName\":\"search_term_string\"}}],\"inLanguage\":\"es-ES\"},{\"@type\":\"Organization\",\"@id\":\"https:\\\/\\\/sustainhuts.eu\\\/#organization\",\"name\":\"SustainHuts\",\"url\":\"https:\\\/\\\/sustainhuts.eu\\\/\",\"logo\":{\"@type\":\"ImageObject\",\"inLanguage\":\"es-ES\",\"@id\":\"https:\\\/\\\/sustainhuts.eu\\\/#\\\/schema\\\/logo\\\/image\\\/\",\"url\":\"https:\\\/\\\/sustainhuts.eu\\\/wp-content\\\/uploads\\\/2016\\\/12\\\/logo-sustain.png\",\"contentUrl\":\"https:\\\/\\\/sustainhuts.eu\\\/wp-content\\\/uploads\\\/2016\\\/12\\\/logo-sustain.png\",\"width\":240,\"height\":147,\"caption\":\"SustainHuts\"},\"image\":{\"@id\":\"https:\\\/\\\/sustainhuts.eu\\\/#\\\/schema\\\/logo\\\/image\\\/\"}}]}<\/script>\n<!-- \/ Yoast SEO plugin. -->","yoast_head_json":{"title":"Acerca de LIFE - SustainHuts","robots":{"index":"index","follow":"follow","max-snippet":"max-snippet:-1","max-image-preview":"max-image-preview:large","max-video-preview":"max-video-preview:-1"},"canonical":"https:\/\/sustainhuts.eu\/es\/acerca-de-life\/","og_locale":"es_ES","og_type":"article","og_title":"Acerca de LIFE - SustainHuts","og_description":"[vc_row css=&#8221;.vc_custom_1456355408550{margin-top: 40px !important;}&#8221;][vc_column][vc_column_text] El programa LIFE es el instrumento de financiaci\u00f3n de la UE para el medio ambiente y la acci\u00f3n clim\u00e1tica. El objetivo general de LIFE es contribuir a la aplicaci\u00f3n, actualizaci\u00f3n y desarrollo de la pol\u00edtica y la legislaci\u00f3n medioambiental y clim\u00e1tica de la UE mediante la cofinanciaci\u00f3n de proyectos con valor&hellip;","og_url":"https:\/\/sustainhuts.eu\/es\/acerca-de-life\/","og_site_name":"SustainHuts","article_modified_time":"2017-01-19T15:14:16+00:00","twitter_card":"summary_large_image","twitter_misc":{"Tiempo de lectura":"1 minute"},"schema":{"@context":"https:\/\/schema.org","@graph":[{"@type":"WebPage","@id":"https:\/\/sustainhuts.eu\/es\/acerca-de-life\/","url":"https:\/\/sustainhuts.eu\/es\/acerca-de-life\/","name":"Acerca de LIFE - SustainHuts","isPartOf":{"@id":"https:\/\/sustainhuts.eu\/#website"},"datePublished":"2016-12-26T16:53:26+00:00","dateModified":"2017-01-19T15:14:16+00:00","breadcrumb":{"@id":"https:\/\/sustainhuts.eu\/es\/acerca-de-life\/#breadcrumb"},"inLanguage":"es-ES","potentialAction":[{"@type":"ReadAction","target":["https:\/\/sustainhuts.eu\/es\/acerca-de-life\/"]}]},{"@type":"BreadcrumbList","@id":"https:\/\/sustainhuts.eu\/es\/acerca-de-life\/#breadcrumb","itemListElement":[{"@type":"ListItem","position":1,"name":"Home","item":"https:\/\/sustainhuts.eu\/es\/"},{"@type":"ListItem","position":2,"name":"Acerca de LIFE"}]},{"@type":"WebSite","@id":"https:\/\/sustainhuts.eu\/#website","url":"https:\/\/sustainhuts.eu\/","name":"SustainHuts","description":"Sustainable Mountain Huts","publisher":{"@id":"https:\/\/sustainhuts.eu\/#organization"},"potentialAction":[{"@type":"SearchAction","target":{"@type":"EntryPoint","urlTemplate":"https:\/\/sustainhuts.eu\/?s={search_term_string}"},"query-input":{"@type":"PropertyValueSpecification","valueRequired":true,"valueName":"search_term_string"}}],"inLanguage":"es-ES"},{"@type":"Organization","@id":"https:\/\/sustainhuts.eu\/#organization","name":"SustainHuts","url":"https:\/\/sustainhuts.eu\/","logo":{"@type":"ImageObject","inLanguage":"es-ES","@id":"https:\/\/sustainhuts.eu\/#\/schema\/logo\/image\/","url":"https:\/\/sustainhuts.eu\/wp-content\/uploads\/2016\/12\/logo-sustain.png","contentUrl":"https:\/\/sustainhuts.eu\/wp-content\/uploads\/2016\/12\/logo-sustain.png","width":240,"height":147,"caption":"SustainHuts"},"image":{"@id":"https:\/\/sustainhuts.eu\/#\/schema\/logo\/image\/"}}]}},"_links":{"self":[{"href":"https:\/\/sustainhuts.eu\/es\/wp-json\/wp\/v2\/pages\/421","targetHints":{"allow":["GET"]}}],"collection":[{"href":"https:\/\/sustainhuts.eu\/es\/wp-json\/wp\/v2\/pages"}],"about":[{"href":"https:\/\/sustainhuts.eu\/es\/wp-json\/wp\/v2\/types\/page"}],"author":[{"embeddable":true,"href":"https:\/\/sustainhuts.eu\/es\/wp-json\/wp\/v2\/users\/8"}],"replies":[{"embeddable":true,"href":"https:\/\/sustainhuts.eu\/es\/wp-json\/wp\/v2\/comments?post=421"}],"version-history":[{"count":7,"href":"https:\/\/sustainhuts.eu\/es\/wp-json\/wp\/v2\/pages\/421\/revisions"}],"predecessor-version":[{"id":471,"href":"https:\/\/sustainhuts.eu\/es\/wp-json\/wp\/v2\/pages\/421\/revisions\/471"}],"wp:attachment":[{"href":"https:\/\/sustainhuts.eu\/es\/wp-json\/wp\/v2\/media?parent=421"}],"curies":[{"name":"wp","href":"https:\/\/api.w.org\/{rel}","templated":true}]}}