{"id":427,"date":"2016-02-20T23:46:14","date_gmt":"2016-02-20T23:46:14","guid":{"rendered":"https:\/\/sustainhuts.eu\/contact\/"},"modified":"2018-06-26T09:41:24","modified_gmt":"2018-06-26T09:41:24","slug":"contacto","status":"publish","type":"page","link":"https:\/\/sustainhuts.eu\/es\/contacto\/","title":{"rendered":"Contacto"},"content":{"rendered":"[vc_row column_spacing=&#8221;50&#8243; css=&#8221;.vc_custom_1456518640632{margin-top: 40px !important;margin-bottom: 40px !important;}&#8221;][vc_column width=&#8221;1\/3&#8243;]<div class=\"vcex-heading vcex-module wpex-text-2xl wpex-font-normal wpex-m-auto wpex-max-w-100 vcex-heading-plain wpex-block\" style=\"font-size:30px;\"><span class=\"vcex-heading-inner wpex-inline-block wpex-clr\">Info Contacto<\/span><\/div><div class=\"vcex-spacing wpex-w-100 wpex-clear\" style=\"height:10px;\"><\/div>[vc_column_text]<strong>Tel\u00e9fono:<\/strong> +34 974 215 258<\/p>\n<p><strong>Oficina:<\/strong>\u00a0Fundaci\u00f3n para el Desarrollo de Nuevas Tecnolog\u00edas del Hidr\u00f3geno en Arag\u00f3n. Parque tecnol\u00f3gico Walqa. Ctra. N-330a, Km. 566, 22197 Huesca \u2013 ESPA\u00d1A<\/p>\n<p><strong>Email:<\/strong> <a href=\"mailto:info@hidrogenoaragon.org\">info@hidrogenoaragon.org<\/a><\/p>\n<p><strong>Web:<\/strong> <a href=\"http:\/\/www.hidrogenoaragon.org\" target=\"_blank\" rel=\"noopener\">www.hidrogenoaragon.org<\/a>[\/vc_column_text]<div class=\"vcex-spacing wpex-w-100 wpex-clear\" style=\"height:30px;\"><\/div>[\/vc_column][vc_column width=&#8221;2\/3&#8243;]<div class=\"vcex-heading vcex-module wpex-text-2xl wpex-font-normal wpex-m-auto wpex-max-w-100 vcex-heading-plain wpex-block\" style=\"font-size:30px;\"><span class=\"vcex-heading-inner wpex-inline-block wpex-clr\">Env\u00edanos un Mensaje<\/span><\/div><div class=\"vcex-spacing wpex-w-100 wpex-clear\" style=\"height:10px;\"><\/div><div class=\"vcex-module vcex-form-shortcode wpex-form wpex-m-auto wpex-max-w-100 full-width-input\">\n<div class=\"wpcf7 no-js\" id=\"wpcf7-f426-o1\" lang=\"en-US\" dir=\"ltr\" data-wpcf7-id=\"426\">\n<div class=\"screen-reader-response\"><p role=\"status\" aria-live=\"polite\" aria-atomic=\"true\"><\/p> <ul><\/ul><\/div>\n<form action=\"\/es\/wp-json\/wp\/v2\/pages\/427#wpcf7-f426-o1\" method=\"post\" class=\"wpcf7-form init\" aria-label=\"Formulario de contacto\" novalidate=\"novalidate\" data-status=\"init\">\n<fieldset class=\"hidden-fields-container\"><input type=\"hidden\" name=\"_wpcf7\" value=\"426\" \/><input type=\"hidden\" name=\"_wpcf7_version\" value=\"6.1.5\" \/><input type=\"hidden\" name=\"_wpcf7_locale\" value=\"en_US\" \/><input type=\"hidden\" name=\"_wpcf7_unit_tag\" value=\"wpcf7-f426-o1\" \/><input type=\"hidden\" name=\"_wpcf7_container_post\" value=\"0\" \/><input type=\"hidden\" name=\"_wpcf7_posted_data_hash\" value=\"\" \/>\n<\/fieldset>\n<p><span class=\"wpcf7-form-control-wrap\" data-name=\"your-name\"><input size=\"40\" maxlength=\"400\" class=\"wpcf7-form-control wpcf7-text wpcf7-validates-as-required\" aria-required=\"true\" aria-invalid=\"false\" placeholder=\"Nombre*\" value=\"\" type=\"text\" name=\"your-name\" \/><\/span>\n<\/p>\n<p><span class=\"wpcf7-form-control-wrap\" data-name=\"your-email\"><input size=\"40\" maxlength=\"400\" class=\"wpcf7-form-control wpcf7-email wpcf7-validates-as-required wpcf7-text wpcf7-validates-as-email\" aria-required=\"true\" aria-invalid=\"false\" placeholder=\"Email*\" value=\"\" type=\"email\" name=\"your-email\" \/><\/span>\n<\/p>\n<p><span class=\"wpcf7-form-control-wrap\" data-name=\"your-subject\"><input size=\"40\" maxlength=\"400\" class=\"wpcf7-form-control wpcf7-text wpcf7-validates-as-required\" aria-required=\"true\" aria-invalid=\"false\" placeholder=\"Asunto*\" value=\"\" type=\"text\" name=\"your-subject\" \/><\/span>\n<\/p>\n<p><span class=\"wpcf7-form-control-wrap\" data-name=\"your-message\"><textarea cols=\"40\" rows=\"10\" maxlength=\"2000\" class=\"wpcf7-form-control wpcf7-textarea wpcf7-validates-as-required\" aria-required=\"true\" aria-invalid=\"false\" placeholder=\"Escriba aqu\u00ed su mensaje*...\" name=\"your-message\"><\/textarea><\/span>\n<\/p>\n<p>De acuerdo con la normativa europea (Reglamento General de Protecci\u00f3n de datos 2016\/679) y espa\u00f1ola (L.O. 3\/2018, de 5 de diciembre de Protecci\u00f3n de Datos y Garant\u00eda de los Derechos Digitales) en materia de protecci\u00f3n de datos, le informamos que los datos personales contenidos en este documento ser\u00e1n tratados por la Fundaci\u00f3n para el Desarrollo de las Nuevas Tecnolog\u00edas del Hidrogeno en Arag\u00f3n con la finalidad de organizar esta actividad en la cual se inscribe. Sus datos personales no ser\u00e1n cedidos a terceros salvo que la ley lo permita o lo exija expresamente.<br \/>\nEn cualquier momento, podr\u00e1 ejercitar los derechos de acceso, rectificaci\u00f3n, supresi\u00f3n, limitaci\u00f3n, oposici\u00f3n y portabilidad enviando un correo electr\u00f3nico a <a href=\"mailto:info@hidrogenoaragon.org\">info@hidrogenoaragon.org<\/a> o mediante comunicaci\u00f3n escrita a nuestro domicilio en Parque Tecnol\u00f3gico Walqa, Carretera N-330a Km. 566, Cuarte, Huesca, 22197 (Espa\u00f1a). Puede ampliar esta informaci\u00f3n sobre protecci\u00f3n de datos consultando nuestra Pol\u00edtica de Privacidad o en nuestras instalaciones. Podr\u00e1 ampliar esta informaci\u00f3n consultando nuestra Pol\u00edtica de Privacidad en <a href=\"https:\/\/sustainhuts.eu\/es\/politica-de-proteccion-de-datos\/\">sustainhuts.eu<\/a>\n<\/p>\n<p><span class=\"wpcf7-form-control-wrap\" data-name=\"accept-this\"><span class=\"wpcf7-form-control wpcf7-acceptance\"><span class=\"wpcf7-list-item\"><input type=\"checkbox\" name=\"accept-this\" value=\"1\" aria-invalid=\"false\" \/><\/span><\/span><\/span>Acepto el tratamiento de mis datos conforme a la <a href=\"https:\/\/sustainhuts.eu\/es\/politica-de-proteccion-de-datos\/\" target=\"_blank\" rel=\"noopener\">Pol\u00edtica de Privacidad<\/a>\n<\/p>\n<p><input class=\"wpcf7-form-control wpcf7-submit has-spinner\" type=\"submit\" value=\"Enviar Mensaje\" \/>\n<\/p><p style=\"display: none !important;\" class=\"akismet-fields-container\" data-prefix=\"_wpcf7_ak_\"><label>&#916;<textarea name=\"_wpcf7_ak_hp_textarea\" cols=\"45\" rows=\"8\" maxlength=\"100\"><\/textarea><\/label><input type=\"hidden\" id=\"ak_js_1\" name=\"_wpcf7_ak_js\" value=\"185\"\/><script>document.getElementById( \"ak_js_1\" ).setAttribute( \"value\", ( new Date() ).getTime() );<\/script><\/p><div class=\"wpcf7-response-output\" aria-hidden=\"true\"><\/div>\n<\/form>\n<\/div>\n<\/div>[\/vc_column][\/vc_row][vc_row full_width=&#8221;stretch_row_content_no_spaces&#8221; el_class=&#8221;margin-bottom-0&#8243; css=&#8221;.vc_custom_1482834465095{margin-bottom: -40px !important;}&#8221;][vc_column][vc_gmaps link=&#8221;#E-8_JTNDaWZyYW1lJTIwc3JjJTNEJTIyaHR0cHMlM0ElMkYlMkZ3d3cuZ29vZ2xlLmNvbSUyRm1hcHMlMkZlbWJlZCUzRnBiJTNEJTIxMW0xNCUyMTFtOCUyMTFtMyUyMTFkNTkxOS44Njc0NjgyMjcyNDElMjEyZC0wLjQ1OTkzOTAwMDAwMDAwMDA0JTIxM2Q0Mi4xMDg4OSUyMTNtMiUyMTFpMTAyNCUyMTJpNzY4JTIxNGYxMy4xJTIxM20zJTIxMW0yJTIxMXMweDAlMjUzQTB4MjI0ZTc1MmFiZDcxMDZiNiUyMTJ6Um5WdVpHRmphY096YmlCSWFXUnl3N05uWlc1dklFRnlZV2ZEczI0JTIxNWUwJTIxM20yJTIxMXNlcyUyMTJzZXMlMjE0djE0ODI3NzA4Njc2NzYlMjIlMjB3aWR0aCUzRCUyMjYwMCUyMiUyMGhlaWdodCUzRCUyMjQ1MCUyMiUyMGZyYW1lYm9yZGVyJTNEJTIyMCUyMiUyMHN0eWxlJTNEJTIyYm9yZGVyJTNBMCUyMiUyMGFsbG93ZnVsbHNjcmVlbiUzRSUzQyUyRmlmcmFtZSUzRQ==&#8221;][\/vc_column][\/vc_row]\n","protected":false},"excerpt":{"rendered":"<p>[vc_row column_spacing=&#8221;50&#8243; css=&#8221;.vc_custom_1456518640632{margin-top: 40px !important;margin-bottom: 40px !important;}&#8221;][vc_column width=&#8221;1\/3&#8243;][vc_column_text]Tel\u00e9fono: +34 974 215 258 Oficina:\u00a0Fundaci\u00f3n para el Desarrollo de Nuevas Tecnolog\u00edas del Hidr\u00f3geno en Arag\u00f3n. Parque tecnol\u00f3gico Walqa. Ctra. N-330a, Km. 566, 22197 Huesca \u2013 ESPA\u00d1A Email: info@hidrogenoaragon.org Web: www.hidrogenoaragon.org[\/vc_column_text][\/vc_column][vc_column width=&#8221;2\/3&#8243;][\/vc_column][\/vc_row][vc_row full_width=&#8221;stretch_row_content_no_spaces&#8221; el_class=&#8221;margin-bottom-0&#8243; css=&#8221;.vc_custom_1482834465095{margin-bottom: -40px !important;}&#8221;][vc_column][vc_gmaps link=&#8221;#E-8_JTNDaWZyYW1lJTIwc3JjJTNEJTIyaHR0cHMlM0ElMkYlMkZ3d3cuZ29vZ2xlLmNvbSUyRm1hcHMlMkZlbWJlZCUzRnBiJTNEJTIxMW0xNCUyMTFtOCUyMTFtMyUyMTFkNTkxOS44Njc0NjgyMjcyNDElMjEyZC0wLjQ1OTkzOTAwMDAwMDAwMDA0JTIxM2Q0Mi4xMDg4OSUyMTNtMiUyMTFpMTAyNCUyMTJpNzY4JTIxNGYxMy4xJTIxM20zJTIxMW0yJTIxMXMweDAlMjUzQTB4MjI0ZTc1MmFiZDcxMDZiNiUyMTJ6Um5WdVpHRmphY096YmlCSWFXUnl3N05uWlc1dklFRnlZV2ZEczI0JTIxNWUwJTIxM20yJTIxMXNlcyUyMTJzZXMlMjE0djE0ODI3NzA4Njc2NzYlMjIlMjB3aWR0aCUzRCUyMjYwMCUyMiUyMGhlaWdodCUzRCUyMjQ1MCUyMiUyMGZyYW1lYm9yZGVyJTNEJTIyMCUyMiUyMHN0eWxlJTNEJTIyYm9yZGVyJTNBMCUyMiUyMGFsbG93ZnVsbHNjcmVlbiUzRSUzQyUyRmlmcmFtZSUzRQ==&#8221;][\/vc_column][\/vc_row]<\/p>\n","protected":false},"author":8,"featured_media":0,"parent":0,"menu_order":8,"comment_status":"closed","ping_status":"closed","template":"","meta":{"footnotes":""},"class_list":["post-427","page","type-page","status-publish","hentry","entry","no-media"],"yoast_head":"<!-- This site is optimized with the Yoast SEO plugin v27.3 - https:\/\/yoast.com\/product\/yoast-seo-wordpress\/ -->\n<title>Contacto - SustainHuts<\/title>\n<meta name=\"robots\" content=\"index, follow, max-snippet:-1, max-image-preview:large, max-video-preview:-1\" \/>\n<link rel=\"canonical\" href=\"https:\/\/sustainhuts.eu\/es\/contacto\/\" \/>\n<meta property=\"og:locale\" content=\"es_ES\" \/>\n<meta property=\"og:type\" content=\"article\" \/>\n<meta property=\"og:title\" content=\"Contacto - SustainHuts\" \/>\n<meta property=\"og:description\" content=\"[vc_row column_spacing=&#8221;50&#8243; css=&#8221;.vc_custom_1456518640632{margin-top: 40px !important;margin-bottom: 40px !important;}&#8221;][vc_column width=&#8221;1\/3&#8243;][vc_column_text]Tel\u00e9fono: +34 974 215 258 Oficina:\u00a0Fundaci\u00f3n para el Desarrollo de Nuevas Tecnolog\u00edas del Hidr\u00f3geno en Arag\u00f3n. Parque tecnol\u00f3gico Walqa. Ctra. N-330a, Km. 566, 22197 Huesca \u2013 ESPA\u00d1A Email: info@hidrogenoaragon.org Web: www.hidrogenoaragon.org[\/vc_column_text][\/vc_column][vc_column width=&#8221;2\/3&#8243;][\/vc_column][\/vc_row][vc_row full_width=&#8221;stretch_row_content_no_spaces&#8221; el_class=&#8221;margin-bottom-0&#8243; css=&#8221;.vc_custom_1482834465095{margin-bottom: -40px !important;}&#8221;][vc_column][vc_gmaps link=&#8221;#E-8_JTNDaWZyYW1lJTIwc3JjJTNEJTIyaHR0cHMlM0ElMkYlMkZ3d3cuZ29vZ2xlLmNvbSUyRm1hcHMlMkZlbWJlZCUzRnBiJTNEJTIxMW0xNCUyMTFtOCUyMTFtMyUyMTFkNTkxOS44Njc0NjgyMjcyNDElMjEyZC0wLjQ1OTkzOTAwMDAwMDAwMDA0JTIxM2Q0Mi4xMDg4OSUyMTNtMiUyMTFpMTAyNCUyMTJpNzY4JTIxNGYxMy4xJTIxM20zJTIxMW0yJTIxMXMweDAlMjUzQTB4MjI0ZTc1MmFiZDcxMDZiNiUyMTJ6Um5WdVpHRmphY096YmlCSWFXUnl3N05uWlc1dklFRnlZV2ZEczI0JTIxNWUwJTIxM20yJTIxMXNlcyUyMTJzZXMlMjE0djE0ODI3NzA4Njc2NzYlMjIlMjB3aWR0aCUzRCUyMjYwMCUyMiUyMGhlaWdodCUzRCUyMjQ1MCUyMiUyMGZyYW1lYm9yZGVyJTNEJTIyMCUyMiUyMHN0eWxlJTNEJTIyYm9yZGVyJTNBMCUyMiUyMGFsbG93ZnVsbHNjcmVlbiUzRSUzQyUyRmlmcmFtZSUzRQ==&#8221;][\/vc_column][\/vc_row]\" \/>\n<meta property=\"og:url\" content=\"https:\/\/sustainhuts.eu\/es\/contacto\/\" \/>\n<meta property=\"og:site_name\" content=\"SustainHuts\" \/>\n<meta property=\"article:modified_time\" content=\"2018-06-26T09:41:24+00:00\" \/>\n<meta name=\"twitter:card\" content=\"summary_large_image\" \/>\n<meta name=\"twitter:label1\" content=\"Tiempo de lectura\" \/>\n\t<meta name=\"twitter:data1\" content=\"1 minute\" \/>\n<script type=\"application\/ld+json\" class=\"yoast-schema-graph\">{\"@context\":\"https:\\\/\\\/schema.org\",\"@graph\":[{\"@type\":\"WebPage\",\"@id\":\"https:\\\/\\\/sustainhuts.eu\\\/es\\\/contacto\\\/\",\"url\":\"https:\\\/\\\/sustainhuts.eu\\\/es\\\/contacto\\\/\",\"name\":\"Contacto - SustainHuts\",\"isPartOf\":{\"@id\":\"https:\\\/\\\/sustainhuts.eu\\\/#website\"},\"datePublished\":\"2016-02-20T23:46:14+00:00\",\"dateModified\":\"2018-06-26T09:41:24+00:00\",\"breadcrumb\":{\"@id\":\"https:\\\/\\\/sustainhuts.eu\\\/es\\\/contacto\\\/#breadcrumb\"},\"inLanguage\":\"es-ES\",\"potentialAction\":[{\"@type\":\"ReadAction\",\"target\":[\"https:\\\/\\\/sustainhuts.eu\\\/es\\\/contacto\\\/\"]}]},{\"@type\":\"BreadcrumbList\",\"@id\":\"https:\\\/\\\/sustainhuts.eu\\\/es\\\/contacto\\\/#breadcrumb\",\"itemListElement\":[{\"@type\":\"ListItem\",\"position\":1,\"name\":\"Home\",\"item\":\"https:\\\/\\\/sustainhuts.eu\\\/es\\\/\"},{\"@type\":\"ListItem\",\"position\":2,\"name\":\"Contacto\"}]},{\"@type\":\"WebSite\",\"@id\":\"https:\\\/\\\/sustainhuts.eu\\\/#website\",\"url\":\"https:\\\/\\\/sustainhuts.eu\\\/\",\"name\":\"SustainHuts\",\"description\":\"Sustainable Mountain Huts\",\"publisher\":{\"@id\":\"https:\\\/\\\/sustainhuts.eu\\\/#organization\"},\"potentialAction\":[{\"@type\":\"SearchAction\",\"target\":{\"@type\":\"EntryPoint\",\"urlTemplate\":\"https:\\\/\\\/sustainhuts.eu\\\/?s={search_term_string}\"},\"query-input\":{\"@type\":\"PropertyValueSpecification\",\"valueRequired\":true,\"valueName\":\"search_term_string\"}}],\"inLanguage\":\"es-ES\"},{\"@type\":\"Organization\",\"@id\":\"https:\\\/\\\/sustainhuts.eu\\\/#organization\",\"name\":\"SustainHuts\",\"url\":\"https:\\\/\\\/sustainhuts.eu\\\/\",\"logo\":{\"@type\":\"ImageObject\",\"inLanguage\":\"es-ES\",\"@id\":\"https:\\\/\\\/sustainhuts.eu\\\/#\\\/schema\\\/logo\\\/image\\\/\",\"url\":\"https:\\\/\\\/sustainhuts.eu\\\/wp-content\\\/uploads\\\/2016\\\/12\\\/logo-sustain.png\",\"contentUrl\":\"https:\\\/\\\/sustainhuts.eu\\\/wp-content\\\/uploads\\\/2016\\\/12\\\/logo-sustain.png\",\"width\":240,\"height\":147,\"caption\":\"SustainHuts\"},\"image\":{\"@id\":\"https:\\\/\\\/sustainhuts.eu\\\/#\\\/schema\\\/logo\\\/image\\\/\"}}]}<\/script>\n<!-- \/ Yoast SEO plugin. -->","yoast_head_json":{"title":"Contacto - SustainHuts","robots":{"index":"index","follow":"follow","max-snippet":"max-snippet:-1","max-image-preview":"max-image-preview:large","max-video-preview":"max-video-preview:-1"},"canonical":"https:\/\/sustainhuts.eu\/es\/contacto\/","og_locale":"es_ES","og_type":"article","og_title":"Contacto - SustainHuts","og_description":"[vc_row column_spacing=&#8221;50&#8243; css=&#8221;.vc_custom_1456518640632{margin-top: 40px !important;margin-bottom: 40px !important;}&#8221;][vc_column width=&#8221;1\/3&#8243;][vc_column_text]Tel\u00e9fono: +34 974 215 258 Oficina:\u00a0Fundaci\u00f3n para el Desarrollo de Nuevas Tecnolog\u00edas del Hidr\u00f3geno en Arag\u00f3n. Parque tecnol\u00f3gico Walqa. Ctra. N-330a, Km. 566, 22197 Huesca \u2013 ESPA\u00d1A Email: info@hidrogenoaragon.org Web: www.hidrogenoaragon.org[\/vc_column_text][\/vc_column][vc_column width=&#8221;2\/3&#8243;][\/vc_column][\/vc_row][vc_row full_width=&#8221;stretch_row_content_no_spaces&#8221; el_class=&#8221;margin-bottom-0&#8243; css=&#8221;.vc_custom_1482834465095{margin-bottom: -40px !important;}&#8221;][vc_column][vc_gmaps link=&#8221;#E-8_JTNDaWZyYW1lJTIwc3JjJTNEJTIyaHR0cHMlM0ElMkYlMkZ3d3cuZ29vZ2xlLmNvbSUyRm1hcHMlMkZlbWJlZCUzRnBiJTNEJTIxMW0xNCUyMTFtOCUyMTFtMyUyMTFkNTkxOS44Njc0NjgyMjcyNDElMjEyZC0wLjQ1OTkzOTAwMDAwMDAwMDA0JTIxM2Q0Mi4xMDg4OSUyMTNtMiUyMTFpMTAyNCUyMTJpNzY4JTIxNGYxMy4xJTIxM20zJTIxMW0yJTIxMXMweDAlMjUzQTB4MjI0ZTc1MmFiZDcxMDZiNiUyMTJ6Um5WdVpHRmphY096YmlCSWFXUnl3N05uWlc1dklFRnlZV2ZEczI0JTIxNWUwJTIxM20yJTIxMXNlcyUyMTJzZXMlMjE0djE0ODI3NzA4Njc2NzYlMjIlMjB3aWR0aCUzRCUyMjYwMCUyMiUyMGhlaWdodCUzRCUyMjQ1MCUyMiUyMGZyYW1lYm9yZGVyJTNEJTIyMCUyMiUyMHN0eWxlJTNEJTIyYm9yZGVyJTNBMCUyMiUyMGFsbG93ZnVsbHNjcmVlbiUzRSUzQyUyRmlmcmFtZSUzRQ==&#8221;][\/vc_column][\/vc_row]","og_url":"https:\/\/sustainhuts.eu\/es\/contacto\/","og_site_name":"SustainHuts","article_modified_time":"2018-06-26T09:41:24+00:00","twitter_card":"summary_large_image","twitter_misc":{"Tiempo de lectura":"1 minute"},"schema":{"@context":"https:\/\/schema.org","@graph":[{"@type":"WebPage","@id":"https:\/\/sustainhuts.eu\/es\/contacto\/","url":"https:\/\/sustainhuts.eu\/es\/contacto\/","name":"Contacto - SustainHuts","isPartOf":{"@id":"https:\/\/sustainhuts.eu\/#website"},"datePublished":"2016-02-20T23:46:14+00:00","dateModified":"2018-06-26T09:41:24+00:00","breadcrumb":{"@id":"https:\/\/sustainhuts.eu\/es\/contacto\/#breadcrumb"},"inLanguage":"es-ES","potentialAction":[{"@type":"ReadAction","target":["https:\/\/sustainhuts.eu\/es\/contacto\/"]}]},{"@type":"BreadcrumbList","@id":"https:\/\/sustainhuts.eu\/es\/contacto\/#breadcrumb","itemListElement":[{"@type":"ListItem","position":1,"name":"Home","item":"https:\/\/sustainhuts.eu\/es\/"},{"@type":"ListItem","position":2,"name":"Contacto"}]},{"@type":"WebSite","@id":"https:\/\/sustainhuts.eu\/#website","url":"https:\/\/sustainhuts.eu\/","name":"SustainHuts","description":"Sustainable Mountain Huts","publisher":{"@id":"https:\/\/sustainhuts.eu\/#organization"},"potentialAction":[{"@type":"SearchAction","target":{"@type":"EntryPoint","urlTemplate":"https:\/\/sustainhuts.eu\/?s={search_term_string}"},"query-input":{"@type":"PropertyValueSpecification","valueRequired":true,"valueName":"search_term_string"}}],"inLanguage":"es-ES"},{"@type":"Organization","@id":"https:\/\/sustainhuts.eu\/#organization","name":"SustainHuts","url":"https:\/\/sustainhuts.eu\/","logo":{"@type":"ImageObject","inLanguage":"es-ES","@id":"https:\/\/sustainhuts.eu\/#\/schema\/logo\/image\/","url":"https:\/\/sustainhuts.eu\/wp-content\/uploads\/2016\/12\/logo-sustain.png","contentUrl":"https:\/\/sustainhuts.eu\/wp-content\/uploads\/2016\/12\/logo-sustain.png","width":240,"height":147,"caption":"SustainHuts"},"image":{"@id":"https:\/\/sustainhuts.eu\/#\/schema\/logo\/image\/"}}]}},"_links":{"self":[{"href":"https:\/\/sustainhuts.eu\/es\/wp-json\/wp\/v2\/pages\/427","targetHints":{"allow":["GET"]}}],"collection":[{"href":"https:\/\/sustainhuts.eu\/es\/wp-json\/wp\/v2\/pages"}],"about":[{"href":"https:\/\/sustainhuts.eu\/es\/wp-json\/wp\/v2\/types\/page"}],"author":[{"embeddable":true,"href":"https:\/\/sustainhuts.eu\/es\/wp-json\/wp\/v2\/users\/8"}],"replies":[{"embeddable":true,"href":"https:\/\/sustainhuts.eu\/es\/wp-json\/wp\/v2\/comments?post=427"}],"version-history":[{"count":3,"href":"https:\/\/sustainhuts.eu\/es\/wp-json\/wp\/v2\/pages\/427\/revisions"}],"predecessor-version":[{"id":789,"href":"https:\/\/sustainhuts.eu\/es\/wp-json\/wp\/v2\/pages\/427\/revisions\/789"}],"wp:attachment":[{"href":"https:\/\/sustainhuts.eu\/es\/wp-json\/wp\/v2\/media?parent=427"}],"curies":[{"name":"wp","href":"https:\/\/api.w.org\/{rel}","templated":true}]}} 