{"id":769,"date":"2018-06-26T08:57:34","date_gmt":"2018-06-26T08:57:34","guid":{"rendered":"https:\/\/sustainhuts.eu\/?page_id=769\/"},"modified":"2021-04-20T11:06:46","modified_gmt":"2021-04-20T11:06:46","slug":"aviso-legal","status":"publish","type":"page","link":"https:\/\/sustainhuts.eu\/es\/aviso-legal\/","title":{"rendered":"Aviso Legal"},"content":{"rendered":"<div id=\"pl-126\" class=\"panel-layout\">\n<div id=\"pg-126-0\" class=\"panel-grid panel-has-style\" data-style=\"{&quot;id&quot;:&quot;rowCabecera&quot;,&quot;class&quot;:&quot;row80&quot;,&quot;background_image_attachment&quot;:false,&quot;background_display&quot;:&quot;tile&quot;,&quot;row_stretch&quot;:&quot;full-stretched&quot;,&quot;cell_alignment&quot;:&quot;flex-start&quot;}\" data-label=\"#rowCabecera\">\n<div id=\"rowCabecera\" class=\"row80 siteorigin-panels-stretch panel-row-style-full-width panel-row-style panel-row-style-for-126-0\" data-stretch-type=\"full-stretched\">\n<div id=\"pgc-126-0-0\" class=\"panel-grid-cell\" data-weight=\"1\">\n<div id=\"panel-126-0-0-0\" class=\"so-panel widget widget_mwpcode panel-first-child panel-last-child\" data-index=\"0\" data-style=\"{&quot;background_image_attachment&quot;:false,&quot;background_display&quot;:&quot;tile&quot;}\">\n<p><strong>Es importante que lea atentamente lo dispuesto a continuaci\u00f3n, si tiene dudas sobre alg\u00fan aspecto en concreto, le invitamos a ponerse en contacto con nosotros a trav\u00e9s de las v\u00edas que a continuaci\u00f3n ponemos a su disposici\u00f3n<\/strong><\/p>\n<p><strong>Identidad y titularidad de la web<\/strong><\/p>\n<p>El presente Aviso Legal y las Condiciones de Uso se aplican a la web <a href=\"https:\/\/sustainhuts.eu\">sustainhuts.eu<\/a>\u00a0(en adelante, la web o la web de Fundaci\u00f3n Hidr\u00f3geno).<\/p>\n<p>FUNDACI\u00d3N PARA EL DESARROLLO DE LAS NUEVAS TECNOLOG\u00cdAS DEL HIDR\u00d3GENO EN ARAG\u00d3N (en adelante, Fundaci\u00f3n Hidr\u00f3geno), provista de CIF n\u00ba 22280010, inscrita en el \u00a0Registro de Fundaciones de la Comunidad Aut\u00f3noma de Arag\u00f3n el 21 de mayo de 2004\u00a0 con el n\u00famero de Registro 163 (I), y cuyo domicilio social se encuentra situado en Pol\u00edgono Walqa, Carretera N330, Km 566, Cuarte, 22197, Huesca (Espa\u00f1a).<\/p>\n<p>Si desea ponerse en contacto con nosotros puede hacerlo a trav\u00e9s de nuestro:<\/p>\n<ul>\n<li><a href=\"https:\/\/sustainhuts.eu\/es\/contacto\/\">Formulario de Contacto<\/a><\/li>\n<li>Tel\u00e9fono: 974 215 258 \u2013 Fax: 974 215 261<\/li>\n<li>Correo electr\u00f3nico: <a href=\"mailto:info@hidrogenoaragon.org\">info@hidrogenoaragon.org<\/a><\/li>\n<\/ul>\n<p>O si lo prefiere puede enviarnos una comunicaci\u00f3n postal a la direcci\u00f3n mencionada.<\/p>\n<p>Si su consulta est\u00e1 relacionada con el uso que hacemos de sus datos personales o si lo que desea es darse de baja en alguno de nuestros servicios, le invitamos a visitar nuestra <a href=\"https:\/\/sustainhuts.eu\/es\/politica-de-proteccion-de-datos\/\">Pol\u00edtica de Privacidad.<\/a><\/p>\n<p><strong>CONDICIONES DE USO<\/strong><\/p>\n<p><strong>Esto es un contrato<\/strong><\/p>\n<p>El acceso, utilizaci\u00f3n, navegaci\u00f3n y participaci\u00f3n en los servicios y actividades de la web de la Fundaci\u00f3n Hidr\u00f3geno le atribuye, desde el comienzo, la condici\u00f3n de Usuario. Si contin\u00faa navegando se entender\u00e1 que acepta expresa, voluntariamente y sin reservas las presentes Condiciones de Uso. Si decide no aceptar estas condiciones deber\u00e1 abstenerse de acceder y\/o utilizar los contenidos y servicios que ofrecemos en la web.<\/p>\n<p>La aceptaci\u00f3n de las Condiciones de Uso implica que usted como Usuario declara:<\/p>\n<ul>\n<li>Haber le\u00eddo, entendido y comprendido en su integridad el contenido de estas Condiciones.<\/li>\n<li>Que toda la informaci\u00f3n que nos facilita haciendo uso de alguno de nuestros servicios es verdadera y exacta, sin limitaciones, reservas o falsedades.<\/li>\n<li>Que, para poder utilizar algunos servicios ofrecidos a trav\u00e9s de la web, acepta expl\u00edcitamente las siguientes Condiciones de Uso y la <a href=\"https:\/\/sustainhuts.eu\/es\/politica-de-proteccion-de-datos\/\">Pol\u00edtica de Privacidad<\/a> en relaci\u00f3n a la finalidad del tratamiento de los datos informada previamente al enviarnos su informaci\u00f3n personal.<\/li>\n<\/ul>\n<p>El uso y acceso a esta web es gratuito, sin perjuicio del coste de conexi\u00f3n y datos a trav\u00e9s de la correspondiente red de telecomunicaciones que le proporcione el acceso como Usuario.<\/p>\n<p><strong>Propiedad intelectual e industrial<\/strong><\/p>\n<p><strong>\u00bfQui\u00e9n es el titular de los contenidos de esta web?<\/strong><\/p>\n<p>Esta web, todas las p\u00e1ginas que comprende y la informaci\u00f3n o elementos contenidos en la misma (incluyendo a t\u00edtulo enunciativo pero no limitativo su programaci\u00f3n, edici\u00f3n, compilaci\u00f3n y dem\u00e1s elementos necesarios para su funcionamiento, todos los dise\u00f1os, textos, gr\u00e1ficos, iconos, botones, documentos, informaciones, archivos de sonido y\/o imagen, dise\u00f1os, c\u00f3digo fuente de la Fundaci\u00f3n Hidr\u00f3geno, entre otros), as\u00ed como logotipos, marcas, nombres comerciales u otros signos distintivos, industriales o cualesquiera otros signos susceptibles de utilizaci\u00f3n industrial y comercial (en adelante, el &#8220;Contenido\u201d de esta web), se encuentran protegidos por derechos de propiedad intelectual e industrial, de los que la Fundaci\u00f3n Hidr\u00f3geno es titular u ostenta licencia o autorizaci\u00f3n expresa para su utilizaci\u00f3n y comunicaci\u00f3n p\u00fablica por parte de los terceros leg\u00edtimos titulares de las mismas para su inclusi\u00f3n en esta web.<\/p>\n<p><strong>\u00bfQu\u00e9 l\u00edmites y autorizaciones tiene el uso de los contenidos de la web?<\/strong><\/p>\n<p>Como Usuario se compromete a hacer un uso adecuado de los contenidos y herramientas que est\u00e1n accesibles a trav\u00e9s de esta web, con sujeci\u00f3n a la Ley y a las presentes Condiciones de Uso. Por esta raz\u00f3n, expresamente acepta mantener indemne a la Fundaci\u00f3n Hidr\u00f3geno ante cualquier responsabilidad frente a cualquier persona, que pudiera derivarse de un uso del Contenido de la web por su parte, que no fuese acorde con estas Condiciones de Uso o con la legalidad vigente en cada momento que le resulte de aplicaci\u00f3n.<\/p>\n<p>En ning\u00fan caso se entender\u00e1 que por el uso de esta web se concede al Usuario autorizaci\u00f3n o licencia alguna, ni que se efect\u00faa renuncia, transmisi\u00f3n, cesi\u00f3n total o parcial de derechos de propiedad intelectual, industrial o de imagen, ni que se confiere ning\u00fan derecho, ni expectativa de derecho sin el consentimiento previo, expl\u00edcito y por escrito por parte de la Fundaci\u00f3n Hidr\u00f3geno o de los leg\u00edtimos titulares de tales derechos.<\/p>\n<p>Como Usuario no est\u00e1 autorizado a modificar, alterar, copiar, reutilizar, reinterpretar, explotar, reproducir, comunicar p\u00fablicamente, hacer segundas o posteriores publicaciones, cargar archivos, enviar por correo, transmitir, usar tratar o distribuir de cualquier forma la totalidad o parte de los contenidos o realizar cualquier acto con fines comerciales sobre los contenidos de la web sin la previa autorizaci\u00f3n expresa de la Fundaci\u00f3n Hidr\u00f3geno o de los titulares correspondientes.<\/p>\n<p>Cualquier uso no autorizado previamente por parte de la Fundaci\u00f3n Hidr\u00f3geno ser\u00e1 considerado un incumplimiento grave de los derechos de propiedad intelectual o industrial que podr\u00e1 derivar acciones judiciales.<\/p>\n<p>En caso de incumplimiento total o parcial por parte del Usuario de las presentes Condiciones de Uso, la Fundaci\u00f3n Hidr\u00f3geno se reserva el derecho de denegarle el acceso a su web sin necesidad de previo aviso.<\/p>\n<p><strong>Responsabilidades<\/strong><\/p>\n<p>La Fundaci\u00f3n Hidr\u00f3geno responder\u00e1 \u00fanica y exclusivamente frente al Usuario de los servicios que preste por s\u00ed mismo a trav\u00e9s de esta web y de los contenidos directamente originados e identificados por la Fundaci\u00f3n Hidr\u00f3geno bajo sus signos distintivos.<\/p>\n<p>La Fundaci\u00f3n Hidr\u00f3geno no garantiza el funcionamiento continuado, ni la correcta visualizaci\u00f3n, descarga o utilidad de la informaci\u00f3n contenida en las p\u00e1ginas de esta web, que pueda verse impedida, dificultada o interrumpida por factores o circunstancias que est\u00e9n fuera de nuestro control o sean ajenas a nuestra voluntad.<\/p>\n<p>Concretamente, la Fundaci\u00f3n Hidr\u00f3geno no asume responsabilidad alguna por da\u00f1os, perjuicios, p\u00e9rdidas, reclamaciones o gastos, producidos por:<\/p>\n<ul>\n<li>Uso indebido o inadecuado de la web.<\/li>\n<li>El uso del Contenido o lo Servicios de esta web de modo contrario a las presentes Condiciones de Uso.<\/li>\n<li>La informaci\u00f3n facilitada por los usuarios en alguno de nuestros formularios o cualquier otro servicio o canal de comunicaci\u00f3n que permita al Usuario enviar informaci\u00f3n a la Fundaci\u00f3n Hidr\u00f3geno o alguno de sus colaboradores.<\/li>\n<li>Interferencias, interrupciones, fallos, omisiones, retrasos, bloqueos o desconexiones, motivadas por errores en las l\u00edneas y redes de telecomunicaciones o por cualquier otra causa ajena al control del titular de la Fundaci\u00f3n Hidr\u00f3geno.<\/li>\n<li>Intromisiones ileg\u00edtimas mediante el uso de programas malignos de cualquier tipo y a trav\u00e9s de cualquier medio de comunicaci\u00f3n, tales como virus inform\u00e1ticos o cualesquiera otros.<\/li>\n<li>Que el Usuario no vea cumplidas las expectativas en relaci\u00f3n con esta web y\/o sus contenidos.<\/li>\n<li>Recepci\u00f3n, obtenci\u00f3n, almacenamiento, difusi\u00f3n, por parte de los Usuarios, de los contenidos, as\u00ed como su uso il\u00edcito, negligente, fraudulento, contrario a las presentes condiciones, a la buena fe, a los usos generalmente aceptados o al orden p\u00fablico.<\/li>\n<li>La concurrencia de causas de fuerza mayor.<\/li>\n<li>Que la configuraci\u00f3n de los dispositivos del Usuario no sea la adecuada para permitir el correcto uso de los servicios de informaci\u00f3n online prestados por la Fundaci\u00f3n Hidr\u00f3geno.<\/li>\n<li>Errores de seguridad o navegaci\u00f3n producidos por un mal funcionamiento del navegador del Usuario o por el uso de versiones no actualizadas.<\/li>\n<li>La no operatividad o problemas en la direcci\u00f3n de email facilitada por el Usuario a trav\u00e9s del correo de contacto.<\/li>\n<li>La utilizaci\u00f3n que los Usuarios puedan hacer de los contenidos.<\/li>\n<\/ul>\n<p>En caso de que considere que existe en este sitio web alg\u00fan contenido que pudiera ser susceptible de esta clasificaci\u00f3n, rogamos nos lo notifique de forma inmediata a nuestro Correo electr\u00f3nico.<\/p>\n<p><strong>Pol\u00edtica de enlaces<\/strong><\/p>\n<p>Esta web puede contener enlaces a otros sitios web titularidad de terceros (en adelante, \u201cSitios Enlazados\u201d). Tales Sitios son responsabilidad de terceros y se regir\u00e1n por los textos legales publicados en los mismos.<\/p>\n<p>Si decide visitar cualquier Sitio Enlazado, reconoce y acepta que lo hace bajo su propio criterio y que es su exclusiva responsabilidad tomar todas las medidas necesarias para protegerse contra virus y dem\u00e1s elementos destructivos que pudieran derivarse de aquellos, siendo adem\u00e1s consciente de que le ser\u00e1n aplicables las Condiciones de Uso que establezca el Sitio Enlazado en cuesti\u00f3n, aunque su acceso haya podido ser a trav\u00e9s de un enlace puntual desde la web de la Fundaci\u00f3n Hidr\u00f3geno.<\/p>\n<p>El Usuario acepta exonerar a la Fundaci\u00f3n Hidr\u00f3geno de cualquier responsabilidad sobre eventuales vulneraciones de derechos de propiedad intelectual o industrial de los titulares de los Sitios Enlazados, de cualquier responsabilidad sobre la disponibilidad t\u00e9cnica de los mismos, la calidad, fiabilidad, exactitud y\/o veracidad de los servicios, informaciones, elementos y\/o contenidos a los que, como Usuario, pueda acceder.<\/p>\n<p>En los supuestos en que el Usuario considere que existe un Sitio Enlazado con contenidos il\u00edcitos o inadecuados debe comunic\u00e1rnoslo a nuestro correo electr\u00f3nico, sin que en ning\u00fan caso esta comunicaci\u00f3n conlleve la obligaci\u00f3n de retirar el correspondiente enlace.<\/p>\n<p><strong>Reserva del derecho a modificar las Condiciones de Uso<\/strong><\/p>\n<p>La Fundaci\u00f3n Hidr\u00f3geno podr\u00e1 modificar las presentes Condiciones en cualquier momento, atendiendo a la evoluci\u00f3n de esta web y los contenidos en ella ofrecidos, reserv\u00e1ndose el derecho a modificar, a\u00f1adir o eliminar en cualquier momento y de forma unilateral algunas de las presentes Condiciones de Uso, si as\u00ed lo considerase necesario, bien por causas legales, por causas t\u00e9cnicas, o debido a cambios en la naturaleza o disposici\u00f3n de esta web, sin que exista obligaci\u00f3n de avisar o poner en conocimiento del Usuario dichas modificaciones, entendi\u00e9ndose como suficiente para empezar a ser aplicables su publicaci\u00f3n en la propia web.<\/p>\n<p>Igualmente, la Fundaci\u00f3n Hidr\u00f3geno podr\u00e1 imponer l\u00edmites a determinadas facilidades y servicios o restringir su acceso mediante registro a determinadas partes o a toda la web, sin necesidad de notificarlo previamente, y sin incurrir en responsabilidad alguna.<\/p>\n<p>Toda modificaci\u00f3n tendr\u00e1 efecto respecto a los Usuarios que usen esta web con posterioridad a dicha modificaci\u00f3n. La continuaci\u00f3n en el uso de este sitio despu\u00e9s de la publicaci\u00f3n de cualquier cambio se considerar\u00e1 como aceptaci\u00f3n de las mismas pudiendo ser exigible al Usuario responsabilidad por el incumplimiento directo de las mismas. En caso de que como Usuario no est\u00e9 de acuerdo con las actualizaciones de las Condiciones de Uso, podr\u00e1 renunciar a las mismas dejando de acceder a esta web o, caso de haber proporcionado sus datos personales, ejerciendo sus derechos conforme se indica con mayor detalle en nuestra <a href=\"https:\/\/sustainhuts.eu\/es\/politica-de-proteccion-de-datos\/\">Pol\u00edtica de Privacidad<\/a>.<\/p>\n<p>Al final de estas Condiciones de Uso se publicar\u00e1 siempre la \u00faltima fecha de su actualizaci\u00f3n, por lo que los cambios introducidos ser\u00e1n efectivos a partir de dicha fecha.<\/p>\n<p><strong>Legislaci\u00f3n aplicable y jurisdicci\u00f3n<\/strong><\/p>\n<p>La Fundaci\u00f3n Hidr\u00f3geno tiene su sede en Espa\u00f1a, por lo que estas Condiciones legales se han redactado en virtud de la legislaci\u00f3n espa\u00f1ola y normativa aplicable de la Uni\u00f3n Europea. En caso de conflicto, reclamaciones o quejas derivadas o relacionadas con el uso de esta web de la Fundaci\u00f3n Hidr\u00f3geno quedar\u00e1n sujetas a la citada legislaci\u00f3n, sin perjuicio de los principios que regulan los conflictos de leyes aplicables a cada caso.<\/p>\n<p>El Usuario acepta que las reclamaciones o quejas contra la Fundaci\u00f3n Hidr\u00f3geno que provengan o est\u00e9n relacionadas con el funcionamiento o el uso de esta web ser\u00e1n resueltas por el tribunal de la jurisdicci\u00f3n competente situado en Huesca.<\/p>\n<p>Si fuera la Fundaci\u00f3n Hidr\u00f3geno quien tuviera que efectuar alg\u00fan tipo de reclamaci\u00f3n lo har\u00e1 ante el tribunal competente del domicilio del Usuario o en Huesca si se trata de personas jur\u00eddicas o profesionales no consumidores.<\/p>\n<p>Si accede a este sitio desde una ubicaci\u00f3n fuera de Espa\u00f1a, ser\u00e1 Ud. el responsable de cumplir con todas las leyes locales e internacionales que le resulten de aplicaci\u00f3n.<\/p>\n<p><strong>\u00daltima actualizaci\u00f3n<\/strong><\/p>\n<p><strong>Aviso Legal y Condiciones de Uso actualizadas por \u00faltima vez con fecha 3 de marzo de 2021<\/strong><\/p>\n<\/div>\n<\/div>\n<\/div>\n<\/div>\n<\/div>\n","protected":false},"excerpt":{"rendered":"<p>Es importante que lea atentamente lo dispuesto a continuaci\u00f3n, si tiene dudas sobre alg\u00fan aspecto en concreto, le invitamos a ponerse en contacto con nosotros a trav\u00e9s de las v\u00edas que a continuaci\u00f3n ponemos a su disposici\u00f3n Identidad y titularidad de la web El presente Aviso Legal y las Condiciones de Uso se aplican a&hellip;<\/p>\n","protected":false},"author":4,"featured_media":0,"parent":0,"menu_order":9,"comment_status":"closed","ping_status":"closed","template":"","meta":{"footnotes":""},"class_list":["post-769","page","type-page","status-publish","hentry","entry","no-media"],"yoast_head":"<!-- This site is optimized with the Yoast SEO plugin v27.3 - https:\/\/yoast.com\/product\/yoast-seo-wordpress\/ -->\n<title>Aviso Legal - SustainHuts<\/title>\n<meta name=\"robots\" content=\"index, follow, max-snippet:-1, max-image-preview:large, max-video-preview:-1\" \/>\n<link rel=\"canonical\" href=\"https:\/\/sustainhuts.eu\/es\/aviso-legal\/\" \/>\n<meta property=\"og:locale\" content=\"es_ES\" \/>\n<meta property=\"og:type\" content=\"article\" \/>\n<meta property=\"og:title\" content=\"Aviso Legal - SustainHuts\" \/>\n<meta property=\"og:description\" content=\"Es importante que lea atentamente lo dispuesto a continuaci\u00f3n, si tiene dudas sobre alg\u00fan aspecto en concreto, le invitamos a ponerse en contacto con nosotros a trav\u00e9s de las v\u00edas que a continuaci\u00f3n ponemos a su disposici\u00f3n Identidad y titularidad de la web El presente Aviso Legal y las Condiciones de Uso se aplican a&hellip;\" \/>\n<meta property=\"og:url\" content=\"https:\/\/sustainhuts.eu\/es\/aviso-legal\/\" \/>\n<meta property=\"og:site_name\" content=\"SustainHuts\" \/>\n<meta property=\"article:modified_time\" content=\"2021-04-20T11:06:46+00:00\" \/>\n<meta name=\"twitter:card\" content=\"summary_large_image\" \/>\n<meta name=\"twitter:label1\" content=\"Tiempo de lectura\" \/>\n\t<meta name=\"twitter:data1\" content=\"9 minutes\" \/>\n<script type=\"application\/ld+json\" class=\"yoast-schema-graph\">{\"@context\":\"https:\\\/\\\/schema.org\",\"@graph\":[{\"@type\":\"WebPage\",\"@id\":\"https:\\\/\\\/sustainhuts.eu\\\/es\\\/aviso-legal\\\/\",\"url\":\"https:\\\/\\\/sustainhuts.eu\\\/es\\\/aviso-legal\\\/\",\"name\":\"Aviso Legal - SustainHuts\",\"isPartOf\":{\"@id\":\"https:\\\/\\\/sustainhuts.eu\\\/#website\"},\"datePublished\":\"2018-06-26T08:57:34+00:00\",\"dateModified\":\"2021-04-20T11:06:46+00:00\",\"breadcrumb\":{\"@id\":\"https:\\\/\\\/sustainhuts.eu\\\/es\\\/aviso-legal\\\/#breadcrumb\"},\"inLanguage\":\"es-ES\",\"potentialAction\":[{\"@type\":\"ReadAction\",\"target\":[\"https:\\\/\\\/sustainhuts.eu\\\/es\\\/aviso-legal\\\/\"]}]},{\"@type\":\"BreadcrumbList\",\"@id\":\"https:\\\/\\\/sustainhuts.eu\\\/es\\\/aviso-legal\\\/#breadcrumb\",\"itemListElement\":[{\"@type\":\"ListItem\",\"position\":1,\"name\":\"Home\",\"item\":\"https:\\\/\\\/sustainhuts.eu\\\/es\\\/\"},{\"@type\":\"ListItem\",\"position\":2,\"name\":\"Aviso Legal\"}]},{\"@type\":\"WebSite\",\"@id\":\"https:\\\/\\\/sustainhuts.eu\\\/#website\",\"url\":\"https:\\\/\\\/sustainhuts.eu\\\/\",\"name\":\"SustainHuts\",\"description\":\"Sustainable Mountain Huts\",\"publisher\":{\"@id\":\"https:\\\/\\\/sustainhuts.eu\\\/#organization\"},\"potentialAction\":[{\"@type\":\"SearchAction\",\"target\":{\"@type\":\"EntryPoint\",\"urlTemplate\":\"https:\\\/\\\/sustainhuts.eu\\\/?s={search_term_string}\"},\"query-input\":{\"@type\":\"PropertyValueSpecification\",\"valueRequired\":true,\"valueName\":\"search_term_string\"}}],\"inLanguage\":\"es-ES\"},{\"@type\":\"Organization\",\"@id\":\"https:\\\/\\\/sustainhuts.eu\\\/#organization\",\"name\":\"SustainHuts\",\"url\":\"https:\\\/\\\/sustainhuts.eu\\\/\",\"logo\":{\"@type\":\"ImageObject\",\"inLanguage\":\"es-ES\",\"@id\":\"https:\\\/\\\/sustainhuts.eu\\\/#\\\/schema\\\/logo\\\/image\\\/\",\"url\":\"https:\\\/\\\/sustainhuts.eu\\\/wp-content\\\/uploads\\\/2016\\\/12\\\/logo-sustain.png\",\"contentUrl\":\"https:\\\/\\\/sustainhuts.eu\\\/wp-content\\\/uploads\\\/2016\\\/12\\\/logo-sustain.png\",\"width\":240,\"height\":147,\"caption\":\"SustainHuts\"},\"image\":{\"@id\":\"https:\\\/\\\/sustainhuts.eu\\\/#\\\/schema\\\/logo\\\/image\\\/\"}}]}<\/script>\n<!-- \/ Yoast SEO plugin. -->","yoast_head_json":{"title":"Aviso Legal - SustainHuts","robots":{"index":"index","follow":"follow","max-snippet":"max-snippet:-1","max-image-preview":"max-image-preview:large","max-video-preview":"max-video-preview:-1"},"canonical":"https:\/\/sustainhuts.eu\/es\/aviso-legal\/","og_locale":"es_ES","og_type":"article","og_title":"Aviso Legal - SustainHuts","og_description":"Es importante que lea atentamente lo dispuesto a continuaci\u00f3n, si tiene dudas sobre alg\u00fan aspecto en concreto, le invitamos a ponerse en contacto con nosotros a trav\u00e9s de las v\u00edas que a continuaci\u00f3n ponemos a su disposici\u00f3n Identidad y titularidad de la web El presente Aviso Legal y las Condiciones de Uso se aplican a&hellip;","og_url":"https:\/\/sustainhuts.eu\/es\/aviso-legal\/","og_site_name":"SustainHuts","article_modified_time":"2021-04-20T11:06:46+00:00","twitter_card":"summary_large_image","twitter_misc":{"Tiempo de lectura":"9 minutes"},"schema":{"@context":"https:\/\/schema.org","@graph":[{"@type":"WebPage","@id":"https:\/\/sustainhuts.eu\/es\/aviso-legal\/","url":"https:\/\/sustainhuts.eu\/es\/aviso-legal\/","name":"Aviso Legal - SustainHuts","isPartOf":{"@id":"https:\/\/sustainhuts.eu\/#website"},"datePublished":"2018-06-26T08:57:34+00:00","dateModified":"2021-04-20T11:06:46+00:00","breadcrumb":{"@id":"https:\/\/sustainhuts.eu\/es\/aviso-legal\/#breadcrumb"},"inLanguage":"es-ES","potentialAction":[{"@type":"ReadAction","target":["https:\/\/sustainhuts.eu\/es\/aviso-legal\/"]}]},{"@type":"BreadcrumbList","@id":"https:\/\/sustainhuts.eu\/es\/aviso-legal\/#breadcrumb","itemListElement":[{"@type":"ListItem","position":1,"name":"Home","item":"https:\/\/sustainhuts.eu\/es\/"},{"@type":"ListItem","position":2,"name":"Aviso Legal"}]},{"@type":"WebSite","@id":"https:\/\/sustainhuts.eu\/#website","url":"https:\/\/sustainhuts.eu\/","name":"SustainHuts","description":"Sustainable Mountain Huts","publisher":{"@id":"https:\/\/sustainhuts.eu\/#organization"},"potentialAction":[{"@type":"SearchAction","target":{"@type":"EntryPoint","urlTemplate":"https:\/\/sustainhuts.eu\/?s={search_term_string}"},"query-input":{"@type":"PropertyValueSpecification","valueRequired":true,"valueName":"search_term_string"}}],"inLanguage":"es-ES"},{"@type":"Organization","@id":"https:\/\/sustainhuts.eu\/#organization","name":"SustainHuts","url":"https:\/\/sustainhuts.eu\/","logo":{"@type":"ImageObject","inLanguage":"es-ES","@id":"https:\/\/sustainhuts.eu\/#\/schema\/logo\/image\/","url":"https:\/\/sustainhuts.eu\/wp-content\/uploads\/2016\/12\/logo-sustain.png","contentUrl":"https:\/\/sustainhuts.eu\/wp-content\/uploads\/2016\/12\/logo-sustain.png","width":240,"height":147,"caption":"SustainHuts"},"image":{"@id":"https:\/\/sustainhuts.eu\/#\/schema\/logo\/image\/"}}]}},"_links":{"self":[{"href":"https:\/\/sustainhuts.eu\/es\/wp-json\/wp\/v2\/pages\/769","targetHints":{"allow":["GET"]}}],"collection":[{"href":"https:\/\/sustainhuts.eu\/es\/wp-json\/wp\/v2\/pages"}],"about":[{"href":"https:\/\/sustainhuts.eu\/es\/wp-json\/wp\/v2\/types\/page"}],"author":[{"embeddable":true,"href":"https:\/\/sustainhuts.eu\/es\/wp-json\/wp\/v2\/users\/4"}],"replies":[{"embeddable":true,"href":"https:\/\/sustainhuts.eu\/es\/wp-json\/wp\/v2\/comments?post=769"}],"version-history":[{"count":4,"href":"https:\/\/sustainhuts.eu\/es\/wp-json\/wp\/v2\/pages\/769\/revisions"}],"predecessor-version":[{"id":1284,"href":"https:\/\/sustainhuts.eu\/es\/wp-json\/wp\/v2\/pages\/769\/revisions\/1284"}],"wp:attachment":[{"href":"https:\/\/sustainhuts.eu\/es\/wp-json\/wp\/v2\/media?parent=769"}],"curies":[{"name":"wp","href":"https:\/\/api.w.org\/{rel}","templated":true}]}}