{"id":786,"date":"2018-06-26T09:07:27","date_gmt":"2018-06-26T09:07:27","guid":{"rendered":"https:\/\/sustainhuts.eu\/?page_id=786\/"},"modified":"2021-04-20T11:15:13","modified_gmt":"2021-04-20T11:15:13","slug":"politica-de-proteccion-de-datos","status":"publish","type":"page","link":"https:\/\/sustainhuts.eu\/es\/politica-de-proteccion-de-datos\/","title":{"rendered":"Pol\u00edtica de protecci\u00f3n de datos"},"content":{"rendered":"<p>Su privacidad y confianza son importantes para nosotros, por ello en esta Pol\u00edtica de privacidad le ofrecemos informaci\u00f3n importante sobre c\u00f3mo tratamos sus datos personales de conformidad con la normativa vigente en materia de protecci\u00f3n de datos personales en la presente p\u00e1gina web. Le recomendamos que lea cuidadosamente lo que viene a continuaci\u00f3n y, si despu\u00e9s de hacerlo tiene cualquier duda, puede consultarnos a trav\u00e9s de los medios que ponemos a su disposici\u00f3n.<\/p>\n<p><strong>Responsable del tratamiento <\/strong><\/p>\n<p>El Responsable del tratamiento de sus datos personales y titular de esta web es FUNDACI\u00d3N PARA EL DESARROLLO DE LAS NUEVAS TECNOLOG\u00cdAS DEL HIDR\u00d3GENO EN ARAG\u00d3N (en adelante, Fundaci\u00f3n Hidr\u00f3geno), provista de CIF n\u00ba 22280010, inscrita en el Registro de Fundaciones de la Comunidad Aut\u00f3noma de Arag\u00f3n el 21 de mayo de 2004\u00a0 con el n\u00famero de Registro 163 (I), y cuyo domicilio social se encuentra situado en Pol\u00edgono Walqa, Carretera N330, Km 566, Cuarte, 22197, Huesca (Espa\u00f1a).<\/p>\n<p>&nbsp;<\/p>\n<p>Adem\u00e1s de la direcci\u00f3n indicada, si desea ponerse en contacto con nosotros puede hacerlo a trav\u00e9s de nuestro:<\/p>\n<ul>\n<li><a href=\"https:\/\/sustainhuts.eu\/es\/contacto\/\">Formulario de Contacto<\/a><\/li>\n<li>Tel\u00e9fono: 974 215 258 \u2013 Fax: 974 215 261<\/li>\n<li>Correo electr\u00f3nico: <a href=\"mailto:info@hidrogenoaragon.org\">info@hidrogenoaragon.org<\/a><\/li>\n<\/ul>\n<p><strong>\u00a0<\/strong><strong>Tipolog\u00eda, finalidad y base leg\u00edtima para el tratamiento de datos personales<\/strong><\/p>\n<p>Recopilamos datos personales de:<\/p>\n<ul>\n<li><strong>Datos de trabajadores: <\/strong>estos datos tienen como finalidad la gesti\u00f3n de la relaci\u00f3n laboral, elaboraci\u00f3n de sus n\u00f3minas, control de la jornada laboral y dem\u00e1s obligaciones derivadas de la misma. Los datos recabados son datos identificativos, categor\u00edas especiales (salud\/ discapacidad), datos de caracter\u00edsticas personales, datos acad\u00e9micos y profesiones, datos de detalle de empleo y datos econ\u00f3micos.\u00a0 La base de legitimaci\u00f3n para el tratamiento de datos es la propia relaci\u00f3n entre las partes, la obligaci\u00f3n legal de recabar este tipo de datos y el consentimiento de los interesados. El plazo de conservaci\u00f3n de los datos queda fijado en cinco a\u00f1os desde la finalizaci\u00f3n de la relaci\u00f3n laboral, salvo las n\u00f3minas, TC1 y TC2 que deben conservarse durante diez a\u00f1os.<\/li>\n<li><strong>Datos de demandantes de empleo:<\/strong> estos datos tienen como finalidad la gesti\u00f3n de procesos de selecci\u00f3n. Los datos recabados son datos identificativos, datos de caracter\u00edsticas personales, datos acad\u00e9micos y profesiones y datos de detalle de empleo. La base de legitimaci\u00f3n para el tratamiento de datos es la propia relaci\u00f3n precontractual entre las partes y el consentimiento de los interesados. El plazo de conservaci\u00f3n de los datos queda fijado en seis meses desde la finalizaci\u00f3n del proceso de selecci\u00f3n.<\/li>\n<\/ul>\n<ul>\n<li><strong>Datos de clientes y proveedores:<\/strong> estos datos tienen como finalidad gestionar los contratos mercantiles para lo que se recaban datos identificativos, datos financieros o fiscales y otros datos como TC2 o seguros civiles. Es la propia ejecuci\u00f3n del contrato o precontrato lo que nos legitima para el tratamiento de sus datos los cuales ser\u00e1n cancelados en el plazo de cinco a\u00f1os desde la finalizaci\u00f3n de la relaci\u00f3n comercial.<\/li>\n<\/ul>\n<ul>\n<li><strong>Datos del patronato: <\/strong>estos datos se recogen con la finalidad gestionar la entidad a nivel interno. El tratamiento de sus datos est\u00e1 legitimado en la relaci\u00f3n mercantil entre las partes.<\/li>\n<\/ul>\n<ul>\n<li><strong>Datos de videovigilancia:<\/strong> la finalidad del tratamiento es garantizar la seguridad en nuestras instalaciones. La base de legitimaci\u00f3n para el tratamiento de estos datos es el cumplimiento de una misi\u00f3n realizada en inter\u00e9s p\u00fablico. Estos datos (imagen) ser\u00e1n cancelados en un plazo m\u00e1ximo de 30 d\u00edas.<\/li>\n<li><strong>Datos de contacto facilitados a trav\u00e9s de la web:<\/strong> a trav\u00e9s de esta v\u00eda se recabar\u00e1n los datos de contacto con los que usted se identifique para hacernos llegar las comunicaciones, su nombre y apellidos, correo electr\u00f3nico o tel\u00e9fono, as\u00ed como cualquier otra informaci\u00f3n que usted libremente nos decida trasladar y que no podemos detallar al no conocer el contenido de todas las posibles comunicaciones que usted nos pueda hacer llegar. Tratamos estos datos personales con la finalidad de responder a sus consultas, as\u00ed como de dar respuesta a sus derechos en materia de protecci\u00f3n de datos personales. La base leg\u00edtima para responder a sus comunicaciones es su consentimiento y el inter\u00e9s leg\u00edtimo de la Fundaci\u00f3n Hidr\u00f3geno en responder a sus consultas. Estos datos ser\u00e1n cancelados en el plazo de dos a\u00f1os.<\/li>\n<li><strong>El uso de Cookies:<\/strong> la Fundaci\u00f3n Hidr\u00f3geno podr\u00e1 tratar los datos personales recabados a trav\u00e9s de las cookies informadas en la <a href=\"https:\/\/sustainhuts.eu\/es\/politica-de-cookies\/\">Pol\u00edtica de Cookies<\/a>. Sus datos personales en este caso ser\u00e1n tratados con los siguientes fines: [la Fundaci\u00f3n Hidr\u00f3geno deber\u00e1 determinar los fines de los datos que recaban las cookies]. La base leg\u00edtima en este caso es su consentimiento.<\/li>\n<li><strong>Datos derivados del ejercicio de derechos en materia de protecci\u00f3n de datos:<\/strong> la finalidad de este tratamiento es el cumplimiento de la obligaci\u00f3n legal prevista en la L.O. 3\/2018, de 5 de diciembre, de protecci\u00f3n de datos personales y garant\u00eda de los derechos digitales. Por lo tanto, el tratamiento est\u00e1 legitimado en el cumplimiento de esta obligaci\u00f3n legal. Sus datos ser\u00e1n cancelados en el plazo de 4 a\u00f1os desde el ejercicio de sus derechos.<\/li>\n<li><strong>Datos relativos al buz\u00f3n de sugerencias, quejas o denuncias:<\/strong> la finalidad del tratamiento es tramitar las sugerencias, quejas o denuncias recibidas por parte del personal. La base que nos legitima el tratamiento de estos datos es el inter\u00e9s leg\u00edtimo del responsable del tratamiento. Estos datos ser\u00e1n minimizados y se conservar\u00e1n durante 7 d\u00edas salvo que deban ser investigados, en cuyo caso se mantendr\u00e1n mientras dure la misma, el procedimiento judicial correspondiente o el plazo de prescripci\u00f3n de las acciones que se puedan ejercitar.<\/li>\n<\/ul>\n<p><strong>Plazos de conservaci\u00f3n<\/strong><\/p>\n<p>Los datos personales proporcionados se conservar\u00e1n mientras subsista la relaci\u00f3n que nos pueda unir, siendo bloqueados cuando hayan dejado de ser necesarios para la finalidad para la cual fueron recabados, quedando a disposici\u00f3n exclusiva de Jueces y Tribunales, el Ministerio Fiscal o las Administraciones P\u00fablicas competentes, en particular las autoridades sanitarias y de protecci\u00f3n de datos, para la atenci\u00f3n de las posibles medidas a tomar respecto a la trazabilidad de los productos sanitarios en relaci\u00f3n a la Vigilancia de la Salud, as\u00ed como responsabilidades nacidas del tratamiento de los datos , durante el plazo de prescripci\u00f3n de \u00e9stos.<\/p>\n<p><strong>Decisiones automatizadas, elaboraci\u00f3n de perfiles y l\u00f3gica empleada<\/strong><\/p>\n<p>La Fundaci\u00f3n Hidr\u00f3geno no realizar\u00e1 an\u00e1lisis de perfiles ni toma de decisiones automatizadas con los datos personales recabados.<\/p>\n<p><strong>\u00bfC\u00f3mo compartimos la informaci\u00f3n con terceros? <\/strong><\/p>\n<p>Compartimos la informaci\u00f3n personal con terceros con el fin de prestar servicios en los t\u00e9rminos que se describen en esta Pol\u00edtica de Privacidad o por exigencia legal. Cuando compartimos informaci\u00f3n personal, lo hacemos de conformidad con los requisitos de privacidad y seguridad de los datos.<\/p>\n<p>En concreto, la Fundaci\u00f3n Hidr\u00f3geno le informa que sus datos personales podr\u00e1n ser comunicados a:<\/p>\n<ul>\n<li>Empresas colaboradoras en proyectos, con las siguientes finalidades:<\/li>\n<li>Contratar productos y\/o servicios de dichas entidades y\/o colaborar en el desarrollo de un proyecto.<\/li>\n<li>Cumplir obligaciones legales.<\/li>\n<li>Organismos P\u00fablicos competentes, Agencia Tributaria, Jueces y Tribunales, cuando la Fundaci\u00f3n Hidr\u00f3geno tenga la obligaci\u00f3n legal de facilitarlos.<\/li>\n<li>Adem\u00e1s, la Fundaci\u00f3n Hidr\u00f3geno cuenta con la colaboraci\u00f3n de algunos terceros proveedores de servicios que tienen acceso a sus datos personales y que tratan los referidos datos en nombre y por cuenta de la Fundaci\u00f3n Hidr\u00f3geno como consecuencia de su prestaci\u00f3n de servicios. En concreto, y a t\u00edtulo enunciativo y no limitativo, los citados proveedores desempe\u00f1an sus servicios en los siguientes sectores: servicios de log\u00edstica, asesoramiento jur\u00eddico, empresas de servicios profesionales multidisciplinares, empresas relacionadas con el mantenimiento, empresas proveedoras de servicios tecnol\u00f3gicos, empresas proveedoras de servicios inform\u00e1ticos, empresas de seguridad f\u00edsica, prestadores de servicios de mensajer\u00eda instant\u00e1nea, empresas de gesti\u00f3n y mantenimiento de infraestructuras y empresas de servicios de centro de llamadas.<\/li>\n<\/ul>\n<p><strong>Transferencias internacionales<\/strong><\/p>\n<p>La Fundaci\u00f3n Hidr\u00f3geno procura utilizar herramientas seguras cuyos servidores se hallen preferiblemente en Espa\u00f1a, o en su defecto, en alg\u00fan estado miembro de la Uni\u00f3n Europea, o bien que cumplan la legalidad europea a tenor de las gu\u00edas y recomendaciones de la Agencia Espa\u00f1ola de Protecci\u00f3n de Datos, la Comisi\u00f3n Europea y los acuerdos comunitarios de referencia en materia de transferencia internacional de datos.<\/p>\n<p>Actualmente, la Fundaci\u00f3n Hidr\u00f3geno no realiza transferencias internacionales, no obstante, en el caso de que sea precisa la transferencia internacional de datos, la aceptaci\u00f3n de esta Pol\u00edtica de Privacidad significa que como Usuario consiente expresamente la referida transferencia.<\/p>\n<p><strong>Ejercicio de derechos y reclamaci\u00f3n ante la Agencia Espa\u00f1ola de Protecci\u00f3n de Datos<\/strong><\/p>\n<p>En cualquier momento el Usuario puede retirar su consentimiento y\/o ejercer sus derechos de acceso, rectificaci\u00f3n, supresi\u00f3n, limitaci\u00f3n, oposici\u00f3n y portabilidad previstos en la normativa europea de protecci\u00f3n de datos personales, enviando un correo a <a href=\"mailto:info@hidrogenoaragon.org\">info@hidrogenoaragon.org<\/a> \u00a0\u00a0o mediante env\u00edo de correo postal dirigi\u00e9ndose a la Fundaci\u00f3n para el desarrollo de las nuevas tecnolog\u00edas del Hidr\u00f3geno en Arag\u00f3n, a la direcci\u00f3n Pol\u00edgono Walqa, Carretera N330, Km 566, Cuarte, 22197, Huesca (Espa\u00f1a).<\/p>\n<p>En tal caso, el Usuario deber\u00e1 indicar el derecho que desea ejercitar y adjuntar una copia de su DNI o cualquier otra documentaci\u00f3n identificativa v\u00e1lida que le legitime para ello, incluido aquel que permita su identificaci\u00f3n electr\u00f3nica.<\/p>\n<p>En caso de no ver atendidos sus derechos de forma efectiva, puede realizar una reclamaci\u00f3n ante la Agencia Espa\u00f1ola de Protecci\u00f3n de Datos.<\/p>\n<p><strong>Su compromiso, la veracidad de los datos que nos indique<\/strong><\/p>\n<p>El Usuario declara que los datos personales que facilita a la Fundaci\u00f3n Hidr\u00f3geno son veraces.<\/p>\n<p>Como Usuario debe saber que usted es el \u00fanico responsable de cualquier da\u00f1o o perjuicio, directo o indirecto, que pudiera ocasionarse a la Fundaci\u00f3n Hidr\u00f3geno como responsable de este sitio web o a un tercero si nos env\u00eda datos falsos o de terceras personas sin contar con su consentimiento previo causando enga\u00f1o, da\u00f1o o perjuicio.<\/p>\n<p>Para que podamos mantener sus datos exactos y actualizados, rogamos al Usuario que nos comunique cualquier variaci\u00f3n que pueda darse en los datos facilitados.<\/p>\n<p><strong>Consentimiento de menores de edad<\/strong><\/p>\n<p>Queda prohibido por la Fundaci\u00f3n Hidr\u00f3geno el env\u00edo de datos personales a trav\u00e9s de este sitio web o los medios indicados en el mismo por usuarios menores de 14 a\u00f1os. En caso de que la Fundaci\u00f3n Hidr\u00f3geno detecte usuarios que pudieran ser menores de la indicada edad, no tratar\u00e1 sus datos ni por tanto dar\u00e1 respuesta a las solicitudes.<\/p>\n<p>La Fundaci\u00f3n Hidr\u00f3geno se reserva el derecho a solicitar una copia de su DNI o documento equivalente que acredite su legitimaci\u00f3n en caso de tener sospechas fundadas sobre la minor\u00eda de edad del Usuario.<\/p>\n<p><strong>Me<\/strong><strong>didas de Seguridad aplicables<\/strong><\/p>\n<p>Con objeto de proteger los datos personales de los usuarios, la Fundaci\u00f3n Hidr\u00f3geno se asegura por s\u00ed y controla a sus encargados del tratamiento, en la aplicaci\u00f3n de las medidas t\u00e9cnicas y organizativas adecuadas al estado de la t\u00e9cnica para proteger los datos personales, teniendo en cuenta el alcance, el contexto y las finalidades del tratamiento, as\u00ed como los riesgos de probabilidad y gravedad variables para los derechos y libertades de los interesados, procurando estar en capacidad de asegurar la confidencialidad, integridad, disponibilidad y resiliencia de los sistemas y servicios del tratamiento.<\/p>\n<p>Nuestras pol\u00edticas y procedimientos de seguridad de la informaci\u00f3n se revisan y actualizan regularmente con el objeto de satisfacer las necesidades de nuestro negocio, los cambios tecnol\u00f3gicos y los requisitos regulatorios.<\/p>\n<p><strong>Legislaci\u00f3n aplicable y jurisdicci\u00f3n<\/strong><\/p>\n<p>La Fundaci\u00f3n Hidr\u00f3geno tiene su sede en Espa\u00f1a, por lo que el contenido de esta Pol\u00edtica de Privacidad se ha redactado en virtud de la legislaci\u00f3n espa\u00f1ola y normativa aplicable de la Uni\u00f3n Europea.<\/p>\n<p>Al aceptar la presente Pol\u00edtica de Privacidad, acepta que las reclamaciones o quejas contra esta entidad que provengan o est\u00e9n relacionadas con el uso de este sitio web y m\u00e1s concretamente con el tratamiento de sus datos personales ser\u00e1n resueltas por el tribunal de la jurisdicci\u00f3n competente situado en Huesca. Si fuera la Fundaci\u00f3n Hidr\u00f3geno quien tuviera que efectuar alg\u00fan tipo de reclamaci\u00f3n lo har\u00e1 ante el tribunal competente del domicilio del Usuario o en el domicilio de la Fundaci\u00f3n Hidr\u00f3geno si se trata de personas jur\u00eddicas o profesionales no consumidores.<\/p>\n<p>Si el Usuario accede a este sitio desde una ubicaci\u00f3n fuera de Espa\u00f1a, es responsable de cumplir con todas las leyes locales e internacionales que te resulten de aplicaci\u00f3n.<\/p>\n<p><strong>\u00daltima actualizaci\u00f3n<\/strong><strong>\u00a0\u00a0\u00a0\u00a0\u00a0\u00a0\u00a0\u00a0\u00a0\u00a0\u00a0\u00a0\u00a0\u00a0\u00a0\u00a0\u00a0\u00a0\u00a0\u00a0\u00a0\u00a0\u00a0\u00a0\u00a0\u00a0\u00a0\u00a0\u00a0\u00a0\u00a0\u00a0\u00a0\u00a0\u00a0\u00a0\u00a0\u00a0\u00a0\u00a0\u00a0\u00a0\u00a0\u00a0\u00a0\u00a0\u00a0\u00a0\u00a0\u00a0\u00a0\u00a0\u00a0\u00a0\u00a0\u00a0\u00a0\u00a0\u00a0\u00a0\u00a0\u00a0\u00a0\u00a0\u00a0\u00a0\u00a0\u00a0\u00a0\u00a0\u00a0\u00a0\u00a0\u00a0\u00a0\u00a0\u00a0\u00a0\u00a0\u00a0\u00a0\u00a0\u00a0\u00a0\u00a0\u00a0\u00a0\u00a0\u00a0\u00a0 <\/strong><\/p>\n<p><strong>Pol\u00edtica de Privacidad actualizada por \u00faltima vez con fecha 3 de marzo de 2021.<\/strong><\/p>\n","protected":false},"excerpt":{"rendered":"<p>Su privacidad y confianza son importantes para nosotros, por ello en esta Pol\u00edtica de privacidad le ofrecemos informaci\u00f3n importante sobre c\u00f3mo tratamos sus datos personales de conformidad con la normativa vigente en materia de protecci\u00f3n de datos personales en la presente p\u00e1gina web. Le recomendamos que lea cuidadosamente lo que viene a continuaci\u00f3n y, si&hellip;<\/p>\n","protected":false},"author":4,"featured_media":0,"parent":0,"menu_order":9,"comment_status":"closed","ping_status":"closed","template":"","meta":{"footnotes":""},"class_list":["post-786","page","type-page","status-publish","hentry","entry","no-media"],"yoast_head":"<!-- This site is optimized with the Yoast SEO plugin v27.3 - https:\/\/yoast.com\/product\/yoast-seo-wordpress\/ -->\n<title>Pol\u00edtica de protecci\u00f3n de datos - SustainHuts<\/title>\n<meta name=\"robots\" content=\"index, follow, max-snippet:-1, max-image-preview:large, max-video-preview:-1\" \/>\n<link rel=\"canonical\" href=\"https:\/\/sustainhuts.eu\/es\/politica-de-proteccion-de-datos\/\" \/>\n<meta property=\"og:locale\" content=\"es_ES\" \/>\n<meta property=\"og:type\" content=\"article\" \/>\n<meta property=\"og:title\" content=\"Pol\u00edtica de protecci\u00f3n de datos - SustainHuts\" \/>\n<meta property=\"og:description\" content=\"Su privacidad y confianza son importantes para nosotros, por ello en esta Pol\u00edtica de privacidad le ofrecemos informaci\u00f3n importante sobre c\u00f3mo tratamos sus datos personales de conformidad con la normativa vigente en materia de protecci\u00f3n de datos personales en la presente p\u00e1gina web. Le recomendamos que lea cuidadosamente lo que viene a continuaci\u00f3n y, si&hellip;\" \/>\n<meta property=\"og:url\" content=\"https:\/\/sustainhuts.eu\/es\/politica-de-proteccion-de-datos\/\" \/>\n<meta property=\"og:site_name\" content=\"SustainHuts\" \/>\n<meta property=\"article:modified_time\" content=\"2021-04-20T11:15:13+00:00\" \/>\n<meta name=\"twitter:card\" content=\"summary_large_image\" \/>\n<meta name=\"twitter:label1\" content=\"Tiempo de lectura\" \/>\n\t<meta name=\"twitter:data1\" content=\"9 minutes\" \/>\n<script type=\"application\/ld+json\" class=\"yoast-schema-graph\">{\"@context\":\"https:\\\/\\\/schema.org\",\"@graph\":[{\"@type\":\"WebPage\",\"@id\":\"https:\\\/\\\/sustainhuts.eu\\\/es\\\/politica-de-proteccion-de-datos\\\/\",\"url\":\"https:\\\/\\\/sustainhuts.eu\\\/es\\\/politica-de-proteccion-de-datos\\\/\",\"name\":\"Pol\u00edtica de protecci\u00f3n de datos - SustainHuts\",\"isPartOf\":{\"@id\":\"https:\\\/\\\/sustainhuts.eu\\\/#website\"},\"datePublished\":\"2018-06-26T09:07:27+00:00\",\"dateModified\":\"2021-04-20T11:15:13+00:00\",\"breadcrumb\":{\"@id\":\"https:\\\/\\\/sustainhuts.eu\\\/es\\\/politica-de-proteccion-de-datos\\\/#breadcrumb\"},\"inLanguage\":\"es-ES\",\"potentialAction\":[{\"@type\":\"ReadAction\",\"target\":[\"https:\\\/\\\/sustainhuts.eu\\\/es\\\/politica-de-proteccion-de-datos\\\/\"]}]},{\"@type\":\"BreadcrumbList\",\"@id\":\"https:\\\/\\\/sustainhuts.eu\\\/es\\\/politica-de-proteccion-de-datos\\\/#breadcrumb\",\"itemListElement\":[{\"@type\":\"ListItem\",\"position\":1,\"name\":\"Home\",\"item\":\"https:\\\/\\\/sustainhuts.eu\\\/es\\\/\"},{\"@type\":\"ListItem\",\"position\":2,\"name\":\"Pol\u00edtica de protecci\u00f3n de datos\"}]},{\"@type\":\"WebSite\",\"@id\":\"https:\\\/\\\/sustainhuts.eu\\\/#website\",\"url\":\"https:\\\/\\\/sustainhuts.eu\\\/\",\"name\":\"SustainHuts\",\"description\":\"Sustainable Mountain Huts\",\"publisher\":{\"@id\":\"https:\\\/\\\/sustainhuts.eu\\\/#organization\"},\"potentialAction\":[{\"@type\":\"SearchAction\",\"target\":{\"@type\":\"EntryPoint\",\"urlTemplate\":\"https:\\\/\\\/sustainhuts.eu\\\/?s={search_term_string}\"},\"query-input\":{\"@type\":\"PropertyValueSpecification\",\"valueRequired\":true,\"valueName\":\"search_term_string\"}}],\"inLanguage\":\"es-ES\"},{\"@type\":\"Organization\",\"@id\":\"https:\\\/\\\/sustainhuts.eu\\\/#organization\",\"name\":\"SustainHuts\",\"url\":\"https:\\\/\\\/sustainhuts.eu\\\/\",\"logo\":{\"@type\":\"ImageObject\",\"inLanguage\":\"es-ES\",\"@id\":\"https:\\\/\\\/sustainhuts.eu\\\/#\\\/schema\\\/logo\\\/image\\\/\",\"url\":\"https:\\\/\\\/sustainhuts.eu\\\/wp-content\\\/uploads\\\/2016\\\/12\\\/logo-sustain.png\",\"contentUrl\":\"https:\\\/\\\/sustainhuts.eu\\\/wp-content\\\/uploads\\\/2016\\\/12\\\/logo-sustain.png\",\"width\":240,\"height\":147,\"caption\":\"SustainHuts\"},\"image\":{\"@id\":\"https:\\\/\\\/sustainhuts.eu\\\/#\\\/schema\\\/logo\\\/image\\\/\"}}]}<\/script>\n<!-- \/ Yoast SEO plugin. -->","yoast_head_json":{"title":"Pol\u00edtica de protecci\u00f3n de datos - SustainHuts","robots":{"index":"index","follow":"follow","max-snippet":"max-snippet:-1","max-image-preview":"max-image-preview:large","max-video-preview":"max-video-preview:-1"},"canonical":"https:\/\/sustainhuts.eu\/es\/politica-de-proteccion-de-datos\/","og_locale":"es_ES","og_type":"article","og_title":"Pol\u00edtica de protecci\u00f3n de datos - SustainHuts","og_description":"Su privacidad y confianza son importantes para nosotros, por ello en esta Pol\u00edtica de privacidad le ofrecemos informaci\u00f3n importante sobre c\u00f3mo tratamos sus datos personales de conformidad con la normativa vigente en materia de protecci\u00f3n de datos personales en la presente p\u00e1gina web. Le recomendamos que lea cuidadosamente lo que viene a continuaci\u00f3n y, si&hellip;","og_url":"https:\/\/sustainhuts.eu\/es\/politica-de-proteccion-de-datos\/","og_site_name":"SustainHuts","article_modified_time":"2021-04-20T11:15:13+00:00","twitter_card":"summary_large_image","twitter_misc":{"Tiempo de lectura":"9 minutes"},"schema":{"@context":"https:\/\/schema.org","@graph":[{"@type":"WebPage","@id":"https:\/\/sustainhuts.eu\/es\/politica-de-proteccion-de-datos\/","url":"https:\/\/sustainhuts.eu\/es\/politica-de-proteccion-de-datos\/","name":"Pol\u00edtica de protecci\u00f3n de datos - SustainHuts","isPartOf":{"@id":"https:\/\/sustainhuts.eu\/#website"},"datePublished":"2018-06-26T09:07:27+00:00","dateModified":"2021-04-20T11:15:13+00:00","breadcrumb":{"@id":"https:\/\/sustainhuts.eu\/es\/politica-de-proteccion-de-datos\/#breadcrumb"},"inLanguage":"es-ES","potentialAction":[{"@type":"ReadAction","target":["https:\/\/sustainhuts.eu\/es\/politica-de-proteccion-de-datos\/"]}]},{"@type":"BreadcrumbList","@id":"https:\/\/sustainhuts.eu\/es\/politica-de-proteccion-de-datos\/#breadcrumb","itemListElement":[{"@type":"ListItem","position":1,"name":"Home","item":"https:\/\/sustainhuts.eu\/es\/"},{"@type":"ListItem","position":2,"name":"Pol\u00edtica de protecci\u00f3n de datos"}]},{"@type":"WebSite","@id":"https:\/\/sustainhuts.eu\/#website","url":"https:\/\/sustainhuts.eu\/","name":"SustainHuts","description":"Sustainable Mountain Huts","publisher":{"@id":"https:\/\/sustainhuts.eu\/#organization"},"potentialAction":[{"@type":"SearchAction","target":{"@type":"EntryPoint","urlTemplate":"https:\/\/sustainhuts.eu\/?s={search_term_string}"},"query-input":{"@type":"PropertyValueSpecification","valueRequired":true,"valueName":"search_term_string"}}],"inLanguage":"es-ES"},{"@type":"Organization","@id":"https:\/\/sustainhuts.eu\/#organization","name":"SustainHuts","url":"https:\/\/sustainhuts.eu\/","logo":{"@type":"ImageObject","inLanguage":"es-ES","@id":"https:\/\/sustainhuts.eu\/#\/schema\/logo\/image\/","url":"https:\/\/sustainhuts.eu\/wp-content\/uploads\/2016\/12\/logo-sustain.png","contentUrl":"https:\/\/sustainhuts.eu\/wp-content\/uploads\/2016\/12\/logo-sustain.png","width":240,"height":147,"caption":"SustainHuts"},"image":{"@id":"https:\/\/sustainhuts.eu\/#\/schema\/logo\/image\/"}}]}},"_links":{"self":[{"href":"https:\/\/sustainhuts.eu\/es\/wp-json\/wp\/v2\/pages\/786","targetHints":{"allow":["GET"]}}],"collection":[{"href":"https:\/\/sustainhuts.eu\/es\/wp-json\/wp\/v2\/pages"}],"about":[{"href":"https:\/\/sustainhuts.eu\/es\/wp-json\/wp\/v2\/types\/page"}],"author":[{"embeddable":true,"href":"https:\/\/sustainhuts.eu\/es\/wp-json\/wp\/v2\/users\/4"}],"replies":[{"embeddable":true,"href":"https:\/\/sustainhuts.eu\/es\/wp-json\/wp\/v2\/comments?post=786"}],"version-history":[{"count":3,"href":"https:\/\/sustainhuts.eu\/es\/wp-json\/wp\/v2\/pages\/786\/revisions"}],"predecessor-version":[{"id":1288,"href":"https:\/\/sustainhuts.eu\/es\/wp-json\/wp\/v2\/pages\/786\/revisions\/1288"}],"wp:attachment":[{"href":"https:\/\/sustainhuts.eu\/es\/wp-json\/wp\/v2\/media?parent=786"}],"curies":[{"name":"wp","href":"https:\/\/api.w.org\/{rel}","templated":true}]}}