{"id":549,"date":"2017-06-12T08:48:45","date_gmt":"2017-06-12T08:48:45","guid":{"rendered":"https:\/\/sustainhuts.eu\/?page_id=549\/"},"modified":"2020-11-05T21:13:52","modified_gmt":"2020-11-05T21:13:52","slug":"home","status":"publish","type":"page","link":"https:\/\/sustainhuts.eu\/sl\/","title":{"rendered":"Domov"},"content":{"rendered":"[vc_row center_row=&#8221;yes&#8221; css=&#8221;.vc_custom_1456098257818{padding-top: 100px !important;padding-bottom: 60px !important;}&#8221;][vc_column width=&#8221;1\/3&#8243;]<div class=\"vcex-module vcex-icon-box vcex-icon-box-two wpex-relative wpex-text-center\"><div class=\"vcex-icon-box-symbol wpex-mb-20\"><div class=\"vcex-icon-box-icon wpex-inline-flex wpex-items-center wpex-justify-center wpex-child-inherit-color wpex-text-center wpex-leading-none wpex-text-black\" style=\"color:#ffffff;font-size:36px;border-radius:50%;background:#9cc900;width:80px;height:80px;\"><span class=\"typcn typcn-leaf\" aria-hidden=\"true\"><\/span><\/div><\/div><div class=\"vcex-icon-box-text\"><h2 class=\"vcex-icon-box-heading wpex-heading wpex-text-md wpex-mb-10\" style=\"font-size:21px;\">Trajnosten projekt<\/h2><div class=\"vcex-icon-box-content wpex-last-mb-0 wpex-clr\"><p>Izbolj\u0161anje trajnostnosti gorskih zato\u010di\u0161\u010d z uvajanjem obnovljivih virov energije, izbolj\u0161ane u\u010dinkovitosti in izolacije.<\/p>\n<\/div><\/div><\/div>[\/vc_column][vc_column width=&#8221;1\/3&#8243;]<div class=\"vcex-module vcex-icon-box vcex-icon-box-two wpex-relative wpex-text-center\"><div class=\"vcex-icon-box-symbol wpex-mb-20\"><div class=\"vcex-icon-box-icon wpex-inline-flex wpex-items-center wpex-justify-center wpex-child-inherit-color wpex-text-center wpex-leading-none wpex-text-black\" style=\"color:#ffffff;font-size:36px;border-radius:50%;background:#9cc900;width:80px;height:80px;\"><span class=\"typcn typcn-home\" aria-hidden=\"true\"><\/span><\/div><\/div><div class=\"vcex-icon-box-text\"><h2 class=\"vcex-icon-box-heading wpex-heading wpex-text-md wpex-mb-10\" style=\"font-size:21px;\">Devet ko\u010d<\/h2><div class=\"vcex-icon-box-content wpex-last-mb-0 wpex-clr\"><p>Demonstracija v devetih ko\u010dah (v eni tudi z vodikovimi tehnologijami) v \u0161tirih evropskih dr\u017eavah.<\/p>\n<\/div><\/div><\/div>[\/vc_column][vc_column width=&#8221;1\/3&#8243;]<div class=\"vcex-module vcex-icon-box vcex-icon-box-two wpex-relative wpex-text-center\"><div class=\"vcex-icon-box-symbol wpex-mb-20\"><div class=\"vcex-icon-box-icon wpex-inline-flex wpex-items-center wpex-justify-center wpex-child-inherit-color wpex-text-center wpex-leading-none wpex-text-black\" style=\"color:#ffffff;font-size:34px;border-radius:50%;background:#9cc900;width:80px;height:80px;\"><span class=\"ticon ticon-circle-o-notch\" aria-hidden=\"true\"><\/span><\/div><\/div><div class=\"vcex-icon-box-text\"><h2 class=\"vcex-icon-box-heading wpex-heading wpex-text-md wpex-mb-10\" style=\"font-size:21px;\">Raz\u0161irljiv projekt<\/h2><div class=\"vcex-icon-box-content wpex-last-mb-0 wpex-clr\"><p>Mo\u017enost prenosa tehnologij na podobne odro\u010dne lokacije.<\/p>\n<\/div><\/div><\/div>[\/vc_column][\/vc_row][vc_row parallax=&#8221;content-moving-fade&#8221; center_row=&#8221;yes&#8221; css=&#8221;.vc_custom_1482687852600{padding-top: 140px !important;padding-bottom: 100px !important;background: #000000 url(https:\/\/sustainhuts.eu\/wp-content\/uploads\/2016\/02\/sustain-huts-project-.jpg?id=114);background-position: center;background-repeat: no-repeat !important;background-size: cover !important;}&#8221;][vc_column width=&#8221;1\/4&#8243;]<div class=\"vcex-module vcex-icon vcex-icon-normal wpex-float-none wpex-m-auto wpex-text-center\" style=\"font-size:52px;\"><div class=\"vcex-icon-wrap wpex-inline-flex wpex-items-center wpex-justify-center wpex-leading-none\" style=\"color:#ffffff;\"><span class=\"ticon ticon-arrow-down\"><\/span><\/div><\/div><div class=\"vcex-spacing wpex-w-100 wpex-clear\" style=\"height:30px;\"><\/div><div class=\"vcex-module vcex-milestone wpex-text-center wpex-clr\"><div class=\"vcex-milestone-inner wpex-inline-block\"><div class=\"vcex-milestone-desc\"><div class=\"vcex-milestone-number wpex-leading-none wpex-font-semibold\" style=\"color:#ffffff;\"><span class=\"vcex-milestone-time vcex-countup\" data-options=\"{&quot;startVal&quot;:0,&quot;endVal&quot;:21,&quot;duration&quot;:0.5,&quot;decimals&quot;:0,&quot;separator&quot;:&quot;,&quot;,&quot;decimal&quot;:&quot;.&quot;,&quot;animateOnScroll&quot;:false}\">0<\/span><span class=\"vcex-milestone-after\">t\/y<\/span><\/div><div class=\"vcex-milestone-caption wpex-mt-5 wpex-font-light wpex-text-lg\" style=\"color:#ffffff;\">CO2<\/div><\/div><\/div><\/div>[\/vc_column][vc_column width=&#8221;1\/4&#8243;]<div class=\"vcex-module vcex-icon vcex-icon-normal wpex-float-none wpex-m-auto wpex-text-center\" style=\"font-size:52px;\"><div class=\"vcex-icon-wrap wpex-inline-flex wpex-items-center wpex-justify-center wpex-leading-none\" style=\"color:#ffffff;\"><span class=\"ticon ticon-arrow-down\"><\/span><\/div><\/div><div class=\"vcex-spacing wpex-w-100 wpex-clear\" style=\"height:30px;\"><\/div><div class=\"vcex-module vcex-milestone wpex-text-center wpex-clr\"><div class=\"vcex-milestone-inner wpex-inline-block\"><div class=\"vcex-milestone-desc\"><div class=\"vcex-milestone-number wpex-leading-none wpex-font-semibold\" style=\"color:#ffffff;\"><span class=\"vcex-milestone-time vcex-countup\" data-options=\"{&quot;startVal&quot;:0,&quot;endVal&quot;:0.5,&quot;duration&quot;:2.5,&quot;decimals&quot;:1,&quot;separator&quot;:&quot;,&quot;,&quot;decimal&quot;:&quot;.&quot;,&quot;animateOnScroll&quot;:false}\">0<\/span><span class=\"vcex-milestone-after\">t\/y<\/span><\/div><div class=\"vcex-milestone-caption wpex-mt-5 wpex-font-light wpex-text-lg\" style=\"color:#ffffff;\">NOx<\/div><\/div><\/div><\/div>[\/vc_column][vc_column width=&#8221;1\/4&#8243;]<div class=\"vcex-module vcex-icon vcex-icon-normal wpex-float-none wpex-m-auto wpex-text-center\" style=\"font-size:52px;\"><div class=\"vcex-icon-wrap wpex-inline-flex wpex-items-center wpex-justify-center wpex-leading-none\" style=\"color:#ffffff;\"><span class=\"ticon ticon-arrow-down\"><\/span><\/div><\/div><div class=\"vcex-spacing wpex-w-100 wpex-clear\" style=\"height:30px;\"><\/div><div class=\"vcex-module vcex-milestone wpex-text-center wpex-clr\"><div class=\"vcex-milestone-inner wpex-inline-block\"><div class=\"vcex-milestone-desc\"><div class=\"vcex-milestone-number wpex-leading-none wpex-font-semibold\" style=\"color:#ffffff;\"><span class=\"vcex-milestone-time vcex-countup\" data-options=\"{&quot;startVal&quot;:0,&quot;endVal&quot;:20,&quot;duration&quot;:2.5,&quot;decimals&quot;:0,&quot;separator&quot;:&quot;,&quot;,&quot;decimal&quot;:&quot;.&quot;,&quot;animateOnScroll&quot;:false}\">0<\/span><span class=\"vcex-milestone-after\">%<\/span><\/div><div class=\"vcex-milestone-caption wpex-mt-5 wpex-font-light wpex-text-lg\" style=\"color:#ffffff;\">Energija<\/div><\/div><\/div><\/div>[\/vc_column][vc_column width=&#8221;1\/4&#8243;]<div class=\"vcex-module vcex-icon vcex-icon-normal wpex-float-none wpex-m-auto wpex-text-center\" style=\"font-size:52px;\"><div class=\"vcex-icon-wrap wpex-inline-flex wpex-items-center wpex-justify-center wpex-leading-none\" style=\"color:#ffffff;\"><span class=\"ticon ticon-arrow-down\"><\/span><\/div><\/div><div class=\"vcex-spacing wpex-w-100 wpex-clear\" style=\"height:30px;\"><\/div><div class=\"vcex-module vcex-milestone wpex-text-center wpex-clr\"><div class=\"vcex-milestone-inner wpex-inline-block\"><div class=\"vcex-milestone-desc\"><div class=\"vcex-milestone-number wpex-leading-none wpex-font-semibold\" style=\"color:#ffffff;\"><span class=\"vcex-milestone-time vcex-countup\" data-options=\"{&quot;startVal&quot;:0,&quot;endVal&quot;:1,&quot;duration&quot;:2.5,&quot;decimals&quot;:0,&quot;separator&quot;:&quot;,&quot;,&quot;decimal&quot;:&quot;.&quot;,&quot;animateOnScroll&quot;:false}\">0<\/span><span class=\"vcex-milestone-after\">t\/y<\/span><\/div><div class=\"vcex-milestone-caption wpex-mt-5 wpex-font-light wpex-text-lg\" style=\"color:#ffffff;\">Kerozin<\/div><\/div><\/div><\/div>[\/vc_column][\/vc_row][vc_row center_row=&#8221;yes&#8221; css=&#8221;.vc_custom_1456097558482{padding-top: 60px !important;padding-bottom: 20px !important;}&#8221;][vc_column width=&#8221;1\/2&#8243;]<div class=\"vcex-heading vcex-module wpex-text-2xl wpex-font-normal wpex-m-auto wpex-max-w-100 vcex-heading-plain wpex-block\" style=\"font-size:42px;line-height:1.2em;\"><span class=\"vcex-heading-inner wpex-inline-block wpex-clr\">Life <span style=\"color:#9cc900\">Sustain<\/span>Huts<\/span><\/div><div class=\"vcex-spacing wpex-w-100 wpex-clear\" style=\"height:20px;\"><\/div>[vc_column_text]Je demonstracijski projekt, usmerjen k zni\u017eevanju emisij CO2 v naravnem okolju z uvajanjem novih in izvirnih energetskih re\u0161itev na podlagi obnovljivih virov. Na podlagi izku\u0161enj z obratovanjem\u00a0 demonstracijskih objektov\u00a0 bo mo\u017eno uvajati ukrepe, ki prispevajo k zmanj\u0161anju \u0161kodljivih emisij, tudi na podobnih objektih, kot so ko\u010de in hoteli v naravnih parkih, kjer je skrb za okolje posebnega pomena, in na drugih odro\u010dnih turisti\u010dno zanimivih krajih (n.pr. otoki).<\/p>\n<p>Razli\u010dne tehnologije, ki bodo uporabljene, bodo temeljile na so\u010dnih celicah, malih hidroelektrarnah in vetrnicah ter gorivnih celicah, elektrolizerjih in hranilnikih vodika, kot tudi na novih izolacijskih materialih. Tako bodo prakti\u010dno prikazani delovanje in uporabnost tehnologij kot tudi napotki za prilagajanje na podnebne spremembe.[\/vc_column_text]<div class=\"vcex-spacing wpex-w-100 wpex-clear\" style=\"height:20px;\"><\/div>[\/vc_column][vc_column width=&#8221;1\/2&#8243;][vc_single_image image=&#8221;281&#8243; img_size=&#8221;400&#215;400&#8243; alignment=&#8221;center&#8221; css_animation=&#8221;appear&#8221;][\/vc_column][\/vc_row][vc_row center_row=&#8221;yes&#8221; css=&#8221;.vc_custom_1482769468732{padding-top: 60px !important;padding-bottom: 20px !important;background-color: #f7f7f7 !important;border-radius: 1px !important;}&#8221;][vc_column width=&#8221;2\/3&#8243;]<div class=\"vcex-heading vcex-module wpex-text-2xl wpex-font-normal wpex-m-auto wpex-max-w-100 vcex-heading-plain wpex-block wpex-text-left\" style=\"font-size:42px;line-height:1.2em;\"><span class=\"vcex-heading-inner wpex-inline-block wpex-clr\">Last <span style=\"color:#9cc900\">News<\/span><\/span><\/div><div class=\"vcex-spacing wpex-w-100 wpex-clear\" style=\"height:30px;\"><\/div><div class=\"vcex-module vcex-blog-grid-wrap wpex-clr\"><div class=\"wpex-row vcex-blog-grid wpex-clr entries\"><div class=\"vcex-blog-entry vcex-grid-item entry-has-details span_1_of_2 col-1 col post-1365 entry type-post has-media cat-74\"><div class=\"vcex-blog-entry-inner entry-inner wpex-first-mt-0 wpex-last-mb-0 wpex-clr\"><div class=\"vcex-blog-entry-media entry-media\"><a href=\"https:\/\/sustainhuts.eu\/sl\/projekt-sustainhuts-prejel-nagrado-castnika-finance\/\" title=\"Projekt SustainHuts prejel nagrado \u010dastnika Finance\"><img decoding=\"async\" width=\"1600\" height=\"1066\" src=\"https:\/\/sustainhuts.eu\/wp-content\/uploads\/2021\/09\/img-20210923-wa0009.jpg\" class=\"vcex-blog-entry-img wpex-align-middle\" alt=\"\" loading=\"lazy\" srcset=\"https:\/\/sustainhuts.eu\/wp-content\/uploads\/2021\/09\/img-20210923-wa0009.jpg 1600w, https:\/\/sustainhuts.eu\/wp-content\/uploads\/2021\/09\/img-20210923-wa0009-300x200.jpg 300w, https:\/\/sustainhuts.eu\/wp-content\/uploads\/2021\/09\/img-20210923-wa0009-1024x682.jpg 1024w, https:\/\/sustainhuts.eu\/wp-content\/uploads\/2021\/09\/img-20210923-wa0009-768x512.jpg 768w, https:\/\/sustainhuts.eu\/wp-content\/uploads\/2021\/09\/img-20210923-wa0009-1536x1023.jpg 1536w, https:\/\/sustainhuts.eu\/wp-content\/uploads\/2021\/09\/img-20210923-wa0009-24x16.jpg 24w, https:\/\/sustainhuts.eu\/wp-content\/uploads\/2021\/09\/img-20210923-wa0009-36x24.jpg 36w, https:\/\/sustainhuts.eu\/wp-content\/uploads\/2021\/09\/img-20210923-wa0009-48x32.jpg 48w\" sizes=\"auto, (max-width: 1600px) 100vw, 1600px\" \/><\/a><\/div><div class=\"vcex-blog-entry-details entry-details wpex-bordered wpex-first-mt-0 wpex-last-mb-0 wpex-clr\"><h2 class=\"vcex-blog-entry-title entry-title wpex-mb-5\"><a href=\"https:\/\/sustainhuts.eu\/sl\/projekt-sustainhuts-prejel-nagrado-castnika-finance\/\">Projekt SustainHuts prejel nagrado \u010dastnika Finance<\/a><\/h2><div class=\"vcex-blog-entry-date entry-date wpex-text-sm wpex-text-gray-600 wpex-mb-5\">30 septembra, 2021<\/div><div class=\"vcex-blog-entry-excerpt entry-excerpt wpex-my-15 wpex-last-mb-0 wpex-clr\"><p>V kategoriji energetsko u\u010dinkovit projekt 2021 23. dnevi energetikov, energetske nagrade \u010casnika Finance je bil&hellip;<\/p><\/div><div class=\"vcex-blog-entry-readmore-wrap entry-readmore-wrap wpex-my-15 wpex-clr\"><a href=\"https:\/\/sustainhuts.eu\/sl\/projekt-sustainhuts-prejel-nagrado-castnika-finance\/\" class=\"theme-button\">Preberi ve\u010d<\/a><\/div><\/div><\/div><\/div><div class=\"vcex-blog-entry vcex-grid-item entry-has-details span_1_of_2 col-2 col post-1335 entry type-post has-media cat-34\"><div class=\"vcex-blog-entry-inner entry-inner wpex-first-mt-0 wpex-last-mb-0 wpex-clr\"><div class=\"vcex-blog-entry-media entry-media\"><a href=\"https:\/\/sustainhuts.eu\/sl\/na-domu-valentina-stanica-so-nametili-novo-vremensko-postajo-2\/\" title=\"Na Domu Valentina Stani\u010da so nametili novo vremensko postajo\"><img decoding=\"async\" width=\"1895\" height=\"1767\" src=\"https:\/\/sustainhuts.eu\/wp-content\/uploads\/2021\/09\/mounted-weather-station.jpg\" class=\"vcex-blog-entry-img wpex-align-middle\" alt=\"\" loading=\"lazy\" srcset=\"https:\/\/sustainhuts.eu\/wp-content\/uploads\/2021\/09\/mounted-weather-station.jpg 1895w, https:\/\/sustainhuts.eu\/wp-content\/uploads\/2021\/09\/mounted-weather-station-300x280.jpg 300w, https:\/\/sustainhuts.eu\/wp-content\/uploads\/2021\/09\/mounted-weather-station-1024x955.jpg 1024w, https:\/\/sustainhuts.eu\/wp-content\/uploads\/2021\/09\/mounted-weather-station-768x716.jpg 768w, https:\/\/sustainhuts.eu\/wp-content\/uploads\/2021\/09\/mounted-weather-station-1536x1432.jpg 1536w, https:\/\/sustainhuts.eu\/wp-content\/uploads\/2021\/09\/mounted-weather-station-24x22.jpg 24w, https:\/\/sustainhuts.eu\/wp-content\/uploads\/2021\/09\/mounted-weather-station-36x34.jpg 36w, https:\/\/sustainhuts.eu\/wp-content\/uploads\/2021\/09\/mounted-weather-station-48x45.jpg 48w\" sizes=\"auto, (max-width: 1895px) 100vw, 1895px\" \/><\/a><\/div><div class=\"vcex-blog-entry-details entry-details wpex-bordered wpex-first-mt-0 wpex-last-mb-0 wpex-clr\"><h2 class=\"vcex-blog-entry-title entry-title wpex-mb-5\"><a href=\"https:\/\/sustainhuts.eu\/sl\/na-domu-valentina-stanica-so-nametili-novo-vremensko-postajo-2\/\">Na Domu Valentina Stani\u010da so nametili novo vremensko postajo<\/a><\/h2><div class=\"vcex-blog-entry-date entry-date wpex-text-sm wpex-text-gray-600 wpex-mb-5\">25 avgusta, 2021<\/div><div class=\"vcex-blog-entry-excerpt entry-excerpt wpex-my-15 wpex-last-mb-0 wpex-clr\"><p>Vokviru projekta LIFE SustainHuts potekajo dodatne \u0161tudije izrabe obnovljivih virov energije v planinskih ko\u010dah. V&hellip;<\/p><\/div><div class=\"vcex-blog-entry-readmore-wrap entry-readmore-wrap wpex-my-15 wpex-clr\"><a href=\"https:\/\/sustainhuts.eu\/sl\/na-domu-valentina-stanica-so-nametili-novo-vremensko-postajo-2\/\" class=\"theme-button\">Preberi ve\u010d<\/a><\/div><\/div><\/div><\/div><\/div><\/div>[\/vc_column][vc_column width=&#8221;1\/3&#8243;]<div class=\"vcex-heading vcex-module wpex-text-2xl wpex-font-normal wpex-m-auto wpex-max-w-100 vcex-heading-plain wpex-block wpex-text-left\" style=\"font-size:42px;line-height:1.2em;\"><span class=\"vcex-heading-inner wpex-inline-block wpex-clr\">Related <span style=\"color:#9cc900\">Links<\/span><\/span><\/div><div class=\"vcex-spacing wpex-w-100 wpex-clear\" style=\"height:30px;\"><\/div><div class=\"textcenter theme-button-wrap wpex-clr\"><a href=\"http:\/\/ec.europa.eu\/environment\/life\/project\/Projects\/index.cfm\" class=\"vcex-button theme-button large align-center inline\" target=\"_blank\" style=\"background:#744a26;color:#ffffff;\" rel=\"noopener noreferrer\" data-wpex-hover='{&quot;background&quot;:&quot;#9cc900&quot;,&quot;color&quot;:&quot;#ffffff&quot;}'><span class=\"theme-button-inner\">Environment Life Programme<\/span><\/a><\/div> [\/vc_column][\/vc_row]\n","protected":false},"excerpt":{"rendered":"<p>[vc_row center_row=&#8221;yes&#8221; css=&#8221;.vc_custom_1456098257818{padding-top: 100px !important;padding-bottom: 60px !important;}&#8221;][vc_column width=&#8221;1\/3&#8243;][\/vc_column][vc_column width=&#8221;1\/3&#8243;][\/vc_column][vc_column width=&#8221;1\/3&#8243;][\/vc_column][\/vc_row][vc_row parallax=&#8221;content-moving-fade&#8221; center_row=&#8221;yes&#8221; css=&#8221;.vc_custom_1482687852600{padding-top: 140px !important;padding-bottom: 100px !important;background: #000000 url(https:\/\/sustainhuts.eu\/wp-content\/uploads\/2016\/02\/sustain-huts-project-.jpg?id=114);background-position: center;background-repeat: no-repeat !important;background-size: cover !important;}&#8221;][vc_column width=&#8221;1\/4&#8243;][\/vc_column][vc_column width=&#8221;1\/4&#8243;][\/vc_column][vc_column width=&#8221;1\/4&#8243;][\/vc_column][vc_column width=&#8221;1\/4&#8243;][\/vc_column][\/vc_row][vc_row center_row=&#8221;yes&#8221; css=&#8221;.vc_custom_1456097558482{padding-top: 60px !important;padding-bottom: 20px !important;}&#8221;][vc_column width=&#8221;1\/2&#8243;][vc_column_text]Je demonstracijski projekt, usmerjen k zni\u017eevanju emisij CO2 v naravnem okolju z uvajanjem novih in izvirnih energetskih re\u0161itev na podlagi obnovljivih&hellip;<\/p>\n","protected":false},"author":8,"featured_media":0,"parent":0,"menu_order":0,"comment_status":"closed","ping_status":"closed","template":"","meta":{"footnotes":""},"class_list":["post-549","page","type-page","status-publish","hentry","entry","has-media"],"yoast_head":"<!-- This site is optimized with the Yoast SEO plugin v27.3 - https:\/\/yoast.com\/product\/yoast-seo-wordpress\/ -->\n<title>Domov - SustainHuts<\/title>\n<meta name=\"robots\" content=\"index, follow, max-snippet:-1, max-image-preview:large, max-video-preview:-1\" \/>\n<link rel=\"canonical\" href=\"https:\/\/sustainhuts.eu\/sl\/\" \/>\n<meta property=\"og:locale\" content=\"sl_SI\" \/>\n<meta property=\"og:type\" content=\"article\" \/>\n<meta property=\"og:title\" content=\"Domov - SustainHuts\" \/>\n<meta property=\"og:description\" content=\"[vc_row center_row=&#8221;yes&#8221; css=&#8221;.vc_custom_1456098257818{padding-top: 100px !important;padding-bottom: 60px !important;}&#8221;][vc_column width=&#8221;1\/3&#8243;][\/vc_column][vc_column width=&#8221;1\/3&#8243;][\/vc_column][vc_column width=&#8221;1\/3&#8243;][\/vc_column][\/vc_row][vc_row parallax=&#8221;content-moving-fade&#8221; center_row=&#8221;yes&#8221; css=&#8221;.vc_custom_1482687852600{padding-top: 140px !important;padding-bottom: 100px !important;background: #000000 url(https:\/\/sustainhuts.eu\/wp-content\/uploads\/2016\/02\/sustain-huts-project-.jpg?id=114);background-position: center;background-repeat: no-repeat !important;background-size: cover !important;}&#8221;][vc_column width=&#8221;1\/4&#8243;][\/vc_column][vc_column width=&#8221;1\/4&#8243;][\/vc_column][vc_column width=&#8221;1\/4&#8243;][\/vc_column][vc_column width=&#8221;1\/4&#8243;][\/vc_column][\/vc_row][vc_row center_row=&#8221;yes&#8221; css=&#8221;.vc_custom_1456097558482{padding-top: 60px !important;padding-bottom: 20px !important;}&#8221;][vc_column width=&#8221;1\/2&#8243;][vc_column_text]Je demonstracijski projekt, usmerjen k zni\u017eevanju emisij CO2 v naravnem okolju z uvajanjem novih in izvirnih energetskih re\u0161itev na podlagi obnovljivih&hellip;\" \/>\n<meta property=\"og:url\" content=\"https:\/\/sustainhuts.eu\/sl\/\" \/>\n<meta property=\"og:site_name\" content=\"SustainHuts\" \/>\n<meta property=\"article:modified_time\" content=\"2020-11-05T21:13:52+00:00\" \/>\n<meta name=\"twitter:card\" content=\"summary_large_image\" \/>\n<meta name=\"twitter:label1\" content=\"Est. reading time\" \/>\n\t<meta name=\"twitter:data1\" content=\"3 minute\" \/>\n<script type=\"application\/ld+json\" class=\"yoast-schema-graph\">{\"@context\":\"https:\\\/\\\/schema.org\",\"@graph\":[{\"@type\":\"WebPage\",\"@id\":\"https:\\\/\\\/sustainhuts.eu\\\/sl\\\/\",\"url\":\"https:\\\/\\\/sustainhuts.eu\\\/sl\\\/\",\"name\":\"Domov - SustainHuts\",\"isPartOf\":{\"@id\":\"https:\\\/\\\/sustainhuts.eu\\\/#website\"},\"datePublished\":\"2017-06-12T08:48:45+00:00\",\"dateModified\":\"2020-11-05T21:13:52+00:00\",\"breadcrumb\":{\"@id\":\"https:\\\/\\\/sustainhuts.eu\\\/sl\\\/#breadcrumb\"},\"inLanguage\":\"sl-SI\",\"potentialAction\":[{\"@type\":\"ReadAction\",\"target\":[\"https:\\\/\\\/sustainhuts.eu\\\/sl\\\/\"]}]},{\"@type\":\"BreadcrumbList\",\"@id\":\"https:\\\/\\\/sustainhuts.eu\\\/sl\\\/#breadcrumb\",\"itemListElement\":[{\"@type\":\"ListItem\",\"position\":1,\"name\":\"Home\",\"item\":\"https:\\\/\\\/sustainhuts.eu\\\/sl\\\/\"},{\"@type\":\"ListItem\",\"position\":2,\"name\":\"Domov\"}]},{\"@type\":\"WebSite\",\"@id\":\"https:\\\/\\\/sustainhuts.eu\\\/#website\",\"url\":\"https:\\\/\\\/sustainhuts.eu\\\/\",\"name\":\"SustainHuts\",\"description\":\"Sustainable Mountain Huts\",\"publisher\":{\"@id\":\"https:\\\/\\\/sustainhuts.eu\\\/#organization\"},\"potentialAction\":[{\"@type\":\"SearchAction\",\"target\":{\"@type\":\"EntryPoint\",\"urlTemplate\":\"https:\\\/\\\/sustainhuts.eu\\\/?s={search_term_string}\"},\"query-input\":{\"@type\":\"PropertyValueSpecification\",\"valueRequired\":true,\"valueName\":\"search_term_string\"}}],\"inLanguage\":\"sl-SI\"},{\"@type\":\"Organization\",\"@id\":\"https:\\\/\\\/sustainhuts.eu\\\/#organization\",\"name\":\"SustainHuts\",\"url\":\"https:\\\/\\\/sustainhuts.eu\\\/\",\"logo\":{\"@type\":\"ImageObject\",\"inLanguage\":\"sl-SI\",\"@id\":\"https:\\\/\\\/sustainhuts.eu\\\/#\\\/schema\\\/logo\\\/image\\\/\",\"url\":\"https:\\\/\\\/sustainhuts.eu\\\/wp-content\\\/uploads\\\/2016\\\/12\\\/logo-sustain.png\",\"contentUrl\":\"https:\\\/\\\/sustainhuts.eu\\\/wp-content\\\/uploads\\\/2016\\\/12\\\/logo-sustain.png\",\"width\":240,\"height\":147,\"caption\":\"SustainHuts\"},\"image\":{\"@id\":\"https:\\\/\\\/sustainhuts.eu\\\/#\\\/schema\\\/logo\\\/image\\\/\"}}]}<\/script>\n<!-- \/ Yoast SEO plugin. -->","yoast_head_json":{"title":"Domov - SustainHuts","robots":{"index":"index","follow":"follow","max-snippet":"max-snippet:-1","max-image-preview":"max-image-preview:large","max-video-preview":"max-video-preview:-1"},"canonical":"https:\/\/sustainhuts.eu\/sl\/","og_locale":"sl_SI","og_type":"article","og_title":"Domov - SustainHuts","og_description":"[vc_row center_row=&#8221;yes&#8221; css=&#8221;.vc_custom_1456098257818{padding-top: 100px !important;padding-bottom: 60px !important;}&#8221;][vc_column width=&#8221;1\/3&#8243;][\/vc_column][vc_column width=&#8221;1\/3&#8243;][\/vc_column][vc_column width=&#8221;1\/3&#8243;][\/vc_column][\/vc_row][vc_row parallax=&#8221;content-moving-fade&#8221; center_row=&#8221;yes&#8221; css=&#8221;.vc_custom_1482687852600{padding-top: 140px !important;padding-bottom: 100px !important;background: #000000 url(https:\/\/sustainhuts.eu\/wp-content\/uploads\/2016\/02\/sustain-huts-project-.jpg?id=114);background-position: center;background-repeat: no-repeat !important;background-size: cover !important;}&#8221;][vc_column width=&#8221;1\/4&#8243;][\/vc_column][vc_column width=&#8221;1\/4&#8243;][\/vc_column][vc_column width=&#8221;1\/4&#8243;][\/vc_column][vc_column width=&#8221;1\/4&#8243;][\/vc_column][\/vc_row][vc_row center_row=&#8221;yes&#8221; css=&#8221;.vc_custom_1456097558482{padding-top: 60px !important;padding-bottom: 20px !important;}&#8221;][vc_column width=&#8221;1\/2&#8243;][vc_column_text]Je demonstracijski projekt, usmerjen k zni\u017eevanju emisij CO2 v naravnem okolju z uvajanjem novih in izvirnih energetskih re\u0161itev na podlagi obnovljivih&hellip;","og_url":"https:\/\/sustainhuts.eu\/sl\/","og_site_name":"SustainHuts","article_modified_time":"2020-11-05T21:13:52+00:00","twitter_card":"summary_large_image","twitter_misc":{"Est. reading time":"3 minute"},"schema":{"@context":"https:\/\/schema.org","@graph":[{"@type":"WebPage","@id":"https:\/\/sustainhuts.eu\/sl\/","url":"https:\/\/sustainhuts.eu\/sl\/","name":"Domov - SustainHuts","isPartOf":{"@id":"https:\/\/sustainhuts.eu\/#website"},"datePublished":"2017-06-12T08:48:45+00:00","dateModified":"2020-11-05T21:13:52+00:00","breadcrumb":{"@id":"https:\/\/sustainhuts.eu\/sl\/#breadcrumb"},"inLanguage":"sl-SI","potentialAction":[{"@type":"ReadAction","target":["https:\/\/sustainhuts.eu\/sl\/"]}]},{"@type":"BreadcrumbList","@id":"https:\/\/sustainhuts.eu\/sl\/#breadcrumb","itemListElement":[{"@type":"ListItem","position":1,"name":"Home","item":"https:\/\/sustainhuts.eu\/sl\/"},{"@type":"ListItem","position":2,"name":"Domov"}]},{"@type":"WebSite","@id":"https:\/\/sustainhuts.eu\/#website","url":"https:\/\/sustainhuts.eu\/","name":"SustainHuts","description":"Sustainable Mountain Huts","publisher":{"@id":"https:\/\/sustainhuts.eu\/#organization"},"potentialAction":[{"@type":"SearchAction","target":{"@type":"EntryPoint","urlTemplate":"https:\/\/sustainhuts.eu\/?s={search_term_string}"},"query-input":{"@type":"PropertyValueSpecification","valueRequired":true,"valueName":"search_term_string"}}],"inLanguage":"sl-SI"},{"@type":"Organization","@id":"https:\/\/sustainhuts.eu\/#organization","name":"SustainHuts","url":"https:\/\/sustainhuts.eu\/","logo":{"@type":"ImageObject","inLanguage":"sl-SI","@id":"https:\/\/sustainhuts.eu\/#\/schema\/logo\/image\/","url":"https:\/\/sustainhuts.eu\/wp-content\/uploads\/2016\/12\/logo-sustain.png","contentUrl":"https:\/\/sustainhuts.eu\/wp-content\/uploads\/2016\/12\/logo-sustain.png","width":240,"height":147,"caption":"SustainHuts"},"image":{"@id":"https:\/\/sustainhuts.eu\/#\/schema\/logo\/image\/"}}]}},"_links":{"self":[{"href":"https:\/\/sustainhuts.eu\/sl\/wp-json\/wp\/v2\/pages\/549","targetHints":{"allow":["GET"]}}],"collection":[{"href":"https:\/\/sustainhuts.eu\/sl\/wp-json\/wp\/v2\/pages"}],"about":[{"href":"https:\/\/sustainhuts.eu\/sl\/wp-json\/wp\/v2\/types\/page"}],"author":[{"embeddable":true,"href":"https:\/\/sustainhuts.eu\/sl\/wp-json\/wp\/v2\/users\/8"}],"replies":[{"embeddable":true,"href":"https:\/\/sustainhuts.eu\/sl\/wp-json\/wp\/v2\/comments?post=549"}],"version-history":[{"count":6,"href":"https:\/\/sustainhuts.eu\/sl\/wp-json\/wp\/v2\/pages\/549\/revisions"}],"predecessor-version":[{"id":558,"href":"https:\/\/sustainhuts.eu\/sl\/wp-json\/wp\/v2\/pages\/549\/revisions\/558"}],"wp:attachment":[{"href":"https:\/\/sustainhuts.eu\/sl\/wp-json\/wp\/v2\/media?parent=549"}],"curies":[{"name":"wp","href":"https:\/\/api.w.org\/{rel}","templated":true}]}}