{"id":556,"date":"2017-06-12T10:04:04","date_gmt":"2017-06-12T10:04:04","guid":{"rendered":"https:\/\/sustainhuts.eu\/?page_id=556\/"},"modified":"2017-06-20T13:40:17","modified_gmt":"2017-06-20T13:40:17","slug":"lokacije","status":"publish","type":"page","link":"https:\/\/sustainhuts.eu\/sl\/lokacije\/","title":{"rendered":"Lokacije"},"content":{"rendered":"[vc_row css=&#8221;.vc_custom_1456355408550{margin-top: 40px !important;}&#8221;][vc_column]<h2 class=\"vcex-heading vcex-module wpex-text-2xl wpex-font-normal wpex-m-auto wpex-max-w-100 vcex-heading-plain wpex-block wpex-text-center\" style=\"font-size:30px;\"><span class=\"vcex-heading-inner wpex-inline-block wpex-clr\">Devet gorskih ko\u010d<\/span><\/h2><div class=\"vcex-spacing wpex-w-100 wpex-clear\" style=\"height:10px;\"><\/div>[vc_column_text]\n<p style=\"text-align: center;\">Gorske ko\u010de v projektu SUSTAINHUTS so v \u0161tirih dr\u017eavah: \u0160paniji (5), Sloveniji (2), Italiji (1) in Romuniji (1). \u0160panske gorske ko\u010de so v lasti FAM in so: Lizara (1540 m), Bachima\u00f1a (2200 m), Est\u00f3s (1890 m), La Renclusa (2140 m) in nova gorska ko\u010da (julij 2016) Cap de Llauset (2450 m). Poleg teh sta v projekt vklju\u010deni dve ko\u010di v Sloveniji: Poga\u010dnikov dom (2050 m) and Kocbekov dom (1808 m), ena v Italiji: Rifugio di Torino (3375 m) in ena v Romuniji: Doftana Valley (800 m).<\/p>\n[\/vc_column_text][\/vc_column][\/vc_row][vc_row css=&#8221;.vc_custom_1482754995945{margin-bottom: 60px !important;}&#8221;][vc_column]<div class=\"vcex-module vcex-portfolio-grid-wrap wpex-clr\"><div class=\"wpex-row vcex-portfolio-grid wpex-clr entries match-height-grid\"><div class=\"portfolio-entry vcex-grid-item entry-has-details span_1_of_3 col col-1 post-1135 entry type-portfolio has-media\"><div class=\"portfolio-entry-inner entry-inner wpex-first-mt-0 wpex-last-mb-0 wpex-clr\"><div class=\"portfolio-entry-media entry-media\"><a href=\"https:\/\/sustainhuts.eu\/sl\/portfolio-item\/valentina-stanica-dom\/\" title=\"Valentina Stani\u010da Dom\" class=\"portfolio-entry-media-link\"><img decoding=\"async\" width=\"980\" height=\"735\" src=\"https:\/\/sustainhuts.eu\/wp-content\/uploads\/2020\/07\/valentina_stanica.png\" class=\"portfolio-entry-img wpex-align-middle\" alt=\"\" loading=\"lazy\" srcset=\"https:\/\/sustainhuts.eu\/wp-content\/uploads\/2020\/07\/valentina_stanica.png 980w, https:\/\/sustainhuts.eu\/wp-content\/uploads\/2020\/07\/valentina_stanica-300x225.png 300w, https:\/\/sustainhuts.eu\/wp-content\/uploads\/2020\/07\/valentina_stanica-768x576.png 768w, https:\/\/sustainhuts.eu\/wp-content\/uploads\/2020\/07\/valentina_stanica-24x18.png 24w, https:\/\/sustainhuts.eu\/wp-content\/uploads\/2020\/07\/valentina_stanica-36x27.png 36w, https:\/\/sustainhuts.eu\/wp-content\/uploads\/2020\/07\/valentina_stanica-48x36.png 48w\" sizes=\"auto, (max-width: 980px) 100vw, 980px\" \/><\/a><\/div><div class=\"portfolio-entry-details entry-details wpex-boxed wpex-first-mt-0 wpex-last-mb-0 wpex-clr\"><div class=\"match-height-content\"><h2 class=\"portfolio-entry-title entry-title wpex-mb-5\"><a href=\"https:\/\/sustainhuts.eu\/sl\/portfolio-item\/valentina-stanica-dom\/\" title=\"Valentina Stani\u010da Dom\">Valentina Stani\u010da Dom<\/a><\/h2><div class=\"portfolio-entry-excerpt entry-excerpt wpex-my-15 wpex-last-mb-0 wpex-clr\"><p>Dom Valentina Stani\u010da pod Triglavom le\u017ei v osrednjem delu Julijskih Alp na mali planoti pod&hellip;<\/p><\/div><div class=\"portfolio-entry-readmore-wrap entry-readmore-wrap wpex-my-15 wpex-clr\"><a href=\"https:\/\/sustainhuts.eu\/sl\/portfolio-item\/valentina-stanica-dom\/\" class=\"theme-button\">Preberi ve\u010d<\/a><\/div><\/div><\/div><\/div><\/div><div class=\"portfolio-entry vcex-grid-item entry-has-details span_1_of_3 col col-2 post-577 entry type-portfolio has-media\"><div class=\"portfolio-entry-inner entry-inner wpex-first-mt-0 wpex-last-mb-0 wpex-clr\"><div class=\"portfolio-entry-media entry-media\"><a href=\"https:\/\/sustainhuts.eu\/sl\/portfolio-item\/kocbekov-dom\/\" title=\"Kocbekov Dom\" class=\"portfolio-entry-media-link\"><img decoding=\"async\" width=\"1000\" height=\"750\" src=\"https:\/\/sustainhuts.eu\/wp-content\/uploads\/2016\/12\/Kocbekov-hut.jpg\" class=\"portfolio-entry-img wpex-align-middle\" alt=\"Kocbekov hut\" loading=\"lazy\" srcset=\"https:\/\/sustainhuts.eu\/wp-content\/uploads\/2016\/12\/Kocbekov-hut.jpg 1000w, https:\/\/sustainhuts.eu\/wp-content\/uploads\/2016\/12\/Kocbekov-hut-300x225.jpg 300w, https:\/\/sustainhuts.eu\/wp-content\/uploads\/2016\/12\/Kocbekov-hut-768x576.jpg 768w\" sizes=\"auto, (max-width: 1000px) 100vw, 1000px\" \/><\/a><\/div><div class=\"portfolio-entry-details entry-details wpex-boxed wpex-first-mt-0 wpex-last-mb-0 wpex-clr\"><div class=\"match-height-content\"><h2 class=\"portfolio-entry-title entry-title wpex-mb-5\"><a href=\"https:\/\/sustainhuts.eu\/sl\/portfolio-item\/kocbekov-dom\/\" title=\"Kocbekov Dom\">Kocbekov Dom<\/a><\/h2><div class=\"portfolio-entry-excerpt entry-excerpt wpex-my-15 wpex-last-mb-0 wpex-clr\"><p>Dom stoji ob ju\u017enem vzno\u017eju Ojstrice nad prostrano zeleno kotlino Koro\u0161ice. Prvo ko\u010do je leta&hellip;<\/p><\/div><div class=\"portfolio-entry-readmore-wrap entry-readmore-wrap wpex-my-15 wpex-clr\"><a href=\"https:\/\/sustainhuts.eu\/sl\/portfolio-item\/kocbekov-dom\/\" class=\"theme-button\">Preberi ve\u010d<\/a><\/div><\/div><\/div><\/div><\/div><div class=\"portfolio-entry vcex-grid-item entry-has-details span_1_of_3 col col-3 post-575 entry type-portfolio has-media\"><div class=\"portfolio-entry-inner entry-inner wpex-first-mt-0 wpex-last-mb-0 wpex-clr\"><div class=\"portfolio-entry-media entry-media\"><a href=\"https:\/\/sustainhuts.eu\/sl\/portfolio-item\/pogacnikov-dom\/\" title=\"Poga\u010dnikov Dom\" class=\"portfolio-entry-media-link\"><img decoding=\"async\" width=\"1000\" height=\"750\" src=\"https:\/\/sustainhuts.eu\/wp-content\/uploads\/2016\/12\/Pogacnikov-hut.jpg\" class=\"portfolio-entry-img wpex-align-middle\" alt=\"Pogacnikov hut\" loading=\"lazy\" srcset=\"https:\/\/sustainhuts.eu\/wp-content\/uploads\/2016\/12\/Pogacnikov-hut.jpg 1000w, https:\/\/sustainhuts.eu\/wp-content\/uploads\/2016\/12\/Pogacnikov-hut-300x225.jpg 300w, https:\/\/sustainhuts.eu\/wp-content\/uploads\/2016\/12\/Pogacnikov-hut-768x576.jpg 768w\" sizes=\"auto, (max-width: 1000px) 100vw, 1000px\" \/><\/a><\/div><div class=\"portfolio-entry-details entry-details wpex-boxed wpex-first-mt-0 wpex-last-mb-0 wpex-clr\"><div class=\"match-height-content\"><h2 class=\"portfolio-entry-title entry-title wpex-mb-5\"><a href=\"https:\/\/sustainhuts.eu\/sl\/portfolio-item\/pogacnikov-dom\/\" title=\"Poga\u010dnikov Dom\">Poga\u010dnikov Dom<\/a><\/h2><div class=\"portfolio-entry-excerpt entry-excerpt wpex-my-15 wpex-last-mb-0 wpex-clr\"><p>Poga\u010dnikov dom je postavljen na majhen vrh (2050 m) na spodnji rob velikega kra\u0161kega pogorja&hellip;<\/p><\/div><div class=\"portfolio-entry-readmore-wrap entry-readmore-wrap wpex-my-15 wpex-clr\"><a href=\"https:\/\/sustainhuts.eu\/sl\/portfolio-item\/pogacnikov-dom\/\" class=\"theme-button\">Preberi ve\u010d<\/a><\/div><\/div><\/div><\/div><\/div><div class=\"portfolio-entry vcex-grid-item entry-has-details span_1_of_3 col col-1 post-573 entry type-portfolio has-media\"><div class=\"portfolio-entry-inner entry-inner wpex-first-mt-0 wpex-last-mb-0 wpex-clr\"><div class=\"portfolio-entry-media entry-media\"><a href=\"https:\/\/sustainhuts.eu\/sl\/portfolio-item\/refugio-de-torino\/\" title=\"Refugio de Torino\" class=\"portfolio-entry-media-link\"><img decoding=\"async\" width=\"1000\" height=\"750\" src=\"https:\/\/sustainhuts.eu\/wp-content\/uploads\/2016\/12\/torino-hut.jpg\" class=\"portfolio-entry-img wpex-align-middle\" alt=\"\" loading=\"lazy\" srcset=\"https:\/\/sustainhuts.eu\/wp-content\/uploads\/2016\/12\/torino-hut.jpg 1000w, https:\/\/sustainhuts.eu\/wp-content\/uploads\/2016\/12\/torino-hut-300x225.jpg 300w, https:\/\/sustainhuts.eu\/wp-content\/uploads\/2016\/12\/torino-hut-768x576.jpg 768w\" sizes=\"auto, (max-width: 1000px) 100vw, 1000px\" \/><\/a><\/div><div class=\"portfolio-entry-details entry-details wpex-boxed wpex-first-mt-0 wpex-last-mb-0 wpex-clr\"><div class=\"match-height-content\"><h2 class=\"portfolio-entry-title entry-title wpex-mb-5\"><a href=\"https:\/\/sustainhuts.eu\/sl\/portfolio-item\/refugio-de-torino\/\" title=\"Refugio de Torino\">Refugio de Torino<\/a><\/h2><div class=\"portfolio-entry-excerpt entry-excerpt wpex-my-15 wpex-last-mb-0 wpex-clr\"><p>Ko\u010da\u00a0Torino je visokogorska ko\u010da v Alpah v severno-zahodni Italiji. Le\u017ei blizu francoske meje, 15 km&hellip;<\/p><\/div><div class=\"portfolio-entry-readmore-wrap entry-readmore-wrap wpex-my-15 wpex-clr\"><a href=\"https:\/\/sustainhuts.eu\/sl\/portfolio-item\/refugio-de-torino\/\" class=\"theme-button\">Preberi ve\u010d<\/a><\/div><\/div><\/div><\/div><\/div><div class=\"portfolio-entry vcex-grid-item entry-has-details span_1_of_3 col col-2 post-571 entry type-portfolio has-media\"><div class=\"portfolio-entry-inner entry-inner wpex-first-mt-0 wpex-last-mb-0 wpex-clr\"><div class=\"portfolio-entry-media entry-media\"><a href=\"https:\/\/sustainhuts.eu\/sl\/portfolio-item\/cap-de-llauset\/\" title=\"Cap de Llauset\" class=\"portfolio-entry-media-link\"><img decoding=\"async\" width=\"1000\" height=\"750\" src=\"https:\/\/sustainhuts.eu\/wp-content\/uploads\/2016\/12\/Cap-de-Llauset-hut.jpg\" class=\"portfolio-entry-img wpex-align-middle\" alt=\"Cap de Llauset Hut\" loading=\"lazy\" srcset=\"https:\/\/sustainhuts.eu\/wp-content\/uploads\/2016\/12\/Cap-de-Llauset-hut.jpg 1000w, https:\/\/sustainhuts.eu\/wp-content\/uploads\/2016\/12\/Cap-de-Llauset-hut-300x225.jpg 300w, https:\/\/sustainhuts.eu\/wp-content\/uploads\/2016\/12\/Cap-de-Llauset-hut-768x576.jpg 768w\" sizes=\"auto, (max-width: 1000px) 100vw, 1000px\" \/><\/a><\/div><div class=\"portfolio-entry-details entry-details wpex-boxed wpex-first-mt-0 wpex-last-mb-0 wpex-clr\"><div class=\"match-height-content\"><h2 class=\"portfolio-entry-title entry-title wpex-mb-5\"><a href=\"https:\/\/sustainhuts.eu\/sl\/portfolio-item\/cap-de-llauset\/\" title=\"Cap de Llauset\">Cap de Llauset<\/a><\/h2><div class=\"portfolio-entry-excerpt entry-excerpt wpex-my-15 wpex-last-mb-0 wpex-clr\"><p>Ko\u010da Cap de Llauset le\u017ei v regiji Ribagorza v pogorju Maladeta znotraj Naravnega parka Posets-Maladeta,&hellip;<\/p><\/div><div class=\"portfolio-entry-readmore-wrap entry-readmore-wrap wpex-my-15 wpex-clr\"><a href=\"https:\/\/sustainhuts.eu\/sl\/portfolio-item\/cap-de-llauset\/\" class=\"theme-button\">Preberi ve\u010d<\/a><\/div><\/div><\/div><\/div><\/div><div class=\"portfolio-entry vcex-grid-item entry-has-details span_1_of_3 col col-3 post-569 entry type-portfolio has-media\"><div class=\"portfolio-entry-inner entry-inner wpex-first-mt-0 wpex-last-mb-0 wpex-clr\"><div class=\"portfolio-entry-media entry-media\"><a href=\"https:\/\/sustainhuts.eu\/sl\/portfolio-item\/bachimana\/\" title=\"Bachima\u00f1a\" class=\"portfolio-entry-media-link\"><img decoding=\"async\" width=\"1000\" height=\"750\" src=\"https:\/\/sustainhuts.eu\/wp-content\/uploads\/2016\/12\/bachimana-hut.jpg\" class=\"portfolio-entry-img wpex-align-middle\" alt=\"Bachimana Hut\" loading=\"lazy\" srcset=\"https:\/\/sustainhuts.eu\/wp-content\/uploads\/2016\/12\/bachimana-hut.jpg 1000w, https:\/\/sustainhuts.eu\/wp-content\/uploads\/2016\/12\/bachimana-hut-300x225.jpg 300w, https:\/\/sustainhuts.eu\/wp-content\/uploads\/2016\/12\/bachimana-hut-768x576.jpg 768w\" sizes=\"auto, (max-width: 1000px) 100vw, 1000px\" \/><\/a><\/div><div class=\"portfolio-entry-details entry-details wpex-boxed wpex-first-mt-0 wpex-last-mb-0 wpex-clr\"><div class=\"match-height-content\"><h2 class=\"portfolio-entry-title entry-title wpex-mb-5\"><a href=\"https:\/\/sustainhuts.eu\/sl\/portfolio-item\/bachimana\/\" title=\"Bachima\u00f1a\">Bachima\u00f1a<\/a><\/h2><div class=\"portfolio-entry-excerpt entry-excerpt wpex-my-15 wpex-last-mb-0 wpex-clr\"><p>Ko\u010da Bachima\u00f1a le\u017ei v regiji Alto Gallego na vi\u0161ini 2200m, obkro\u017eena s \u0161tevilnimi ledeni\u0161kimi jezeri,&hellip;<\/p><\/div><div class=\"portfolio-entry-readmore-wrap entry-readmore-wrap wpex-my-15 wpex-clr\"><a href=\"https:\/\/sustainhuts.eu\/sl\/portfolio-item\/bachimana\/\" class=\"theme-button\">Preberi ve\u010d<\/a><\/div><\/div><\/div><\/div><\/div><div class=\"portfolio-entry vcex-grid-item entry-has-details span_1_of_3 col col-1 post-567 entry type-portfolio has-media\"><div class=\"portfolio-entry-inner entry-inner wpex-first-mt-0 wpex-last-mb-0 wpex-clr\"><div class=\"portfolio-entry-media entry-media\"><a href=\"https:\/\/sustainhuts.eu\/sl\/portfolio-item\/lizara\/\" title=\"Lizara\" class=\"portfolio-entry-media-link\"><img decoding=\"async\" width=\"1000\" height=\"750\" src=\"https:\/\/sustainhuts.eu\/wp-content\/uploads\/2016\/12\/lizara-hut.jpg\" class=\"portfolio-entry-img wpex-align-middle\" alt=\"lizara hut\" loading=\"lazy\" srcset=\"https:\/\/sustainhuts.eu\/wp-content\/uploads\/2016\/12\/lizara-hut.jpg 1000w, https:\/\/sustainhuts.eu\/wp-content\/uploads\/2016\/12\/lizara-hut-300x225.jpg 300w, https:\/\/sustainhuts.eu\/wp-content\/uploads\/2016\/12\/lizara-hut-768x576.jpg 768w\" sizes=\"auto, (max-width: 1000px) 100vw, 1000px\" \/><\/a><\/div><div class=\"portfolio-entry-details entry-details wpex-boxed wpex-first-mt-0 wpex-last-mb-0 wpex-clr\"><div class=\"match-height-content\"><h2 class=\"portfolio-entry-title entry-title wpex-mb-5\"><a href=\"https:\/\/sustainhuts.eu\/sl\/portfolio-item\/lizara\/\" title=\"Lizara\">Lizara<\/a><\/h2><div class=\"portfolio-entry-excerpt entry-excerpt wpex-my-15 wpex-last-mb-0 wpex-clr\"><p>Ko\u010da Lizara, odprta 22 junija 2003 je locirana na koncu doline Arag\u00fc\u00e9s-Jasa, ene izmed \u0161tirih&hellip;<\/p><\/div><div class=\"portfolio-entry-readmore-wrap entry-readmore-wrap wpex-my-15 wpex-clr\"><a href=\"https:\/\/sustainhuts.eu\/sl\/portfolio-item\/lizara\/\" class=\"theme-button\">Preberi ve\u010d<\/a><\/div><\/div><\/div><\/div><\/div><div class=\"portfolio-entry vcex-grid-item entry-has-details span_1_of_3 col col-2 post-564 entry type-portfolio has-media\"><div class=\"portfolio-entry-inner entry-inner wpex-first-mt-0 wpex-last-mb-0 wpex-clr\"><div class=\"portfolio-entry-media entry-media\"><a href=\"https:\/\/sustainhuts.eu\/sl\/portfolio-item\/estos\/\" title=\"Est\u00f3s\" class=\"portfolio-entry-media-link\"><img decoding=\"async\" width=\"1000\" height=\"750\" src=\"https:\/\/sustainhuts.eu\/wp-content\/uploads\/2016\/12\/estos-hut.jpg\" class=\"portfolio-entry-img wpex-align-middle\" alt=\"Estos Hut\" loading=\"lazy\" srcset=\"https:\/\/sustainhuts.eu\/wp-content\/uploads\/2016\/12\/estos-hut.jpg 1000w, https:\/\/sustainhuts.eu\/wp-content\/uploads\/2016\/12\/estos-hut-300x225.jpg 300w, https:\/\/sustainhuts.eu\/wp-content\/uploads\/2016\/12\/estos-hut-768x576.jpg 768w\" sizes=\"auto, (max-width: 1000px) 100vw, 1000px\" \/><\/a><\/div><div class=\"portfolio-entry-details entry-details wpex-boxed wpex-first-mt-0 wpex-last-mb-0 wpex-clr\"><div class=\"match-height-content\"><h2 class=\"portfolio-entry-title entry-title wpex-mb-5\"><a href=\"https:\/\/sustainhuts.eu\/sl\/portfolio-item\/estos\/\" title=\"Est\u00f3s\">Est\u00f3s<\/a><\/h2><div class=\"portfolio-entry-excerpt entry-excerpt wpex-my-15 wpex-last-mb-0 wpex-clr\"><p>Ko\u010da Est\u00f3s le\u017ei na vi\u0161ini 1890 m, v osr\u010dju naravnega parka Posets-Maladeta, natan\u010dneje v dolini&hellip;<\/p><\/div><div class=\"portfolio-entry-readmore-wrap entry-readmore-wrap wpex-my-15 wpex-clr\"><a href=\"https:\/\/sustainhuts.eu\/sl\/portfolio-item\/estos\/\" class=\"theme-button\">Preberi ve\u010d<\/a><\/div><\/div><\/div><\/div><\/div><\/div><\/div>[\/vc_column][\/vc_row]\n","protected":false},"excerpt":{"rendered":"<p>[vc_row css=&#8221;.vc_custom_1456355408550{margin-top: 40px !important;}&#8221;][vc_column][vc_column_text] Gorske ko\u010de v projektu SUSTAINHUTS so v \u0161tirih dr\u017eavah: \u0160paniji (5), Sloveniji (2), Italiji (1) in Romuniji (1). \u0160panske gorske ko\u010de so v lasti FAM in so: Lizara (1540 m), Bachima\u00f1a (2200 m), Est\u00f3s (1890 m), La Renclusa (2140 m) in nova gorska ko\u010da (julij 2016) Cap de Llauset (2450 m).&hellip;<\/p>\n","protected":false},"author":8,"featured_media":0,"parent":0,"menu_order":0,"comment_status":"closed","ping_status":"closed","template":"","meta":{"footnotes":""},"class_list":["post-556","page","type-page","status-publish","hentry","entry","has-media"],"yoast_head":"<!-- This site is optimized with the Yoast SEO plugin v27.3 - https:\/\/yoast.com\/product\/yoast-seo-wordpress\/ -->\n<title>Lokacije - SustainHuts<\/title>\n<meta name=\"robots\" content=\"index, follow, max-snippet:-1, max-image-preview:large, max-video-preview:-1\" \/>\n<link rel=\"canonical\" href=\"https:\/\/sustainhuts.eu\/sl\/lokacije\/\" \/>\n<meta property=\"og:locale\" content=\"sl_SI\" \/>\n<meta property=\"og:type\" content=\"article\" \/>\n<meta property=\"og:title\" content=\"Lokacije - SustainHuts\" \/>\n<meta property=\"og:description\" content=\"[vc_row css=&#8221;.vc_custom_1456355408550{margin-top: 40px !important;}&#8221;][vc_column][vc_column_text] Gorske ko\u010de v projektu SUSTAINHUTS so v \u0161tirih dr\u017eavah: \u0160paniji (5), Sloveniji (2), Italiji (1) in Romuniji (1). \u0160panske gorske ko\u010de so v lasti FAM in so: Lizara (1540 m), Bachima\u00f1a (2200 m), Est\u00f3s (1890 m), La Renclusa (2140 m) in nova gorska ko\u010da (julij 2016) Cap de Llauset (2450 m).&hellip;\" \/>\n<meta property=\"og:url\" content=\"https:\/\/sustainhuts.eu\/sl\/lokacije\/\" \/>\n<meta property=\"og:site_name\" content=\"SustainHuts\" \/>\n<meta property=\"article:modified_time\" content=\"2017-06-20T13:40:17+00:00\" \/>\n<meta name=\"twitter:card\" content=\"summary_large_image\" \/>\n<meta name=\"twitter:label1\" content=\"Est. reading time\" \/>\n\t<meta name=\"twitter:data1\" content=\"1 minuta\" \/>\n<script type=\"application\/ld+json\" class=\"yoast-schema-graph\">{\"@context\":\"https:\\\/\\\/schema.org\",\"@graph\":[{\"@type\":\"WebPage\",\"@id\":\"https:\\\/\\\/sustainhuts.eu\\\/sl\\\/lokacije\\\/\",\"url\":\"https:\\\/\\\/sustainhuts.eu\\\/sl\\\/lokacije\\\/\",\"name\":\"Lokacije - SustainHuts\",\"isPartOf\":{\"@id\":\"https:\\\/\\\/sustainhuts.eu\\\/#website\"},\"datePublished\":\"2017-06-12T10:04:04+00:00\",\"dateModified\":\"2017-06-20T13:40:17+00:00\",\"breadcrumb\":{\"@id\":\"https:\\\/\\\/sustainhuts.eu\\\/sl\\\/lokacije\\\/#breadcrumb\"},\"inLanguage\":\"sl-SI\",\"potentialAction\":[{\"@type\":\"ReadAction\",\"target\":[\"https:\\\/\\\/sustainhuts.eu\\\/sl\\\/lokacije\\\/\"]}]},{\"@type\":\"BreadcrumbList\",\"@id\":\"https:\\\/\\\/sustainhuts.eu\\\/sl\\\/lokacije\\\/#breadcrumb\",\"itemListElement\":[{\"@type\":\"ListItem\",\"position\":1,\"name\":\"Home\",\"item\":\"https:\\\/\\\/sustainhuts.eu\\\/sl\\\/\"},{\"@type\":\"ListItem\",\"position\":2,\"name\":\"Lokacije\"}]},{\"@type\":\"WebSite\",\"@id\":\"https:\\\/\\\/sustainhuts.eu\\\/#website\",\"url\":\"https:\\\/\\\/sustainhuts.eu\\\/\",\"name\":\"SustainHuts\",\"description\":\"Sustainable Mountain Huts\",\"publisher\":{\"@id\":\"https:\\\/\\\/sustainhuts.eu\\\/#organization\"},\"potentialAction\":[{\"@type\":\"SearchAction\",\"target\":{\"@type\":\"EntryPoint\",\"urlTemplate\":\"https:\\\/\\\/sustainhuts.eu\\\/?s={search_term_string}\"},\"query-input\":{\"@type\":\"PropertyValueSpecification\",\"valueRequired\":true,\"valueName\":\"search_term_string\"}}],\"inLanguage\":\"sl-SI\"},{\"@type\":\"Organization\",\"@id\":\"https:\\\/\\\/sustainhuts.eu\\\/#organization\",\"name\":\"SustainHuts\",\"url\":\"https:\\\/\\\/sustainhuts.eu\\\/\",\"logo\":{\"@type\":\"ImageObject\",\"inLanguage\":\"sl-SI\",\"@id\":\"https:\\\/\\\/sustainhuts.eu\\\/#\\\/schema\\\/logo\\\/image\\\/\",\"url\":\"https:\\\/\\\/sustainhuts.eu\\\/wp-content\\\/uploads\\\/2016\\\/12\\\/logo-sustain.png\",\"contentUrl\":\"https:\\\/\\\/sustainhuts.eu\\\/wp-content\\\/uploads\\\/2016\\\/12\\\/logo-sustain.png\",\"width\":240,\"height\":147,\"caption\":\"SustainHuts\"},\"image\":{\"@id\":\"https:\\\/\\\/sustainhuts.eu\\\/#\\\/schema\\\/logo\\\/image\\\/\"}}]}<\/script>\n<!-- \/ Yoast SEO plugin. -->","yoast_head_json":{"title":"Lokacije - SustainHuts","robots":{"index":"index","follow":"follow","max-snippet":"max-snippet:-1","max-image-preview":"max-image-preview:large","max-video-preview":"max-video-preview:-1"},"canonical":"https:\/\/sustainhuts.eu\/sl\/lokacije\/","og_locale":"sl_SI","og_type":"article","og_title":"Lokacije - SustainHuts","og_description":"[vc_row css=&#8221;.vc_custom_1456355408550{margin-top: 40px !important;}&#8221;][vc_column][vc_column_text] Gorske ko\u010de v projektu SUSTAINHUTS so v \u0161tirih dr\u017eavah: \u0160paniji (5), Sloveniji (2), Italiji (1) in Romuniji (1). \u0160panske gorske ko\u010de so v lasti FAM in so: Lizara (1540 m), Bachima\u00f1a (2200 m), Est\u00f3s (1890 m), La Renclusa (2140 m) in nova gorska ko\u010da (julij 2016) Cap de Llauset (2450 m).&hellip;","og_url":"https:\/\/sustainhuts.eu\/sl\/lokacije\/","og_site_name":"SustainHuts","article_modified_time":"2017-06-20T13:40:17+00:00","twitter_card":"summary_large_image","twitter_misc":{"Est. reading time":"1 minuta"},"schema":{"@context":"https:\/\/schema.org","@graph":[{"@type":"WebPage","@id":"https:\/\/sustainhuts.eu\/sl\/lokacije\/","url":"https:\/\/sustainhuts.eu\/sl\/lokacije\/","name":"Lokacije - SustainHuts","isPartOf":{"@id":"https:\/\/sustainhuts.eu\/#website"},"datePublished":"2017-06-12T10:04:04+00:00","dateModified":"2017-06-20T13:40:17+00:00","breadcrumb":{"@id":"https:\/\/sustainhuts.eu\/sl\/lokacije\/#breadcrumb"},"inLanguage":"sl-SI","potentialAction":[{"@type":"ReadAction","target":["https:\/\/sustainhuts.eu\/sl\/lokacije\/"]}]},{"@type":"BreadcrumbList","@id":"https:\/\/sustainhuts.eu\/sl\/lokacije\/#breadcrumb","itemListElement":[{"@type":"ListItem","position":1,"name":"Home","item":"https:\/\/sustainhuts.eu\/sl\/"},{"@type":"ListItem","position":2,"name":"Lokacije"}]},{"@type":"WebSite","@id":"https:\/\/sustainhuts.eu\/#website","url":"https:\/\/sustainhuts.eu\/","name":"SustainHuts","description":"Sustainable Mountain Huts","publisher":{"@id":"https:\/\/sustainhuts.eu\/#organization"},"potentialAction":[{"@type":"SearchAction","target":{"@type":"EntryPoint","urlTemplate":"https:\/\/sustainhuts.eu\/?s={search_term_string}"},"query-input":{"@type":"PropertyValueSpecification","valueRequired":true,"valueName":"search_term_string"}}],"inLanguage":"sl-SI"},{"@type":"Organization","@id":"https:\/\/sustainhuts.eu\/#organization","name":"SustainHuts","url":"https:\/\/sustainhuts.eu\/","logo":{"@type":"ImageObject","inLanguage":"sl-SI","@id":"https:\/\/sustainhuts.eu\/#\/schema\/logo\/image\/","url":"https:\/\/sustainhuts.eu\/wp-content\/uploads\/2016\/12\/logo-sustain.png","contentUrl":"https:\/\/sustainhuts.eu\/wp-content\/uploads\/2016\/12\/logo-sustain.png","width":240,"height":147,"caption":"SustainHuts"},"image":{"@id":"https:\/\/sustainhuts.eu\/#\/schema\/logo\/image\/"}}]}},"_links":{"self":[{"href":"https:\/\/sustainhuts.eu\/sl\/wp-json\/wp\/v2\/pages\/556","targetHints":{"allow":["GET"]}}],"collection":[{"href":"https:\/\/sustainhuts.eu\/sl\/wp-json\/wp\/v2\/pages"}],"about":[{"href":"https:\/\/sustainhuts.eu\/sl\/wp-json\/wp\/v2\/types\/page"}],"author":[{"embeddable":true,"href":"https:\/\/sustainhuts.eu\/sl\/wp-json\/wp\/v2\/users\/8"}],"replies":[{"embeddable":true,"href":"https:\/\/sustainhuts.eu\/sl\/wp-json\/wp\/v2\/comments?post=556"}],"version-history":[{"count":3,"href":"https:\/\/sustainhuts.eu\/sl\/wp-json\/wp\/v2\/pages\/556\/revisions"}],"predecessor-version":[{"id":628,"href":"https:\/\/sustainhuts.eu\/sl\/wp-json\/wp\/v2\/pages\/556\/revisions\/628"}],"wp:attachment":[{"href":"https:\/\/sustainhuts.eu\/sl\/wp-json\/wp\/v2\/media?parent=556"}],"curies":[{"name":"wp","href":"https:\/\/api.w.org\/{rel}","templated":true}]}}