{"id":581,"date":"2017-06-12T10:38:13","date_gmt":"2017-06-12T10:38:13","guid":{"rendered":"https:\/\/sustainhuts.eu\/?page_id=581\/"},"modified":"2017-12-21T14:44:59","modified_gmt":"2017-12-21T14:44:59","slug":"projekt","status":"publish","type":"page","link":"https:\/\/sustainhuts.eu\/sl\/projekt\/","title":{"rendered":"Projekt"},"content":{"rendered":"[vc_row css=&#8221;.vc_custom_1456355408550{margin-top: 40px !important;}&#8221;][vc_column]<h2 class=\"vcex-heading vcex-module wpex-text-2xl wpex-font-normal wpex-m-auto wpex-max-w-100 vcex-heading-plain wpex-block wpex-text-center\" style=\"font-size:30px;\"><span class=\"vcex-heading-inner wpex-inline-block wpex-clr\">Life SustainHuts<\/span><\/h2><div class=\"vcex-spacing wpex-w-100 wpex-clear\" style=\"height:10px;\"><\/div>[vc_column_text]\n<p style=\"text-align: center;\">Projekt Life SustainHuts, katerega naziv lahko prevedemo v trajnostne ko\u010de, namerava z energetskega vidika posodobiti in optimizirati devetih planinskih ko\u010d iz \u0161tirih evropskih dr\u017eav (\u0160panija, Italija, Romunija in Slovenija) z namenom zmanj\u0161anja \u0161kodljivih emisij.<\/p>\n[\/vc_column_text][\/vc_column][\/vc_row][vc_row css=&#8221;.vc_custom_1456355415446{margin-bottom: 60px !important;}&#8221;][vc_column width=&#8221;1\/3&#8243;][vc_single_image image=&#8221;186&#8243; img_size=&#8221;350&#215;440&#8243;][\/vc_column][vc_column width=&#8221;2\/3&#8243;][vc_column_text]Energetska posodobitev bo vklju\u010devala optimizacijo upravljanja z energijo v planinski ko\u010di, izbolj\u0161anje izolacije in tehnologije za izkori\u0161\u010danje obnovljivih virov energije. Ena izmed ko\u010d (Bachima\u00f1a, \u0160panija) bo opremljena s celotnim sistemom za proizvodnjo, skladi\u0161\u010denja in uporabo vodika pridobljenega z obnovljivimi viri. Vse izbolj\u0161ava so namenjene izbolj\u0161anju energetske u\u010dinkovitosti za 20\u00a0%, zmanj\u0161anju emisij CO<sub>2<\/sub> za 21 ton in NO<sub>x<\/sub> (du\u0161ikovi oksidi) za 0,5 tone na leto za vsako ko\u010do. Hkrati bo zmanj\u0161ano tudi \u0161tevilo potrebnih helikopterskih prevozov za dostavo goriva, kar bo dodatno zmanj\u0161alo porabo goriva za eno tono na leto za vsako ko\u010do.<\/p>\n<p>Kot rezultat projekta bo izdelana vrsta metodolo\u0161kih napotkov za prenos tehnologij in re\u0161itev, razvitih v demonstracijskih ko\u010dah. Na ta na\u010din bo mogo\u010de izbolj\u0161ave, ki zmanj\u0161ujejo okoljske vplive v prihodnosti uvajati tudi na drugih lokacijah, tako v Evropi kot tudi drugod po svetu.<\/p>\n<p>Projekt bo trajal 4 leta, vodil pa ga bo konzorcij, ki ga sestavljajo: Sklad za razvoj novih vodikovih tehnologij v Aragonu (\u0160panija), Planinska zveza Aragona (\u0160panija), Planinska zveza Italije (Italija), Environment Park (Italija), Planinska zveza Slovenije, Razvojni center za vodikove tehnologije (Slovenija), Univerza v Ljubljani (Slovenija) in Transilvanska Univerza v Bra\u015fovu (Romunija).[\/vc_column_text][\/vc_column][\/vc_row][vc_row full_width=&#8221;stretch_row&#8221; css=&#8221;.vc_custom_1482751232608{border-top-width: 1px !important;border-bottom-width: 1px !important;padding-top: 80px !important;padding-bottom: 10px !important;background-color: #f3f1eb !important;border-top-color: #e6e2d6 !important;border-top-style: solid !important;border-bottom-color: #e6e2d6 !important;border-bottom-style: solid !important;}&#8221;][vc_column][vc_row_inner][vc_column_inner]<h2 class=\"vcex-heading vcex-module wpex-text-2xl wpex-font-normal wpex-m-auto wpex-max-w-100 vcex-heading-plain wpex-block wpex-text-left\" style=\"font-size:30px;\"><span class=\"vcex-heading-inner wpex-inline-block wpex-clr\">Cilji<\/span><\/h2><div class=\"vcex-spacing wpex-w-100 wpex-clear\" style=\"height:20px;\"><\/div>[vc_column_text]\n<ul>\n<li>Ugotavljanje razpolo\u017eljivih energijskih virov v ekstremnih gorskih razmerah.<\/li>\n<li>Na\u010drtovanje in simulacije energetskih sistemov z obnovljivimi viri prilagojenih razli\u010dnim gorskim okoljem.<\/li>\n<li>Na\u010drtovanje vodikovih tehnologij temelje\u010dih na obnovljivih virih energije (proizvodnja vodika z elektrolizo vode, visokotla\u010dno shranjevanje in proizvodnja elektri\u010dne energije z gorivnimi celicami).<\/li>\n<li>Zmanj\u0161anje odvisnosti od fosilnih goriv (dizel).<\/li>\n<li>Izbira in namestitev izolacijskih materialov nove generacije.<\/li>\n<li>Izvajanje in predstavitev nalog v devetih demonstracijskih ko\u010dah, razvr\u0161\u010denih v vi\u0161inske razrede: 1 ko\u010da na nizki nadmorski vi\u0161ini (&lt;1,000 m), 4 ko\u010de na srednji vi\u0161ini (1.000 m &#8211; 2.000 m), 3 ko\u010de na visoki nadmorski vi\u0161ini (2.000 m &#8211; 3.000 m) in 1 ko\u010da na zelo visoki nadmorski vi\u0161ini (&gt; 3.000 m).<\/li>\n<li>Analiza \u017eivljenjskega cikla, katere namen je dolo\u010ditev okoljskih vplivov novih tehnologij v primerjavi z obstoje\u010dim stanjem.<\/li>\n<li>Prenos rezultatov na druga gorska obmo\u010dja.<\/li>\n<li>Dose\u010di velik vpliv projekta v nacionalnih in mednarodnih okvirjih.<\/li>\n<\/ul>\n[\/vc_column_text][\/vc_column_inner][\/vc_row_inner][\/vc_column][\/vc_row][vc_row css=&#8221;.vc_custom_1482750817081{margin-top: 80px !important;margin-bottom: 60px !important;}&#8221;][vc_column]<h2 class=\"vcex-heading vcex-module wpex-text-2xl wpex-font-normal wpex-m-auto wpex-max-w-100 vcex-heading-plain wpex-block wpex-text-center\" style=\"font-size:30px;\"><span class=\"vcex-heading-inner wpex-inline-block wpex-clr\">Pri\u010dakovani rezultati<\/span><\/h2><div class=\"vcex-spacing wpex-w-100 wpex-clear\" style=\"height:10px;\"><\/div>[vc_column_text]\n<p style=\"text-align: center;\">Projekt bo omogo\u010dil 20\u00a0% izbolj\u0161anje energijske u\u010dinkovitosti, zmanj\u0161anje izpustov CO2 za 21 ton in NOx za 0,5 tone na leto za vsako ko\u010do, poleg tega se bo zmanj\u0161alo potrebno \u0161tevilo helikopterskih prevozov za dostavo goriva, kar bo dodatno zmanj\u0161alo letno porabo goriva za 1 tono na ko\u010do.<\/p>\n[\/vc_column_text][\/vc_column][\/vc_row][vc_row full_width=&#8221;stretch_row&#8221; css=&#8221;.vc_custom_1482751232608{border-top-width: 1px !important;border-bottom-width: 1px !important;padding-top: 80px !important;padding-bottom: 10px !important;background-color: #f3f1eb !important;border-top-color: #e6e2d6 !important;border-top-style: solid !important;border-bottom-color: #e6e2d6 !important;border-bottom-style: solid !important;}&#8221;][vc_column]<h2 class=\"vcex-heading vcex-module wpex-text-2xl wpex-font-normal wpex-m-auto wpex-max-w-100 vcex-heading-plain wpex-block wpex-text-left\" style=\"font-size:30px;\"><span class=\"vcex-heading-inner wpex-inline-block wpex-clr\">Dejavnosti<\/span><\/h2><div class=\"vcex-spacing wpex-w-100 wpex-clear\" style=\"height:20px;\"><\/div>[vc_row_inner][vc_column_inner width=&#8221;1\/2&#8243;][vc_column_text]<strong>1.Pripravljalne dejavnosti<\/strong><\/p>\n<p style=\"padding-left: 30px;\">&#8211; Obnovljivi viri energije. Dovoljenja in avtorizacija<\/p>\n<p><strong>2.Nakup\/najem nepremi\u010dnin (ni del projekta SustainHuts)<\/strong><\/p>\n<p><strong>3.Uvajanje tehnologij<\/strong><\/p>\n<p style=\"padding-left: 30px;\">&#8211; Obnovljiva proizvodnja energije<br \/>\n&#8211; Obnovljiva proizvodnja vodika<br \/>\n&#8211; Energijska u\u010dinkovitost in novi izolacijski materiali<br \/>\n&#8211; Izvedba demonstracijskih objektov<br \/>\n&#8211; Analiza \u017eivljenjskih cilkov in okoljskih vplivov<br \/>\n&#8211; Ponovljivost in prenosljivost rezultatov<br \/>\n&#8211; Napotki in postopki za doseganje trajnostnih ko\u010d<\/p>\n[\/vc_column_text][\/vc_column_inner][vc_column_inner width=&#8221;1\/2&#8243;][vc_column_text]<strong>4.Spremljanje vplivov projekta<\/strong><\/p>\n<p style=\"padding-left: 30px;\">&#8211; Spremljanje vplivov dejavnosti v okviru projekta<br \/>\n&#8211; Ovrednotenje dru\u017ebeno-ekonomskih vplivov<\/p>\n<p><strong>5.Obve\u0161\u010danje in diseminacija rezultatov<\/strong><\/p>\n<p style=\"padding-left: 30px;\">&#8211; Razvoj in posodabljanje na\u010drta za diseminacijo in ozave\u0161\u010danje<br \/>\n&#8211; Dodatne dejavnosti za izvajanje na\u010drta<\/p>\n<p><strong>6.Vodenje projekta<\/strong><\/p>\n<p style=\"padding-left: 30px;\">&#8211; Vodenje projekta s strain FHA<br \/>\n&#8211; Na\u010drt za obve\u0161\u010danje in ohranjanje okolja po poteku projekta Life<\/p>\n[\/vc_column_text][\/vc_column_inner][\/vc_row_inner][\/vc_column][\/vc_row]\n","protected":false},"excerpt":{"rendered":"<p>[vc_row css=&#8221;.vc_custom_1456355408550{margin-top: 40px !important;}&#8221;][vc_column][vc_column_text] Projekt Life SustainHuts, katerega naziv lahko prevedemo v trajnostne ko\u010de, namerava z energetskega vidika posodobiti in optimizirati devetih planinskih ko\u010d iz \u0161tirih evropskih dr\u017eav (\u0160panija, Italija, Romunija in Slovenija) z namenom zmanj\u0161anja \u0161kodljivih emisij. [\/vc_column_text][\/vc_column][\/vc_row][vc_row css=&#8221;.vc_custom_1456355415446{margin-bottom: 60px !important;}&#8221;][vc_column width=&#8221;1\/3&#8243;][vc_single_image image=&#8221;186&#8243; img_size=&#8221;350&#215;440&#8243;][\/vc_column][vc_column width=&#8221;2\/3&#8243;][vc_column_text]Energetska posodobitev bo vklju\u010devala optimizacijo upravljanja z energijo v planinski&hellip;<\/p>\n","protected":false},"author":8,"featured_media":0,"parent":0,"menu_order":2,"comment_status":"closed","ping_status":"closed","template":"","meta":{"footnotes":""},"class_list":["post-581","page","type-page","status-publish","hentry","entry","no-media"],"yoast_head":"<!-- This site is optimized with the Yoast SEO plugin v27.3 - https:\/\/yoast.com\/product\/yoast-seo-wordpress\/ -->\n<title>Projekt - SustainHuts<\/title>\n<meta name=\"robots\" content=\"index, follow, max-snippet:-1, max-image-preview:large, max-video-preview:-1\" \/>\n<link rel=\"canonical\" href=\"https:\/\/sustainhuts.eu\/sl\/projekt\/\" \/>\n<meta property=\"og:locale\" content=\"sl_SI\" \/>\n<meta property=\"og:type\" content=\"article\" \/>\n<meta property=\"og:title\" content=\"Projekt - SustainHuts\" \/>\n<meta property=\"og:description\" content=\"[vc_row css=&#8221;.vc_custom_1456355408550{margin-top: 40px !important;}&#8221;][vc_column][vc_column_text] Projekt Life SustainHuts, katerega naziv lahko prevedemo v trajnostne ko\u010de, namerava z energetskega vidika posodobiti in optimizirati devetih planinskih ko\u010d iz \u0161tirih evropskih dr\u017eav (\u0160panija, Italija, Romunija in Slovenija) z namenom zmanj\u0161anja \u0161kodljivih emisij. [\/vc_column_text][\/vc_column][\/vc_row][vc_row css=&#8221;.vc_custom_1456355415446{margin-bottom: 60px !important;}&#8221;][vc_column width=&#8221;1\/3&#8243;][vc_single_image image=&#8221;186&#8243; img_size=&#8221;350&#215;440&#8243;][\/vc_column][vc_column width=&#8221;2\/3&#8243;][vc_column_text]Energetska posodobitev bo vklju\u010devala optimizacijo upravljanja z energijo v planinski&hellip;\" \/>\n<meta property=\"og:url\" content=\"https:\/\/sustainhuts.eu\/sl\/projekt\/\" \/>\n<meta property=\"og:site_name\" content=\"SustainHuts\" \/>\n<meta property=\"article:modified_time\" content=\"2017-12-21T14:44:59+00:00\" \/>\n<meta name=\"twitter:card\" content=\"summary_large_image\" \/>\n<meta name=\"twitter:label1\" content=\"Est. reading time\" \/>\n\t<meta name=\"twitter:data1\" content=\"4 minute\" \/>\n<script type=\"application\/ld+json\" class=\"yoast-schema-graph\">{\"@context\":\"https:\\\/\\\/schema.org\",\"@graph\":[{\"@type\":\"WebPage\",\"@id\":\"https:\\\/\\\/sustainhuts.eu\\\/sl\\\/projekt\\\/\",\"url\":\"https:\\\/\\\/sustainhuts.eu\\\/sl\\\/projekt\\\/\",\"name\":\"Projekt - SustainHuts\",\"isPartOf\":{\"@id\":\"https:\\\/\\\/sustainhuts.eu\\\/sl\\\/#website\"},\"datePublished\":\"2017-06-12T10:38:13+00:00\",\"dateModified\":\"2017-12-21T14:44:59+00:00\",\"breadcrumb\":{\"@id\":\"https:\\\/\\\/sustainhuts.eu\\\/sl\\\/projekt\\\/#breadcrumb\"},\"inLanguage\":\"sl-SI\",\"potentialAction\":[{\"@type\":\"ReadAction\",\"target\":[\"https:\\\/\\\/sustainhuts.eu\\\/sl\\\/projekt\\\/\"]}]},{\"@type\":\"BreadcrumbList\",\"@id\":\"https:\\\/\\\/sustainhuts.eu\\\/sl\\\/projekt\\\/#breadcrumb\",\"itemListElement\":[{\"@type\":\"ListItem\",\"position\":1,\"name\":\"Home\",\"item\":\"https:\\\/\\\/sustainhuts.eu\\\/sl\\\/\"},{\"@type\":\"ListItem\",\"position\":2,\"name\":\"Projekt\"}]},{\"@type\":\"WebSite\",\"@id\":\"https:\\\/\\\/sustainhuts.eu\\\/sl\\\/#website\",\"url\":\"https:\\\/\\\/sustainhuts.eu\\\/sl\\\/\",\"name\":\"SustainHuts\",\"description\":\"Sustainable Mountain Huts\",\"publisher\":{\"@id\":\"https:\\\/\\\/sustainhuts.eu\\\/sl\\\/#organization\"},\"potentialAction\":[{\"@type\":\"SearchAction\",\"target\":{\"@type\":\"EntryPoint\",\"urlTemplate\":\"https:\\\/\\\/sustainhuts.eu\\\/sl\\\/?s={search_term_string}\"},\"query-input\":{\"@type\":\"PropertyValueSpecification\",\"valueRequired\":true,\"valueName\":\"search_term_string\"}}],\"inLanguage\":\"sl-SI\"},{\"@type\":\"Organization\",\"@id\":\"https:\\\/\\\/sustainhuts.eu\\\/sl\\\/#organization\",\"name\":\"SustainHuts\",\"url\":\"https:\\\/\\\/sustainhuts.eu\\\/sl\\\/\",\"logo\":{\"@type\":\"ImageObject\",\"inLanguage\":\"sl-SI\",\"@id\":\"https:\\\/\\\/sustainhuts.eu\\\/sl\\\/#\\\/schema\\\/logo\\\/image\\\/\",\"url\":\"https:\\\/\\\/sustainhuts.eu\\\/wp-content\\\/uploads\\\/2016\\\/12\\\/logo-sustain.png\",\"contentUrl\":\"https:\\\/\\\/sustainhuts.eu\\\/wp-content\\\/uploads\\\/2016\\\/12\\\/logo-sustain.png\",\"width\":240,\"height\":147,\"caption\":\"SustainHuts\"},\"image\":{\"@id\":\"https:\\\/\\\/sustainhuts.eu\\\/sl\\\/#\\\/schema\\\/logo\\\/image\\\/\"}}]}<\/script>\n<!-- \/ Yoast SEO plugin. -->","yoast_head_json":{"title":"Projekt - SustainHuts","robots":{"index":"index","follow":"follow","max-snippet":"max-snippet:-1","max-image-preview":"max-image-preview:large","max-video-preview":"max-video-preview:-1"},"canonical":"https:\/\/sustainhuts.eu\/sl\/projekt\/","og_locale":"sl_SI","og_type":"article","og_title":"Projekt - SustainHuts","og_description":"[vc_row css=&#8221;.vc_custom_1456355408550{margin-top: 40px !important;}&#8221;][vc_column][vc_column_text] Projekt Life SustainHuts, katerega naziv lahko prevedemo v trajnostne ko\u010de, namerava z energetskega vidika posodobiti in optimizirati devetih planinskih ko\u010d iz \u0161tirih evropskih dr\u017eav (\u0160panija, Italija, Romunija in Slovenija) z namenom zmanj\u0161anja \u0161kodljivih emisij. [\/vc_column_text][\/vc_column][\/vc_row][vc_row css=&#8221;.vc_custom_1456355415446{margin-bottom: 60px !important;}&#8221;][vc_column width=&#8221;1\/3&#8243;][vc_single_image image=&#8221;186&#8243; img_size=&#8221;350&#215;440&#8243;][\/vc_column][vc_column width=&#8221;2\/3&#8243;][vc_column_text]Energetska posodobitev bo vklju\u010devala optimizacijo upravljanja z energijo v planinski&hellip;","og_url":"https:\/\/sustainhuts.eu\/sl\/projekt\/","og_site_name":"SustainHuts","article_modified_time":"2017-12-21T14:44:59+00:00","twitter_card":"summary_large_image","twitter_misc":{"Est. reading time":"4 minute"},"schema":{"@context":"https:\/\/schema.org","@graph":[{"@type":"WebPage","@id":"https:\/\/sustainhuts.eu\/sl\/projekt\/","url":"https:\/\/sustainhuts.eu\/sl\/projekt\/","name":"Projekt - SustainHuts","isPartOf":{"@id":"https:\/\/sustainhuts.eu\/sl\/#website"},"datePublished":"2017-06-12T10:38:13+00:00","dateModified":"2017-12-21T14:44:59+00:00","breadcrumb":{"@id":"https:\/\/sustainhuts.eu\/sl\/projekt\/#breadcrumb"},"inLanguage":"sl-SI","potentialAction":[{"@type":"ReadAction","target":["https:\/\/sustainhuts.eu\/sl\/projekt\/"]}]},{"@type":"BreadcrumbList","@id":"https:\/\/sustainhuts.eu\/sl\/projekt\/#breadcrumb","itemListElement":[{"@type":"ListItem","position":1,"name":"Home","item":"https:\/\/sustainhuts.eu\/sl\/"},{"@type":"ListItem","position":2,"name":"Projekt"}]},{"@type":"WebSite","@id":"https:\/\/sustainhuts.eu\/sl\/#website","url":"https:\/\/sustainhuts.eu\/sl\/","name":"SustainHuts","description":"Sustainable Mountain Huts","publisher":{"@id":"https:\/\/sustainhuts.eu\/sl\/#organization"},"potentialAction":[{"@type":"SearchAction","target":{"@type":"EntryPoint","urlTemplate":"https:\/\/sustainhuts.eu\/sl\/?s={search_term_string}"},"query-input":{"@type":"PropertyValueSpecification","valueRequired":true,"valueName":"search_term_string"}}],"inLanguage":"sl-SI"},{"@type":"Organization","@id":"https:\/\/sustainhuts.eu\/sl\/#organization","name":"SustainHuts","url":"https:\/\/sustainhuts.eu\/sl\/","logo":{"@type":"ImageObject","inLanguage":"sl-SI","@id":"https:\/\/sustainhuts.eu\/sl\/#\/schema\/logo\/image\/","url":"https:\/\/sustainhuts.eu\/wp-content\/uploads\/2016\/12\/logo-sustain.png","contentUrl":"https:\/\/sustainhuts.eu\/wp-content\/uploads\/2016\/12\/logo-sustain.png","width":240,"height":147,"caption":"SustainHuts"},"image":{"@id":"https:\/\/sustainhuts.eu\/sl\/#\/schema\/logo\/image\/"}}]}},"_links":{"self":[{"href":"https:\/\/sustainhuts.eu\/sl\/wp-json\/wp\/v2\/pages\/581","targetHints":{"allow":["GET"]}}],"collection":[{"href":"https:\/\/sustainhuts.eu\/sl\/wp-json\/wp\/v2\/pages"}],"about":[{"href":"https:\/\/sustainhuts.eu\/sl\/wp-json\/wp\/v2\/types\/page"}],"author":[{"embeddable":true,"href":"https:\/\/sustainhuts.eu\/sl\/wp-json\/wp\/v2\/users\/8"}],"replies":[{"embeddable":true,"href":"https:\/\/sustainhuts.eu\/sl\/wp-json\/wp\/v2\/comments?post=581"}],"version-history":[{"count":7,"href":"https:\/\/sustainhuts.eu\/sl\/wp-json\/wp\/v2\/pages\/581\/revisions"}],"predecessor-version":[{"id":685,"href":"https:\/\/sustainhuts.eu\/sl\/wp-json\/wp\/v2\/pages\/581\/revisions\/685"}],"wp:attachment":[{"href":"https:\/\/sustainhuts.eu\/sl\/wp-json\/wp\/v2\/media?parent=581"}],"curies":[{"name":"wp","href":"https:\/\/api.w.org\/{rel}","templated":true}]}}