{"id":586,"date":"2017-06-12T10:55:42","date_gmt":"2017-06-12T10:55:42","guid":{"rendered":"https:\/\/sustainhuts.eu\/?page_id=586\/"},"modified":"2017-06-20T13:40:45","modified_gmt":"2017-06-20T13:40:45","slug":"partnerji","status":"publish","type":"page","link":"https:\/\/sustainhuts.eu\/sl\/partnerji\/","title":{"rendered":"Partnerji"},"content":{"rendered":"[vc_row css=&#8221;.vc_custom_1456355408550{margin-top: 40px !important;}&#8221;][vc_column]<h2 class=\"vcex-heading vcex-module wpex-text-2xl wpex-font-normal wpex-m-auto wpex-max-w-100 vcex-heading-plain wpex-block wpex-text-center\" style=\"font-size:30px;\"><span class=\"vcex-heading-inner wpex-inline-block wpex-clr\">Na\u0161i partnerji<\/span><\/h2><div class=\"vcex-spacing wpex-w-100 wpex-clear\" style=\"height:10px;\"><\/div>[vc_column_text]\n<p style=\"text-align: center;\">Projektni partnerji konzorcija, ki bo razvil SUSTAINHUTS prihajajo iz 4 evropskih de\u017eel, konzorcij pa sestavljajo: Fundacija za razvoj novih vodikovih tehnologij iz Aragona \u2013 FHA (\u0160panija &#8211; kordinator), Aragonska planinska zveza \u2013 FAM (\u0160panija), Planinsko dru\u0161tvo Torino (Italija), Environment Park (Italija), Planinska zveza Slovenije, Razvojni center za vodikove tehnologije \u2013 RCVT (Slovenija), Fakulteta za strojni\u0161tvo Univerze v Ljubljani (Slovenija) in Univerza Brasov (Romunija).<\/p>\n[\/vc_column_text][\/vc_column][\/vc_row][vc_row css=&#8221;.vc_custom_1482761150883{margin-top: 30px !important;margin-bottom: 60px !important;}&#8221;][vc_column][vc_tta_accordion style=&#8221;modern&#8221; shape=&#8221;square&#8221; active_section=&#8221;1&#8243;][vc_tta_section title=&#8221;Sklad za razvoj novih vodikovih tehnologij v Aragonu \u2013 FHA (\u0160panija)&#8221; tab_id=&#8221;1482760153551-1afe9221-8726&#8243;][vc_single_image image=&#8221;328&#8243; img_size=&#8221;300&#215;180&#8243; style=&#8221;vc_box_border&#8221; onclick=&#8221;custom_link&#8221; img_link_target=&#8221;_blank&#8221; css=&#8221;.vc_custom_1497010751865{margin-bottom: 15px !important;}&#8221; link=&#8221;http:\/\/www.hidrogenoaragon.org&#8221;][vc_column_text]Sklad za razvoj novih vodikovih tehnologij iz Aragona \u2013 FHA (\u0160panija)\u00a0 je bil ustanovljen na pobudo vlade Aragonske pokrajine za podporo razvoju novih tehnologij v povezavi z obnovljivimi viri energij in vodikom. FHA je zasebna neprofitna organizacija. Trenutni odbor fundacije sestavlja 67 podjetij in ustanov iz razli\u010dnih gospodarskih panog: avtomobilska, kemi\u010dna, proizvodnja elektri\u010dne energije, finan\u010dna, izobra\u017eevalna, in\u017eenirska, raziskovalna, razvojni centri in nepermi\u010dninarstvo. Spodaj so navedeni nekateri najpomembnej\u0161i projekti, ki so bili koordinirani ali razviti s strani FHA preko razli\u017enih EU in nacionalnih projektov:<\/p>\n<ul>\n<li><strong>ELYntegration(coordinator(CO) FHA), 2015\u20132018:<\/strong> Grid Integrated Multi Megawatt High Pressure Alkaline Electrolysers for Energy Applications (GrantNo.671458) FCH-JU.<\/li>\n<li><strong>HY4ALL, 2015\u20132018:<\/strong> HYDROGEN FOR ALL OF EUROPE (GrantNo.671457).<\/li>\n<li><strong>KnowHy, 2014\u20132017:<\/strong> Improving the Knowledge in Hydrogen and Fuel Cell technology for Technicians and Workers (GranNo.621222) FCH-JU.<\/li>\n<li><strong>Flumaback, 2012\u20132015:<\/strong> Fluid Management component improvement for Back up fuel cell systems (GrantNo.301782) FCH-JU.<\/li>\n<li><strong>HyUnder (CO FHA) 2012\u20132014:<\/strong> Assessing the potential, actors and business models of large scale underground hydrogen storage in Europe (GrantNo.303417) FCH-JU.<\/li>\n<li><strong>Elygrid (CO FHA) 2011\u20132014:<\/strong> Improvements to Integrate High Pressure Alkaline electrolyzers for Electricity\/H2 production from Renewable Energies to Balance the GRID (GrantNo. 278824)FCH-JU.<\/li>\n<li><strong>ZEROHYTECHPARK (CO FHA) 2010-2013:<\/strong> Zero emissions using renewable energies and hydrogen technologies in building and sustainable mobility in Technology Parks (LIFE08 ENV\/E\/000136).<\/li>\n<li><strong>Hyprofessionals (CO FHA) 2011-2012:<\/strong> Development of educational programmes and training initiatives related to hydrogen technologies and fuel cells in Europe (GrantNo.256758) FCH-JU.<\/li>\n<li><strong>HYRREG 2009-2011:<\/strong> Platform to promote projects in H2 technologies in South \u2013West Europe SOE1\/P1\/E100Interreg IVB SUDOE Program<\/li>\n<\/ul>\n<p><a href=\"http:\/\/www.hidrogenoaragon.org\" target=\"_blank\" rel=\"noopener noreferrer\"><strong>www.hidrogenoaragon.org<\/strong><\/a>[\/vc_column_text][\/vc_tta_section][vc_tta_section title=&#8221;Planinska zveza Aragona \u2013 FAM (\u0160panija)&#8221; tab_id=&#8221;1482760153594-66ba28de-2c65&#8243;][vc_single_image image=&#8221;336&#8243; img_size=&#8221;300&#215;180&#8243; style=&#8221;vc_box_border&#8221; onclick=&#8221;custom_link&#8221; img_link_target=&#8221;_blank&#8221; css=&#8221;.vc_custom_1497010782471{margin-bottom: 15px !important;}&#8221; link=&#8221;http:\/\/www.fam.es\/&#8221;][vc_column_text]Planinska zveza Aragona (v nadaljevanju FAM) je zasebna neprofitna organizacija v javnem interesu, ki jo sestavljajo \u0161portni klubi, tehniki in \u0161portniki. Cilj FAM je promocijain razvoj \u0161portov v aragonskem gorskem obmo\u010dju. Gorske \u0161porti zajemajo aktivnosti, kot so pohodni\u0161tvo in gorni\u0161tvo, soteskanje, planinarjenje, turno smu\u010danje, krpljanje ter plezalne in gorske dirke.<\/p>\n<p>Poleg tega, FAM opravlja tudi ostale dejavnosti povezane z gorskimi \u0161porti. Med njimi so gradnja, gospodarjenje in vzdr\u017eevanje planinskih ko\u010d. FAM je tudi del \u0161panske zvezne dr\u017eave planinstva in plezanja (FEDME). Dandanes vodi FAM total 15 oskrbovanih ko\u010d in mladinskih hotelov ter 3 bivake, nekatere ko\u010de pa so \u0161e v fazi gradnje.<\/p>\n<p><strong><a href=\"http:\/\/www.fam.es\/\" target=\"_blank\" rel=\"noopener noreferrer\">www.fam.es\/<\/a><\/strong>[\/vc_column_text][\/vc_tta_section][vc_tta_section title=&#8221;Planinska zveza Italije \u2013 CAI (Italija)&#8221; tab_id=&#8221;1482761548993-924e8ada-a9fc&#8221;][vc_single_image image=&#8221;338&#8243; img_size=&#8221;300&#215;180&#8243; style=&#8221;vc_box_border&#8221; onclick=&#8221;custom_link&#8221; img_link_target=&#8221;_blank&#8221; css=&#8221;.vc_custom_1497010801367{margin-bottom: 15px !important;}&#8221; link=&#8221;http:\/\/www.cai.it\/&#8221;][vc_column_text]Planinsko zveza Italije so 1863 v Torinu ustanovili Q. Sella, G. Baracco, P. and G.di S.Robert. CAI je neodvisna nacionalno zdru\u017eenje, k i je odgovorno za gorni\u0161tvo, znanje in \u0161tudije predvsem o Italijanskih gorah ter varstva okolja \u0161e posebno na njihovih dogodkih. Zveza je sestavljena iz ve\u010d lokalnih in regionalnih divizij, kamor spada tudi Planinsko dru\u0161tvo Torino. V osnovi je CAI neprofitna organizacija, medtem ko so vse podru\u017enice subjekti privatnega prava. Nekaj glavnih aktivnosti, v katere je vklju\u010dena CAI:<\/p>\n<ul>\n<li>Organizacija in upravljanje te\u010dajev<\/li>\n<li>Na\u010drtovanje, utiranje in vzdr\u017eevanje poti, zgradb in gorskih postojank<\/li>\n<li>Konstrukcija, vzdr\u017eevanje in upravljanje gorskih ko\u010d in zato\u010di\u0161\u010d, ki so bodisi v lasti CAI ali lokalnih dru\u0161tev. Dandanes upravljajo 761 gorskih ko\u010d z 21 681 le\u017ei\u0161\u010di, medtem ko Planinsko dru\u0161tvo Torino skrbi za 30 od teh ko\u010d.<\/li>\n<li>Postojanke namenjene za patruljiranje in preventivo pred po\u0161kodbami, gornikov, planincev ali jamarjev in pomo\u010d ranjenim, njihovo re\u0161evanje ter okrevanje preko nacionalne alpinisti\u010dne in jamarske re\u0161evalne ekipe.<\/li>\n<li>Znanstvene in izobra\u017eevalne aktivnosti za vedenje in zavedanje o vseh vidikih gorskega okolja kakor tudi pobuda za za\u0161\u010dito in izbolj\u0161evanje doma\u010dega gorskega okolja<\/li>\n<li>Etni\u010dno-kulturna izobra\u017eevanja, \u0161tudije namenjene raz\u0161irjanju znanja o gorskem okolju, gorske fotografije in kinematografije ter ohranjanja alpske kulture.<\/li>\n<\/ul>\n<p>Organizacija in upravljanje profesionalnih izobra\u017eevanj za jamarske vodnike, kot tudi profesionalna izobra\u017eevanja za strokovnjake in opazovalce iz Italijanske slu\u017ebe za plazove.<\/p>\n<p><strong><a href=\"http:\/\/www.cai.it\" target=\"_blank\" rel=\"noopener noreferrer\">www.cai.it<\/a><\/strong>[\/vc_column_text][\/vc_tta_section][vc_tta_section title=&#8221;Environment Park (Italija)&#8221; tab_id=&#8221;1482765579269-d42b7218-9358&#8243;][vc_single_image image=&#8221;340&#8243; img_size=&#8221;300&#215;180&#8243; style=&#8221;vc_box_border&#8221; onclick=&#8221;custom_link&#8221; img_link_target=&#8221;_blank&#8221; css=&#8221;.vc_custom_1497010833483{margin-bottom: 15px !important;}&#8221; link=&#8221;http:\/\/www.envipark.com\/&#8221;][vc_column_text]Environment Park je inovacijski pospe\u0161evalec poslovnega vidika na uporabo ekolo\u0161ko u\u010dinkovitih re\u0161itev in raz\u0161iritev na trgu \u2013 zbiralec idej, ki bodo pripeljale posel korak dlje in postale kompetentne v svetovnem gospodarstvu. Environment Par je javna delni\u0161ka dru\u017eba, ki deluje v skladu s sistemom proste konkurence. Njihove aktivnosti se delijo na dve veji: Inovacije ter razvoj in nepremi\u010dninska dejavnost. Prva veja zagotavlja strokovne tehnolo\u0161ke nasvete in tr\u017ene re\u0161itve na podro\u010dju zelene gradnje, plazemska nanotehnologija, zelena kemija (ukvarjanje z biomaso), napredne energetske re\u0161itve (proizvodnja in skladi\u0161\u010denje energije) in \u010dista tehnologija (prenos tehnologije). Veja nepremi\u010dninske dejavnosti je operativno podro\u010dje Environment Parka, ki se osredoto\u010da na upravljanje in ponovni zagon poslovnega podro\u010dja, ki pokriva 30 000 kvadratnih metrov in zgradb s pribli\u017eno 70 posli namenjenimi tehnolo\u0161kim inovacijam.<\/p>\n<p>EnviPark priskrbi posle in javno administracijo z re\u0161itvami za var\u010devanje z energijo, odlaganje odpadkov, \u010diste energije, novih materialov, zbiranje sredstev za uspe\u0161no revolucionacijo posameznih na\u010dinov delovanja. Dandanes je Environment Park priviligiran govorec poslovne investicije v inovacije, kot posrednik novih tehnologij. To pozicijo si je ustvaril skozi ve\u010d kot 10 letne izku\u0161nje na podro\u010dju proizvodne industrije.<\/p>\n<p><strong><a href=\"http:\/\/www.envipark.com\/\" target=\"_blank\" rel=\"noopener noreferrer\">www.envipark.com\/<\/a><\/strong>[\/vc_column_text][\/vc_tta_section][vc_tta_section title=&#8221;Planinska zveza Slovenije (Slovenija)&#8221; tab_id=&#8221;1482765999376-ba142f66-5b85&#8243;][vc_single_image image=&#8221;342&#8243; img_size=&#8221;300&#215;180&#8243; style=&#8221;vc_box_border&#8221; onclick=&#8221;custom_link&#8221; img_link_target=&#8221;_blank&#8221; css=&#8221;.vc_custom_1497010854759{margin-bottom: 15px !important;}&#8221; link=&#8221;https:\/\/en.pzs.si\/&#8221;][vc_column_text]Slovenska planinsko dru\u0161tvo (SPD), danes znano kot Planinska zveza Slovenije (PZS), je bilo ustanovljeno 1893. V samem za\u010detku je bila glavna naloga SPD za\u0161\u010dita pred tujimi vplivi v Slovenskih gorah in raz\u0161irjanje informacij o Slovenskih gorskih dose\u017ekih. Je eno izmed mnogih nevladnih organizacij v Sloveniji in najve\u010dja izmed \u0161portnih organizacij. Predsednik PZS je gospod Bojan Rotovnik, v zvezi pa deluje 55 150 (podatek za leto 2016) \u010dlanov vseh starostnih skupin. \u0160tevilo mladih planincev do 26. leta starosti zna\u0161a skoraj 17 000. PZS zdru\u017euje 290 planinskih dru\u0161tev, ki upravljajo 179 planinskih ko\u010d, zaveti\u0161\u010d in bivakov s skoraj 7400 le\u017ei\u0161\u010di in ve\u010d kot 10.000 sedi\u0161\u010di. Slovenske gore letno obi\u0161\u010de okoli 1,4 milijona obiskovalcev, ki jim je na voljo mre\u017ea 2.002 planinskih poti v skupni dol\u017eini 10.004 kilometrov po vsej Sloveniji. \u010clan PZS se lahko udele\u017euje raznih planinskih aktivnosti, koristi popuste za preno\u010di\u0161\u010da v ko\u010dah v Sloveniji in Evropi, sklene razli\u010dne tipe zavarovanj in koristi ugodnosti pri nakupih pohodni\u0161ke in gorni\u0161ke opreme. Planinska dru\u0161tva znotraj PZS koordinirajo svoje aktivnosti znotraj 12 regionalnih odborih lokalnih planinskih dru\u0161tev na podro\u010dju Podravja, Zasavja, Koro\u0161ke, Pomurja, Gorenjske, Poso\u010dja, Kamnik-Bistrica, Savinjske, Ljubljane, Notranjske, Primorsko-Notranjske, Dolenjske in Bele Krajine.<\/p>\n<p><a href=\"https:\/\/en.pzs.si\/\" target=\"_blank\" rel=\"noopener noreferrer\"><strong>en.pzs.si<\/strong><\/a>[\/vc_column_text][\/vc_tta_section][vc_tta_section title=&#8221;Razvojni center za vodikove tehnologije \u2013 RCVT (Slovenija)&#8221; tab_id=&#8221;1482766146410-0f23fd6d-925c&#8221;][vc_single_image image=&#8221;345&#8243; img_size=&#8221;300&#215;180&#8243; style=&#8221;vc_box_border&#8221; onclick=&#8221;custom_link&#8221; img_link_target=&#8221;_blank&#8221; css=&#8221;.vc_custom_1497010882146{margin-bottom: 15px !important;}&#8221; link=&#8221;http:\/\/rcvt.si\/en\/&#8221;][vc_column_text]Razvojni center za vodikove tehnologije \u2013 RCVT je bil ustanovljen s strani petih podjetij in dveh raziskovalnih ustanov z namenom pospe\u0161evanja raziskav, razvoja in izvedbe projektov na podro\u010dju vodika in gorivnih celic v Sloveniji. Glavni cilj centra povezati znanje med industrijo in raziskovalnimi in\u0161titucijami. Ostali cilji vklju\u010dujejo zagotavljanje pogojev za prenos znanja, stimulacijo trajnega sodelovanja med raziskavami in poslovnim sektorjem, vplivanje na razvoj dr\u017eavnih politik, organizacijo strokovnih sre\u010danj na temo vodikovih tehnologij in pove\u010devanje dolgoro\u010dne konkuren\u010dnosti Slovenskih podjetij in institucij.<\/p>\n<p>Center je bil ustanovljen s strani najve\u010djega slovenskega distributerja za gorivo Petrol d.d., svetovnega dobavitelja za napredne razvojne re\u0161itve pri elektri\u010dnih motorjih in njihovih nadgradnjah Domel d.o.o., podjetje s podro\u010dja energetskega upravljanja, avtomatizacije in postavljanje informacijskih sistemov Inea d.o.o., proizvajalec in distributer tehni\u010dnih plinov TPJ d.o.o., podjetje ki deluje na podro\u010dju gorivnih celic z protonskimi prevodnimi membranami Mebius d.o.o., najve\u010dji slovenski In\u0161titut Jozef Stefan ter Kemijski in\u0161titut z dvajsetletno tradicijo na podro\u010dju gorivnih celic in vodikovih tehnologij. Vodik je gorivo prihodnosti in ena od glavnih prioritet Evropske unije. Njegova uporaba bo zmanj\u0161ala odvisnost od fosilnih goriv in zna\u010dilno zmanj\u0161ala vpliv tople grede ter ostalih \u0161kodljivih emisij v okolje.<\/p>\n<p><strong><a href=\"http:\/\/rcvt.si\/en\/\" target=\"_blank\" rel=\"noopener noreferrer\">rcvt.si\/en<\/a><\/strong>[\/vc_column_text][\/vc_tta_section][vc_tta_section title=&#8221;Fakulteta za strojni\u0161tvo Univerze v Ljubljani (Slovenija)&#8221; tab_id=&#8221;1482766200854-9062c7ab-2206&#8243;][vc_single_image image=&#8221;348&#8243; img_size=&#8221;300&#215;180&#8243; style=&#8221;vc_box_border&#8221; onclick=&#8221;custom_link&#8221; img_link_target=&#8221;_blank&#8221; css=&#8221;.vc_custom_1497010901218{margin-bottom: 15px !important;}&#8221; link=&#8221;https:\/\/www.fs.uni-lj.si\/en\/&#8221;][vc_column_text]Laboratorij za termoenergetiko (LTE) s Fakultete za strojni\u0161tvo (<a href=\"http:\/\/www.fs.uni-lj.si\/\">http:\/\/www.fs.uni-lj.si\/<\/a>) je del Univerze v Ljubljani. Univerzo s 56 000 diplomskih in podiplomskih \u0161tudentov so vklju\u010deni v ve\u010d kot 130 diplomskih in 110 podiplomskih \u0161tudijskih programih uvr\u0161\u010damo med najve\u010dje na svetu. Laboratorij za termoenergetiko je vodilna institucija za teoreti\u010dno in aplikativno termodinami\u010dno analizo energetskih postrojenj ve\u010djega formata. \u010clani laboratorija sodelujejo z vsemi termoelektrarnami, energetsko intenzivnej\u0161imi panogami industrije, raziskovalnimi in\u0161titucijami in ministrstvi. Glavno podro\u010dje raziskav so povezana s problemi sodobnih energetskih sistemov, kot so ugotavljanje generacije entropije; numeri\u010dno modeliranje, analiza in optimizacija kompleksnih energetskih sistemov; \u0161tudija \u017eivljenjskih ciklov in ugotavljanje vplivov na okolje ter njihovo zmanj\u0161evanje; opredelitev tokovnih in termodinami\u010dnih lastnosti kompleksnih tokov z orodji CFD prera\u010dunov ter termo-ekonomske metode analize za energetske sisteme.<\/p>\n<p>Univerza v Ljubljani je samo v letu 2013 sodelovala v ve\u010d kot 420 EU in drugih mednarodnih projektih, medtem ko je bila Fakulteta za strojni\u0161tvo vklju\u010dena v 51 projektov v istem letu. Laboratorij za termoenergetiko je bila do sedaj vklju\u010dena v en EU projekt in en center odli\u010dnosti, kjer se je vzpostavila povezava med slovenskimi in mednarodnimi partnerji.<\/p>\n<p><strong><a href=\"http:\/\/www.fs.uni-lj.si\/\" target=\"_blank\" rel=\"noopener noreferrer\">www.fs.uni-lj.si<\/a><\/strong>[\/vc_column_text][\/vc_tta_section][vc_tta_section title=&#8221;Univerza Brasov (Romunija)&#8221; tab_id=&#8221;1482766283907-c7007758-3e66&#8243;][vc_single_image image=&#8221;351&#8243; img_size=&#8221;300&#215;180&#8243; style=&#8221;vc_box_border&#8221; css=&#8221;.vc_custom_1483467351351{margin-bottom: 15px !important;}&#8221;][vc_column_text]Transilvansko Univerzo v Brasovu predstavlja znanstveni raziskovalec, prof. dr. Corneliu Marinescu, ki je strokovnjak za obnovljive vire energije, vodja raziskav v laboratoriju POWERLMA, avtor ve\u010d knjig\u00a0 in znanstvenih \u010dlankov (160 s tega podro\u010dja). Ima tudi izku\u0161nje sodelovanjem v dr\u017eavnih in mednarodnih projektih, prete\u017eno opridobljenih na razpisih. Nekateri najpomembnej\u0161i so:<\/p>\n<ul>\n<li><strong>FP6:<\/strong> CRISTAL, Control of renewable integrated systems targeting advanced landmarks, no. 038406\/DG TREN, 2007-2009<\/li>\n<li><strong>Contract Leonardo:<\/strong> Renewable Energy Sources and Environment Friendly ICT Management Tools, no. RO\/02\/B\/F\/PP-141026<\/li>\n<li><strong>Renewable energy sources and their connection in hybrid intelligent networks<\/strong>, IDEI no. 134\/2007, 2007-2010<\/li>\n<li><strong>Intelligent distributed system for technologic resource management of hydropower<\/strong>, Contract Partnerships, no. D1 110004, 2007-2010<\/li>\n<li><strong>Hydro-wind hybrid energy structure<\/strong>, Contract Partnerships, no. D3 21062, 2007-2010<\/li>\n<li><strong>Informatics system support for the design, implementation and control of hybrid energy farms<\/strong>, Contract Partnerships, no. D3 22134, 2008-2011<\/li>\n<li><strong>Microhidro Power Plant Muscel-Campina<\/strong>, Contract no. 166\/2006, 2006-2007<\/li>\n<\/ul>\n<p>Raziskovalna skupina se je udele\u017eila tudi strukturnih skladov v POSDRU projektih Transilvanske univerze: post-doktorski in doktorski \u0161tudij. Raziskovalna skupina je sestavljena iz u\u010diteljev, post-doktorandov, post-doktorskih raziskovalcev in doktorskih \u0161tudentov.[\/vc_column_text][\/vc_tta_section][\/vc_tta_accordion][\/vc_column][\/vc_row]\n","protected":false},"excerpt":{"rendered":"<p>[vc_row css=&#8221;.vc_custom_1456355408550{margin-top: 40px !important;}&#8221;][vc_column][vc_column_text] Projektni partnerji konzorcija, ki bo razvil SUSTAINHUTS prihajajo iz 4 evropskih de\u017eel, konzorcij pa sestavljajo: Fundacija za razvoj novih vodikovih tehnologij iz Aragona \u2013 FHA (\u0160panija &#8211; kordinator), Aragonska planinska zveza \u2013 FAM (\u0160panija), Planinsko dru\u0161tvo Torino (Italija), Environment Park (Italija), Planinska zveza Slovenije, Razvojni center za vodikove tehnologije \u2013 RCVT&hellip;<\/p>\n","protected":false},"author":8,"featured_media":0,"parent":0,"menu_order":4,"comment_status":"closed","ping_status":"closed","template":"","meta":{"footnotes":""},"class_list":["post-586","page","type-page","status-publish","hentry","entry","no-media"],"yoast_head":"<!-- This site is optimized with the Yoast SEO plugin v27.3 - https:\/\/yoast.com\/product\/yoast-seo-wordpress\/ -->\n<title>Partnerji - SustainHuts<\/title>\n<meta name=\"robots\" content=\"index, follow, max-snippet:-1, max-image-preview:large, max-video-preview:-1\" \/>\n<link rel=\"canonical\" href=\"https:\/\/sustainhuts.eu\/sl\/partnerji\/\" \/>\n<meta property=\"og:locale\" content=\"sl_SI\" \/>\n<meta property=\"og:type\" content=\"article\" \/>\n<meta property=\"og:title\" content=\"Partnerji - SustainHuts\" \/>\n<meta property=\"og:description\" content=\"[vc_row css=&#8221;.vc_custom_1456355408550{margin-top: 40px !important;}&#8221;][vc_column][vc_column_text] Projektni partnerji konzorcija, ki bo razvil SUSTAINHUTS prihajajo iz 4 evropskih de\u017eel, konzorcij pa sestavljajo: Fundacija za razvoj novih vodikovih tehnologij iz Aragona \u2013 FHA (\u0160panija &#8211; kordinator), Aragonska planinska zveza \u2013 FAM (\u0160panija), Planinsko dru\u0161tvo Torino (Italija), Environment Park (Italija), Planinska zveza Slovenije, Razvojni center za vodikove tehnologije \u2013 RCVT&hellip;\" \/>\n<meta property=\"og:url\" content=\"https:\/\/sustainhuts.eu\/sl\/partnerji\/\" \/>\n<meta property=\"og:site_name\" content=\"SustainHuts\" \/>\n<meta property=\"article:modified_time\" content=\"2017-06-20T13:40:45+00:00\" \/>\n<meta name=\"twitter:card\" content=\"summary_large_image\" \/>\n<meta name=\"twitter:label1\" content=\"Est. reading time\" \/>\n\t<meta name=\"twitter:data1\" content=\"11 minut\" \/>\n<script type=\"application\/ld+json\" class=\"yoast-schema-graph\">{\"@context\":\"https:\\\/\\\/schema.org\",\"@graph\":[{\"@type\":\"WebPage\",\"@id\":\"https:\\\/\\\/sustainhuts.eu\\\/sl\\\/partnerji\\\/\",\"url\":\"https:\\\/\\\/sustainhuts.eu\\\/sl\\\/partnerji\\\/\",\"name\":\"Partnerji - SustainHuts\",\"isPartOf\":{\"@id\":\"https:\\\/\\\/sustainhuts.eu\\\/#website\"},\"datePublished\":\"2017-06-12T10:55:42+00:00\",\"dateModified\":\"2017-06-20T13:40:45+00:00\",\"breadcrumb\":{\"@id\":\"https:\\\/\\\/sustainhuts.eu\\\/sl\\\/partnerji\\\/#breadcrumb\"},\"inLanguage\":\"sl-SI\",\"potentialAction\":[{\"@type\":\"ReadAction\",\"target\":[\"https:\\\/\\\/sustainhuts.eu\\\/sl\\\/partnerji\\\/\"]}]},{\"@type\":\"BreadcrumbList\",\"@id\":\"https:\\\/\\\/sustainhuts.eu\\\/sl\\\/partnerji\\\/#breadcrumb\",\"itemListElement\":[{\"@type\":\"ListItem\",\"position\":1,\"name\":\"Home\",\"item\":\"https:\\\/\\\/sustainhuts.eu\\\/sl\\\/\"},{\"@type\":\"ListItem\",\"position\":2,\"name\":\"Partnerji\"}]},{\"@type\":\"WebSite\",\"@id\":\"https:\\\/\\\/sustainhuts.eu\\\/#website\",\"url\":\"https:\\\/\\\/sustainhuts.eu\\\/\",\"name\":\"SustainHuts\",\"description\":\"Sustainable Mountain Huts\",\"publisher\":{\"@id\":\"https:\\\/\\\/sustainhuts.eu\\\/#organization\"},\"potentialAction\":[{\"@type\":\"SearchAction\",\"target\":{\"@type\":\"EntryPoint\",\"urlTemplate\":\"https:\\\/\\\/sustainhuts.eu\\\/?s={search_term_string}\"},\"query-input\":{\"@type\":\"PropertyValueSpecification\",\"valueRequired\":true,\"valueName\":\"search_term_string\"}}],\"inLanguage\":\"sl-SI\"},{\"@type\":\"Organization\",\"@id\":\"https:\\\/\\\/sustainhuts.eu\\\/#organization\",\"name\":\"SustainHuts\",\"url\":\"https:\\\/\\\/sustainhuts.eu\\\/\",\"logo\":{\"@type\":\"ImageObject\",\"inLanguage\":\"sl-SI\",\"@id\":\"https:\\\/\\\/sustainhuts.eu\\\/#\\\/schema\\\/logo\\\/image\\\/\",\"url\":\"https:\\\/\\\/sustainhuts.eu\\\/wp-content\\\/uploads\\\/2016\\\/12\\\/logo-sustain.png\",\"contentUrl\":\"https:\\\/\\\/sustainhuts.eu\\\/wp-content\\\/uploads\\\/2016\\\/12\\\/logo-sustain.png\",\"width\":240,\"height\":147,\"caption\":\"SustainHuts\"},\"image\":{\"@id\":\"https:\\\/\\\/sustainhuts.eu\\\/#\\\/schema\\\/logo\\\/image\\\/\"}}]}<\/script>\n<!-- \/ Yoast SEO plugin. -->","yoast_head_json":{"title":"Partnerji - SustainHuts","robots":{"index":"index","follow":"follow","max-snippet":"max-snippet:-1","max-image-preview":"max-image-preview:large","max-video-preview":"max-video-preview:-1"},"canonical":"https:\/\/sustainhuts.eu\/sl\/partnerji\/","og_locale":"sl_SI","og_type":"article","og_title":"Partnerji - SustainHuts","og_description":"[vc_row css=&#8221;.vc_custom_1456355408550{margin-top: 40px !important;}&#8221;][vc_column][vc_column_text] Projektni partnerji konzorcija, ki bo razvil SUSTAINHUTS prihajajo iz 4 evropskih de\u017eel, konzorcij pa sestavljajo: Fundacija za razvoj novih vodikovih tehnologij iz Aragona \u2013 FHA (\u0160panija &#8211; kordinator), Aragonska planinska zveza \u2013 FAM (\u0160panija), Planinsko dru\u0161tvo Torino (Italija), Environment Park (Italija), Planinska zveza Slovenije, Razvojni center za vodikove tehnologije \u2013 RCVT&hellip;","og_url":"https:\/\/sustainhuts.eu\/sl\/partnerji\/","og_site_name":"SustainHuts","article_modified_time":"2017-06-20T13:40:45+00:00","twitter_card":"summary_large_image","twitter_misc":{"Est. reading time":"11 minut"},"schema":{"@context":"https:\/\/schema.org","@graph":[{"@type":"WebPage","@id":"https:\/\/sustainhuts.eu\/sl\/partnerji\/","url":"https:\/\/sustainhuts.eu\/sl\/partnerji\/","name":"Partnerji - SustainHuts","isPartOf":{"@id":"https:\/\/sustainhuts.eu\/#website"},"datePublished":"2017-06-12T10:55:42+00:00","dateModified":"2017-06-20T13:40:45+00:00","breadcrumb":{"@id":"https:\/\/sustainhuts.eu\/sl\/partnerji\/#breadcrumb"},"inLanguage":"sl-SI","potentialAction":[{"@type":"ReadAction","target":["https:\/\/sustainhuts.eu\/sl\/partnerji\/"]}]},{"@type":"BreadcrumbList","@id":"https:\/\/sustainhuts.eu\/sl\/partnerji\/#breadcrumb","itemListElement":[{"@type":"ListItem","position":1,"name":"Home","item":"https:\/\/sustainhuts.eu\/sl\/"},{"@type":"ListItem","position":2,"name":"Partnerji"}]},{"@type":"WebSite","@id":"https:\/\/sustainhuts.eu\/#website","url":"https:\/\/sustainhuts.eu\/","name":"SustainHuts","description":"Sustainable Mountain Huts","publisher":{"@id":"https:\/\/sustainhuts.eu\/#organization"},"potentialAction":[{"@type":"SearchAction","target":{"@type":"EntryPoint","urlTemplate":"https:\/\/sustainhuts.eu\/?s={search_term_string}"},"query-input":{"@type":"PropertyValueSpecification","valueRequired":true,"valueName":"search_term_string"}}],"inLanguage":"sl-SI"},{"@type":"Organization","@id":"https:\/\/sustainhuts.eu\/#organization","name":"SustainHuts","url":"https:\/\/sustainhuts.eu\/","logo":{"@type":"ImageObject","inLanguage":"sl-SI","@id":"https:\/\/sustainhuts.eu\/#\/schema\/logo\/image\/","url":"https:\/\/sustainhuts.eu\/wp-content\/uploads\/2016\/12\/logo-sustain.png","contentUrl":"https:\/\/sustainhuts.eu\/wp-content\/uploads\/2016\/12\/logo-sustain.png","width":240,"height":147,"caption":"SustainHuts"},"image":{"@id":"https:\/\/sustainhuts.eu\/#\/schema\/logo\/image\/"}}]}},"_links":{"self":[{"href":"https:\/\/sustainhuts.eu\/sl\/wp-json\/wp\/v2\/pages\/586","targetHints":{"allow":["GET"]}}],"collection":[{"href":"https:\/\/sustainhuts.eu\/sl\/wp-json\/wp\/v2\/pages"}],"about":[{"href":"https:\/\/sustainhuts.eu\/sl\/wp-json\/wp\/v2\/types\/page"}],"author":[{"embeddable":true,"href":"https:\/\/sustainhuts.eu\/sl\/wp-json\/wp\/v2\/users\/8"}],"replies":[{"embeddable":true,"href":"https:\/\/sustainhuts.eu\/sl\/wp-json\/wp\/v2\/comments?post=586"}],"version-history":[{"count":4,"href":"https:\/\/sustainhuts.eu\/sl\/wp-json\/wp\/v2\/pages\/586\/revisions"}],"predecessor-version":[{"id":590,"href":"https:\/\/sustainhuts.eu\/sl\/wp-json\/wp\/v2\/pages\/586\/revisions\/590"}],"wp:attachment":[{"href":"https:\/\/sustainhuts.eu\/sl\/wp-json\/wp\/v2\/media?parent=586"}],"curies":[{"name":"wp","href":"https:\/\/api.w.org\/{rel}","templated":true}]}}